	
	
	
	
{"id":6580,"date":"2023-06-14T16:40:45","date_gmt":"2023-06-14T14:40:45","guid":{"rendered":"https:\/\/www.grintoura.fr\/product\/croq-nature-boutique-dietetique\/"},"modified":"2023-06-15T10:36:49","modified_gmt":"2023-06-15T08:36:49","slug":"croq-nature-boutique-dietetique","status":"publish","type":"product","link":"https:\/\/www.grintoura.fr\/en\/product\/croq-nature-boutique-dietetique\/","title":{"rendered":"Croq\u2019 Nature \u2013 Boutique di\u00e9t\u00e9tique"},"content":{"rendered":"<p><strong>Magasin\u00a0di\u00e9t\u00e9tique et s\u00e9ances de d\u00e9tox pr\u00e8s de Fr\u00e9jus<\/strong><\/p>\n<p>Croq&rsquo;Nature\u00a0vous accueille dans son \u00e9picerie\u00a0bio\u00a0situ\u00e9e \u00e0 Saint-Aygulf\u00a0entre Fr\u00e9jus\u00a0et Sainte-Maxime\u00a0dans le d\u00e9partement du Var\u00a0( 83).<br \/>\nCr\u00e9\u00e9e en 1992, Croq&rsquo;Nature est une boutique sp\u00e9cialis\u00e9e dans les compl\u00e9ments alimentaires, l&rsquo;alimentation et la cosm\u00e9tique bio ainsi que les produits sans gluten. Experte depuis 31 ans, la boutique Croq&rsquo;Nature saura vous apporter ses conseils et vous aidera dans le choix de vos compl\u00e9ments alimentaires, soins naturels pour votre corps ou encore les produits adapt\u00e9s \u00e0 votre alimentation.<br \/>\nPrenez\u00a0le temps de prendre rendez-vous pour des soins\u00a0d\u00e9tox.\u00a0En effet, Croq&rsquo;Nature\u00a0vous propose des bains de pieds d\u00e9toxifiants\u00a0pour votre organisme ainsi que des s\u00e9ances\u00a0d&rsquo;iridologie\u00a0qui permettent de diagnostiquer les diff\u00e9rents troubles de l&rsquo;organisme par une photo de l\u2019\u0153il et une analyse d\u00e9taill\u00e9e.<br \/>\nAfin\u00a0de renforcer ses conseils, Catherine a\u00a0fait plusieurs formations d\u2019iridologie, soucieuse de vous fournir des prestations de qualit\u00e9. Catherine met toutes ses connaissances et son savoir-faire \u00e0 votre disposition pour vous conseiller.<\/p>\n<p>&nbsp;<\/p>","protected":false},"excerpt":{"rendered":"<p>Magasin\u00a0di\u00e9t\u00e9tique et s\u00e9ances de d\u00e9tox pr\u00e8s de Fr\u00e9jus Croq&rsquo;Nature\u00a0vous accueille dans son \u00e9picerie\u00a0bio\u00a0situ\u00e9e \u00e0 Saint-Aygulf\u00a0entre Fr\u00e9jus\u00a0et Sainte-Maxime\u00a0dans le d\u00e9partement du Var\u00a0( 83). Cr\u00e9\u00e9e en 1992, Croq&rsquo;Nature est une boutique sp\u00e9cialis\u00e9e dans les compl\u00e9ments alimentaires, l&rsquo;alimentation et la cosm\u00e9tique bio ainsi que les produits sans gluten. Experte depuis 31 ans, la boutique Croq&rsquo;Nature saura vous apporter [&hellip;]<\/p>","protected":false},"featured_media":0,"template":"","meta":[],"product_cat":[21],"product_tag":[],"_links":{"self":[{"href":"https:\/\/www.grintoura.fr\/en\/wp-json\/wp\/v2\/product\/6580"}],"collection":[{"href":"https:\/\/www.grintoura.fr\/en\/wp-json\/wp\/v2\/product"}],"about":[{"href":"https:\/\/www.grintoura.fr\/en\/wp-json\/wp\/v2\/types\/product"}],"wp:attachment":[{"href":"https:\/\/www.grintoura.fr\/en\/wp-json\/wp\/v2\/media?parent=6580"}],"wp:term":[{"taxonomy":"product_cat","embeddable":true,"href":"https:\/\/www.grintoura.fr\/en\/wp-json\/wp\/v2\/product_cat?post=6580"},{"taxonomy":"product_tag","embeddable":true,"href":"https:\/\/www.grintoura.fr\/en\/wp-json\/wp\/v2\/product_tag?post=6580"}],"curies":[{"name":"wp","href":"https:\/\/api.w.org\/{rel}","templated":true}]}}