	
	
	
	
{"id":6525,"date":"2023-06-09T16:29:12","date_gmt":"2023-06-09T14:29:12","guid":{"rendered":"https:\/\/www.grintoura.fr\/product\/perouges-pillard-potiers-atelier-galerie\/"},"modified":"2023-06-09T16:29:12","modified_gmt":"2023-06-09T14:29:12","slug":"perouges-pillard-potiers-atelier-galerie","status":"publish","type":"product","link":"https:\/\/www.grintoura.fr\/en\/product\/perouges-pillard-potiers-atelier-galerie\/","title":{"rendered":"P\u00e9rouges Pillard Potiers \u2013 Atelier Galerie"},"content":{"rendered":"<p><strong>Voyage dans le temps et dans la mati\u00e8re.<\/strong><\/p>\n<p>Depuis plus de 50 ans, au sein de la cit\u00e9 m\u00e9di\u00e9vale de P\u00e9rouges, mon\u00a0travail est une recherche permanente des formes et de la\u00a0mati\u00e8re.<\/p>\n<p>\u200b<\/p>\n<p>En h\u00e9ritage de l\u2019Atelier de Serge et Ren\u00e9e PILLARD, mes cr\u00e9ations marient savoir-faire traditionnel et expression sculpturale contemporaine.<\/p>\n<p>\u200b<\/p>\n<p>J&#8217;emploie essentiellement les gr\u00e8s chamott\u00e9s et des\u00a0engobes de terres puis\u00e9es dans la nature, associ\u00e9s \u00e0 quelques\u00a0oxydes pour approfondir les nuances et des grains de marnes pour pigmenter les surfaces.<\/p>\n<p>\u200b<\/p>\n<p>Mes cr\u00e9ations sont en gr\u00e9s, cuites \u00e0 1300\u00b0 dans un four \u00e0 gaz, pour exploiter la richesse des cuissons en r\u00e9duction, faisant ressortir les mati\u00e8res et les couleurs.<\/p>\n<p>\u200b<\/p>\n<p>Inspir\u00e9es de la nature et de l&rsquo;architecture, mes cr\u00e9ations sont tour \u00e0 tour aux lignes organiques ou structur\u00e9es. Les formes et les textures se veulent rugueuses et sensuelles, jouant des ombres et de la\u00a0lumi\u00e8re.<\/p>","protected":false},"excerpt":{"rendered":"<p>Voyage dans le temps et dans la mati\u00e8re. Depuis plus de 50 ans, au sein de la cit\u00e9 m\u00e9di\u00e9vale de P\u00e9rouges, mon\u00a0travail est une recherche permanente des formes et de la\u00a0mati\u00e8re. \u200b En h\u00e9ritage de l\u2019Atelier de Serge et Ren\u00e9e PILLARD, mes cr\u00e9ations marient savoir-faire traditionnel et expression sculpturale contemporaine. \u200b J&#8217;emploie essentiellement les gr\u00e8s [&hellip;]<\/p>","protected":false},"featured_media":0,"template":"","meta":[],"product_cat":[21],"product_tag":[],"_links":{"self":[{"href":"https:\/\/www.grintoura.fr\/en\/wp-json\/wp\/v2\/product\/6525"}],"collection":[{"href":"https:\/\/www.grintoura.fr\/en\/wp-json\/wp\/v2\/product"}],"about":[{"href":"https:\/\/www.grintoura.fr\/en\/wp-json\/wp\/v2\/types\/product"}],"wp:attachment":[{"href":"https:\/\/www.grintoura.fr\/en\/wp-json\/wp\/v2\/media?parent=6525"}],"wp:term":[{"taxonomy":"product_cat","embeddable":true,"href":"https:\/\/www.grintoura.fr\/en\/wp-json\/wp\/v2\/product_cat?post=6525"},{"taxonomy":"product_tag","embeddable":true,"href":"https:\/\/www.grintoura.fr\/en\/wp-json\/wp\/v2\/product_tag?post=6525"}],"curies":[{"name":"wp","href":"https:\/\/api.w.org\/{rel}","templated":true}]}}