	
	
	
	
{"id":6368,"date":"2023-05-19T06:57:59","date_gmt":"2023-05-19T04:57:59","guid":{"rendered":"https:\/\/www.grintoura.fr\/product\/les-tambours-de-jadhyane\/"},"modified":"2023-05-19T06:57:59","modified_gmt":"2023-05-19T04:57:59","slug":"les-tambours-de-jadhyane","status":"publish","type":"product","link":"https:\/\/www.grintoura.fr\/en\/product\/les-tambours-de-jadhyane\/","title":{"rendered":"Les tambours de Jadhyane"},"content":{"rendered":"<p>Pour moi un tambour est beaucoup plus qu\u2019un instrument de musique, il est un alli\u00e9 pr\u00e9cieux dans une d\u00e9marche spirituelle individuelle aussi bien que collective car il favorise la r\u00e9union de mes fr\u00e8res et s\u0153urs.<br \/>\nC\u2019est pour cela que la fabrication de chaque tambour est particuli\u00e8rement soign\u00e9e.<br \/>\nJe con\u00e7ois et fabrique moi-m\u00eame tous mes tambours (les tambours am\u00e9rindiens ou Tewegan sont maintenant appel\u00e9s tambours chamaniques) de fa\u00e7on traditionnelle, artisanale,\u00a0 locale et \u00e9cologique*, dans le respect des animaux, des v\u00e9g\u00e9taux et de la plan\u00e8te.<br \/>\nJe travaille les peaux fra\u00eeches et crues que je d\u00e9graisse, \u00e9charne et traite avec des produits naturels d\u2019origine v\u00e9g\u00e9tale, puis je les tanne de fa\u00e7on traditionnelle avec des produits 100 % naturels.<\/p>\n<p>Je fais les d\u00e9cors avec diverses essences v\u00e9g\u00e9tales et les dessins au feutre ou \u00e0 la teinture, quelquefois \u00e0 la peinture.<br \/>\n* Les peaux proviennent de cervid\u00e9s sauvages (cerf, biche, chevreuil) des for\u00eats Dordognaises environnantes, je tanne \u00e9galement des peaux de cheval, d\u2019\u00e2ne, de vache, de ch\u00e8vre et de bison (originaires de Dordogne aussi).<br \/>\nle bois pour les cadres est pr\u00e9lev\u00e9 dans diff\u00e9rentes for\u00eats environnantes par une scierie Dordognaise artisanale locale et la corde provient d\u2019une corderie artisanale en Corr\u00e8ze (30 min de mon lieu de travail).\u00a0\u00bb<br \/>\nJe n\u2019utilise aucun produit chimique except\u00e9 la colle \u00e0 bois pour les cadres, que je fabrique, teinte et cire avec des produits<br \/>\n100 % naturels\u00a0\u00bb.<\/p>\n<p>&nbsp;<\/p>","protected":false},"excerpt":{"rendered":"<p>Pour moi un tambour est beaucoup plus qu\u2019un instrument de musique, il est un alli\u00e9 pr\u00e9cieux dans une d\u00e9marche spirituelle individuelle aussi bien que collective car il favorise la r\u00e9union de mes fr\u00e8res et s\u0153urs. C\u2019est pour cela que la fabrication de chaque tambour est particuli\u00e8rement soign\u00e9e. Je con\u00e7ois et fabrique moi-m\u00eame tous mes tambours [&hellip;]<\/p>","protected":false},"featured_media":0,"template":"","meta":[],"product_cat":[21],"product_tag":[],"_links":{"self":[{"href":"https:\/\/www.grintoura.fr\/en\/wp-json\/wp\/v2\/product\/6368"}],"collection":[{"href":"https:\/\/www.grintoura.fr\/en\/wp-json\/wp\/v2\/product"}],"about":[{"href":"https:\/\/www.grintoura.fr\/en\/wp-json\/wp\/v2\/types\/product"}],"wp:attachment":[{"href":"https:\/\/www.grintoura.fr\/en\/wp-json\/wp\/v2\/media?parent=6368"}],"wp:term":[{"taxonomy":"product_cat","embeddable":true,"href":"https:\/\/www.grintoura.fr\/en\/wp-json\/wp\/v2\/product_cat?post=6368"},{"taxonomy":"product_tag","embeddable":true,"href":"https:\/\/www.grintoura.fr\/en\/wp-json\/wp\/v2\/product_tag?post=6368"}],"curies":[{"name":"wp","href":"https:\/\/api.w.org\/{rel}","templated":true}]}}