	
	
	
	
{"id":6363,"date":"2023-05-19T06:38:46","date_gmt":"2023-05-19T04:38:46","guid":{"rendered":"https:\/\/www.grintoura.fr\/product\/ecole-plantasante\/"},"modified":"2023-05-19T06:39:39","modified_gmt":"2023-05-19T04:39:39","slug":"ecole-plantasante","status":"publish","type":"product","link":"https:\/\/www.grintoura.fr\/en\/product\/ecole-plantasante\/","title":{"rendered":"Ecole Plantasant\u00e9"},"content":{"rendered":"<p>L\u2019\u00e9cole Plantasant\u00e9 a \u00e9t\u00e9 cr\u00e9\u00e9e en 2009 par Christian BUSSER, Docteur en Pharmacie, Docteur en Ethnologie, apr\u00e8s avoir dirig\u00e9 pendant une dizaine d\u2019ann\u00e9es les Laboratoires Weleda, puis cr\u00e9\u00e9 en 1991 avec son \u00e9pouse Elisabeth BUSSER la Pharmacie BUSSER (Pharmacie des Cigognes) \u00e0 Obernai, sp\u00e9cialis\u00e9e en m\u00e9decines naturelles (herboristerie, aromath\u00e9rapie, pr\u00e9parations).<\/p>\n<p><strong>Le Jardin Botanique de l\u2019\u00c9cole Plantasant\u00e9<\/strong><\/p>\n<p>D\u00e9couvrez \u00e0 Rosheim, sur le site de l\u2019\u00c9cole Plantasant\u00e9, le Jardin Botanique rassemblant plus de 250 plantes m\u00e9dicinales et aromatiques aux multiples propri\u00e9t\u00e9s.<\/p>\n<p>Le Jardin Botanique permet d\u2019observer les plantes directement sur place, et d\u00e9couvrir leur \u00e9volution tout au long de l\u2019ann\u00e9e.<\/p>\n<p>Le Groupe Jardinage, ouvert \u00e0 tous les \u00e9tudiants de l\u2019\u00c9cole Plantasant\u00e9 (anciens et actuels) permet de participer \u00e0 quelques belles journ\u00e9es tr\u00e8s agr\u00e9ables autour du jardin.<\/p>\n<p>&nbsp;<\/p>\n<p>&nbsp;<\/p>","protected":false},"excerpt":{"rendered":"<p>L\u2019\u00e9cole Plantasant\u00e9 a \u00e9t\u00e9 cr\u00e9\u00e9e en 2009 par Christian BUSSER, Docteur en Pharmacie, Docteur en Ethnologie, apr\u00e8s avoir dirig\u00e9 pendant une dizaine d\u2019ann\u00e9es les Laboratoires Weleda, puis cr\u00e9\u00e9 en 1991 avec son \u00e9pouse Elisabeth BUSSER la Pharmacie BUSSER (Pharmacie des Cigognes) \u00e0 Obernai, sp\u00e9cialis\u00e9e en m\u00e9decines naturelles (herboristerie, aromath\u00e9rapie, pr\u00e9parations). Le Jardin Botanique de l\u2019\u00c9cole [&hellip;]<\/p>","protected":false},"featured_media":0,"template":"","meta":[],"product_cat":[21],"product_tag":[],"_links":{"self":[{"href":"https:\/\/www.grintoura.fr\/en\/wp-json\/wp\/v2\/product\/6363"}],"collection":[{"href":"https:\/\/www.grintoura.fr\/en\/wp-json\/wp\/v2\/product"}],"about":[{"href":"https:\/\/www.grintoura.fr\/en\/wp-json\/wp\/v2\/types\/product"}],"wp:attachment":[{"href":"https:\/\/www.grintoura.fr\/en\/wp-json\/wp\/v2\/media?parent=6363"}],"wp:term":[{"taxonomy":"product_cat","embeddable":true,"href":"https:\/\/www.grintoura.fr\/en\/wp-json\/wp\/v2\/product_cat?post=6363"},{"taxonomy":"product_tag","embeddable":true,"href":"https:\/\/www.grintoura.fr\/en\/wp-json\/wp\/v2\/product_tag?post=6363"}],"curies":[{"name":"wp","href":"https:\/\/api.w.org\/{rel}","templated":true}]}}