	
	
	
	
{"id":6289,"date":"2023-05-14T21:43:28","date_gmt":"2023-05-14T19:43:28","guid":{"rendered":"https:\/\/www.grintoura.fr\/product\/eyez4eyez-jewelry\/"},"modified":"2023-05-14T21:43:28","modified_gmt":"2023-05-14T19:43:28","slug":"eyez4eyez-jewelry","status":"publish","type":"product","link":"https:\/\/www.grintoura.fr\/en\/product\/eyez4eyez-jewelry\/","title":{"rendered":"Eyez4eyeZ Jewelry"},"content":{"rendered":"<p>\u201cDepuis longtemps passionn\u00e9 par la cr\u00e9ation de bijoux en argent, les pierres naturelles et la\u00a0lithoth\u00e9rapie, j\u2019ai d\u00e9cid\u00e9 d\u2019ouvrir ma propre boutique, alliant cr\u00e9ations uniques et gemmes, afin de vous proposer des bijoux \u00e9co-responsablesconjuguant \u00e9l\u00e9gance, singularit\u00e9 et bienfaits des pierres naturelles.<\/p>\n<p>Ainsi en 2020, apr\u00e8s une formation en Droit Europ\u00e9en et des voyages en tant que moniteur de plong\u00e9e, j\u2019ai souhait\u00e9 cr\u00e9er ma marque de bijoux Eyez4eyeZ, comme pour signifier le fait de mettre mes yeux au service de ceux f\u00e9rus de bijoux en argent.\u00a0Durant mes nombreux voyages et exp\u00e9riences, j\u2019ai appris une mani\u00e8re toute particuli\u00e8re de faire, que ce soit par les techniques traditionnelles indiennes ou par l\u2019utilisation de mat\u00e9riaux insolites, en plus des gemmes. Tous mes bijouxsont uniques et enti\u00e8rement faits \u00e0 la main, sans fonte et surtout sans production de masse.<\/p>\n<p>Par ailleurs, en plus d\u2019utiliser des pierres \u00ab m\u00e9diums \u00bb\u00a0utilis\u00e9es\u00a0en\u00a0lithoth\u00e9rapie\u00a0pour leurs bienfaits, j\u2019utilise \u00e9galement divers ornements qui d\u00e9tonnent de l\u2019offre actuelle.\u00a0En effet, j\u2019utilise notamment des coquillages\u00a0(\u0153il de Sainte-Lucie aussi appel\u00e9 \u0153il de Shiva,\u00a0couries\u2026)\u00a0mais aussi du verre d\u00e9poli par la mer, glan\u00e9s sur les plages d\u2019Asie du Sud-Est, ou encore de la pierre de lave ramass\u00e9e par mes soins en Islande, que je dore moi-m\u00eame \u00e0 la feuille d\u2019or.<\/p>\n<p>Je m\u2019 inscris ainsi dans une d\u00e9marche dite d\u2019upcycling\u00a0pour revaloriser des objets insolites et les mettre en valeur sur mes bijoux en argent.\u00a0Mais aussi \u00e9co-responsable\u00a0puisque mon packaging refl\u00e8te ce\u00a0parti-pris\u00a0:\u00a0bo\u00eetes en papier kraft, sacs en toile de\u00a0jute\u00a0fabriqu\u00e9s \u00e0 partir de coton recycl\u00e9, bannissement du plastique au profit de tampons encreurs et sceaux \u00e0 la cire pour apposer ma marque.<\/p>\n<p>En somme, je vous propose un des cr\u00e9ations exclusives, mettant l\u2019accent sur le fait-main et la lithoth\u00e9rapie. De plus, mon univers d\u2019inspiration r\u00e9solument marine, a vocation \u00e0 sensibiliser \u00e0 la pr\u00e9servation des oc\u00e9ans et par l\u00e0-m\u00eame de la plan\u00e8te !<\/p>\n<p>Tous les bijoux d\u2019Eyez4eyeZ sont uniques et enti\u00e8rement faits \u00e0 la main, sans proc\u00e9d\u00e9 de fonte et surtout sans production de masse. Eyez4eyeZ s\u2019inscrit dans une d\u00e9marche d\u2019upcycling en vous proposant des bijoux en argent avec une v\u00e9ritable d\u00e9marche \u00e9co-responsable.\u201d<\/p>\n<p>Maxime Labat<\/p>","protected":false},"excerpt":{"rendered":"<p>\u201cDepuis longtemps passionn\u00e9 par la cr\u00e9ation de bijoux en argent, les pierres naturelles et la\u00a0lithoth\u00e9rapie, j\u2019ai d\u00e9cid\u00e9 d\u2019ouvrir ma propre boutique, alliant cr\u00e9ations uniques et gemmes, afin de vous proposer des bijoux \u00e9co-responsablesconjuguant \u00e9l\u00e9gance, singularit\u00e9 et bienfaits des pierres naturelles. Ainsi en 2020, apr\u00e8s une formation en Droit Europ\u00e9en et des voyages en tant que [&hellip;]<\/p>","protected":false},"featured_media":0,"template":"","meta":[],"product_cat":[21],"product_tag":[],"_links":{"self":[{"href":"https:\/\/www.grintoura.fr\/en\/wp-json\/wp\/v2\/product\/6289"}],"collection":[{"href":"https:\/\/www.grintoura.fr\/en\/wp-json\/wp\/v2\/product"}],"about":[{"href":"https:\/\/www.grintoura.fr\/en\/wp-json\/wp\/v2\/types\/product"}],"wp:attachment":[{"href":"https:\/\/www.grintoura.fr\/en\/wp-json\/wp\/v2\/media?parent=6289"}],"wp:term":[{"taxonomy":"product_cat","embeddable":true,"href":"https:\/\/www.grintoura.fr\/en\/wp-json\/wp\/v2\/product_cat?post=6289"},{"taxonomy":"product_tag","embeddable":true,"href":"https:\/\/www.grintoura.fr\/en\/wp-json\/wp\/v2\/product_tag?post=6289"}],"curies":[{"name":"wp","href":"https:\/\/api.w.org\/{rel}","templated":true}]}}