	
	
	
	
{"id":5865,"date":"2023-04-22T06:39:12","date_gmt":"2023-04-22T04:39:12","guid":{"rendered":"https:\/\/www.grintoura.fr\/product\/les-idecolos-un-quotidien-zero-dechet\/"},"modified":"2023-04-22T06:39:36","modified_gmt":"2023-04-22T04:39:36","slug":"les-idecolos-un-quotidien-zero-dechet","status":"publish","type":"product","link":"https:\/\/www.grintoura.fr\/en\/product\/les-idecolos-un-quotidien-zero-dechet\/","title":{"rendered":"Les Idecolos Un quotidien z\u00e9ro d\u00e9chet"},"content":{"rendered":"<p>Poussons ensemble la porte du monde du z\u00e9ro d\u00e9chet<\/p>\n<p>Bee \u00e9colo, c&rsquo;est \u00eatre local ! Tous nos produits sont fabriqu\u00e9s dans le Sud de la France, \u00e0 Toulouse, et ce \u00e0 partir de tissus europ\u00e9ens et pour la grande majorit\u00e9 Oeko-tex.<\/p>\n<p>Bee \u00e9colo, c&rsquo;est aussi \u00eatre \u00e9coresponsable ! Nous nous engageons \u00e0 faire des produits respectueux de la nature et de l&rsquo;environnement dans le but de faire adopter les bons gestes \u00e9co-responsables dans votre quotidien.\u00a0 Un seul \u00e9co-bambou permet d&rsquo;\u00e9viter de jeter des centaines de cotons \u00e0 d\u00e9maquiller jetables\u2026<\/p>\n<p>Bee \u00e9colo, c&rsquo;est \u00eatre durable ! Nos \u00e9co-bambous et autres accessoires sont tous lavables et donc r\u00e9utilisables. Bien entretenus, ils peuvent \u00eatre utilis\u00e9s quasi \u00e0 l&rsquo;infini !<\/p>\n<p>Les \u00e9co-bambous Les id\u00e9colos et autres accessoires z\u00e9ro d\u00e9chet sont lavables et r\u00e9utilisables et remplacent de nombreux produits jetables<\/p>\n<p>Notre cr\u00e9atrice r\u00e9alise ses cr\u00e9ations \u00e0 la main sans exception et ce \u00e0 partir de mat\u00e9riaux naturels fran\u00e7ais<\/p>\n<p>\u200b<\/p>\n<p>&nbsp;<\/p>","protected":false},"excerpt":{"rendered":"<p>Poussons ensemble la porte du monde du z\u00e9ro d\u00e9chet Bee \u00e9colo, c&rsquo;est \u00eatre local ! Tous nos produits sont fabriqu\u00e9s dans le Sud de la France, \u00e0 Toulouse, et ce \u00e0 partir de tissus europ\u00e9ens et pour la grande majorit\u00e9 Oeko-tex. Bee \u00e9colo, c&rsquo;est aussi \u00eatre \u00e9coresponsable ! Nous nous engageons \u00e0 faire des produits [&hellip;]<\/p>","protected":false},"featured_media":0,"template":"","meta":[],"product_cat":[21],"product_tag":[],"_links":{"self":[{"href":"https:\/\/www.grintoura.fr\/en\/wp-json\/wp\/v2\/product\/5865"}],"collection":[{"href":"https:\/\/www.grintoura.fr\/en\/wp-json\/wp\/v2\/product"}],"about":[{"href":"https:\/\/www.grintoura.fr\/en\/wp-json\/wp\/v2\/types\/product"}],"wp:attachment":[{"href":"https:\/\/www.grintoura.fr\/en\/wp-json\/wp\/v2\/media?parent=5865"}],"wp:term":[{"taxonomy":"product_cat","embeddable":true,"href":"https:\/\/www.grintoura.fr\/en\/wp-json\/wp\/v2\/product_cat?post=5865"},{"taxonomy":"product_tag","embeddable":true,"href":"https:\/\/www.grintoura.fr\/en\/wp-json\/wp\/v2\/product_tag?post=5865"}],"curies":[{"name":"wp","href":"https:\/\/api.w.org\/{rel}","templated":true}]}}