	
	
	
	
{"id":5845,"date":"2023-04-21T06:50:49","date_gmt":"2023-04-21T04:50:49","guid":{"rendered":"https:\/\/www.grintoura.fr\/product\/nature-precieuse\/"},"modified":"2023-07-28T16:35:30","modified_gmt":"2023-07-28T14:35:30","slug":"nature-precieuse","status":"publish","type":"product","link":"https:\/\/www.grintoura.fr\/en\/product\/nature-precieuse\/","title":{"rendered":"Nature Pr\u00e9cieuse"},"content":{"rendered":"<p>Je suis Herv\u00e9 Houdelinckx votre artisan bijoutier \u00e9coresponsable.<\/p>\n<p>Curieux, touche \u00e0 tout, j\u2019aime travailler avec une multitude de mati\u00e8res diff\u00e9rentes.<\/p>\n<p>Le bois, les fleurs, les r\u00e9sines, le laiton et l\u2019argent sont des mati\u00e8res tr\u00e8s diff\u00e9rentes \u00e0 travailler qui imposent diff\u00e9rentes techniques et m\u00e9thodes.<\/p>\n<p>Un bijou minimaliste symbole de d\u00e9licatesse<br \/>\nCe sont avant tout les fleurs qui m\u2019ont attir\u00e9 pour la r\u00e9alisation de bijoux car elles sont pour moi les v\u00e9ritables joyaux de la Nature.<\/p>\n<p>Leurs couleurs d\u00e9licates, leurs formes, tout en elles inspire d\u00e9licatesse, finesse et l\u00e9g\u00e8ret\u00e9.<\/p>\n<p>Form\u00e9 par une Bijouti\u00e8re Joailli\u00e8re hautement qualifi\u00e9e, j\u2019ai pu commencer \u00e0 associer r\u00e9sine bio et argent fin dans des bijoux tr\u00e8s f\u00e9minins.<\/p>\n<p>Un bijou \u00e9coresponsable fait main<br \/>\nOuvert en Octobre 2020 Nature Pr\u00e9cieuse est une marque de bijoux \u00e9coresponsables.<\/p>\n<p>Chaque pendentif et boucles d\u2019oreilles est compos\u00e9 d\u2019argent recycl\u00e9 et de r\u00e9sine \u201cbio-sourc\u00e9e\u201d qui devient un \u00e9crin pour les fleurs qui le composent, permettant ainsi de sublimer et de pr\u00e9server le plus possible ces fragiles cr\u00e9ations naturelles<\/p>\n<p>Ma m\u00e9thode artisanale permet \u00e0 chaque bijou d\u2019\u00eatre unique et d\u2019avoir une \u00e2me.<\/p>\n<p>Toutes les \u00e9tapes de fabrication sont faites \u00e0 la main avec un soucis constant de l\u2019impact sur notre environnement. C\u2019est pour moi un aspect tr\u00e8s important !<\/p>\n<p>J\u2019ai \u00e0 c\u0153ur de privil\u00e9gier des fournisseurs fran\u00e7ais, voir europ\u00e9ens.<\/p>\n<p>Je suis fier de proposer des fleurs exclusivement de ma production personnelle, ce qui implique le respect des saisons et des al\u00e9as naturels.<\/p>\n<p>J\u2019en profite pour remercier toutes les personnes qui me soutiennent dans cette belle aventure, par votre achat vous en faites assur\u00e9ment parti !<\/p>\n<p>Porter de jolis objets tout en pr\u00e9servant notre plan\u00e8te doit \u00eatre notre combat !<\/p>\n<p>J\u2019esp\u00e8re que cette pr\u00e9sentation, faite avec sinc\u00e9rit\u00e9, vous aura permis de mieux me connaitre.<\/p>\n<p>Au plaisir de vous voir sur mon site ou sur mon Instagram :<\/p>\n<p>https:\/\/www.instagram.com\/nature.precieuse\/<\/p>\n<p>Prenez soin de vous.<\/p>\n<p>A bient\u00f4t<\/p>\n<p>Herv\u00e9 \ud83d\ude09<\/p>","protected":false},"excerpt":{"rendered":"<p>Je suis Herv\u00e9 Houdelinckx votre artisan bijoutier \u00e9coresponsable. Curieux, touche \u00e0 tout, j\u2019aime travailler avec une multitude de mati\u00e8res diff\u00e9rentes. Le bois, les fleurs, les r\u00e9sines, le laiton et l\u2019argent sont des mati\u00e8res tr\u00e8s diff\u00e9rentes \u00e0 travailler qui imposent diff\u00e9rentes techniques et m\u00e9thodes. Un bijou minimaliste symbole de d\u00e9licatesse Ce sont avant tout les fleurs [&hellip;]<\/p>","protected":false},"featured_media":0,"template":"","meta":[],"product_cat":[21],"product_tag":[],"_links":{"self":[{"href":"https:\/\/www.grintoura.fr\/en\/wp-json\/wp\/v2\/product\/5845"}],"collection":[{"href":"https:\/\/www.grintoura.fr\/en\/wp-json\/wp\/v2\/product"}],"about":[{"href":"https:\/\/www.grintoura.fr\/en\/wp-json\/wp\/v2\/types\/product"}],"wp:attachment":[{"href":"https:\/\/www.grintoura.fr\/en\/wp-json\/wp\/v2\/media?parent=5845"}],"wp:term":[{"taxonomy":"product_cat","embeddable":true,"href":"https:\/\/www.grintoura.fr\/en\/wp-json\/wp\/v2\/product_cat?post=5845"},{"taxonomy":"product_tag","embeddable":true,"href":"https:\/\/www.grintoura.fr\/en\/wp-json\/wp\/v2\/product_tag?post=5845"}],"curies":[{"name":"wp","href":"https:\/\/api.w.org\/{rel}","templated":true}]}}