	
	
	
	
{"id":5258,"date":"2022-10-18T11:43:01","date_gmt":"2022-10-18T09:43:01","guid":{"rendered":"https:\/\/www.grintoura.fr\/product\/brouillon-auto-22\/"},"modified":"2024-05-01T07:30:45","modified_gmt":"2024-05-01T05:30:45","slug":"brouillon-auto-22","status":"publish","type":"product","link":"https:\/\/www.grintoura.fr\/en\/product\/brouillon-auto-22\/","title":{"rendered":"La Transparence"},"content":{"rendered":"<p>Situ\u00e9 \u00e0 Mazaye, \u00e0 moins de 10 km de Vulcania et \u00e0 23 km de la cath\u00e9drale de Clermont-Ferrand, l&rsquo;\u00e9tablissement La Transparence propose un jardin et met gratuitement \u00e0 votre disposition une connexion Wi-Fi dans l&rsquo;ensemble de ses locaux ainsi qu&rsquo;un parking priv\u00e9. L&rsquo;\u00e9tablissement se trouve \u00e0 environ 24 km du centre des congr\u00e8s Polydome, \u00e0 24 km de la gare de Clermont-Ferrand et \u00e0 25 km de l&rsquo;universit\u00e9 Blaise Pascal. Un service d&rsquo;\u00e9tage et une bagagerie sont \u00e0 votre disposition.<\/p>\n\n\n\n<p>Les chambres de cette maison d&rsquo;h\u00f4tes comprennent un bureau. Leur salle de bains privative est pourvue d&rsquo;un s\u00e8che-cheveux et de linge de lit.<\/p>\n\n\n\n<p>Un petit-d\u00e9jeuner continental est servi sur place.<\/p>\n\n\n\n<p>Une terrasse est \u00e9galement \u00e0 votre disposition.<\/p>\n\n\n\n<p>Vous s\u00e9journerez \u00e0 30 km de La Grande Halle et \u00e0 32 km du Z\u00e9nith d&rsquo;Auvergne. L&rsquo;a\u00e9roport de Clermont-Ferrand Auvergne, le plus proche, est \u00e0 30 km.<\/p>\n\n\n\n<p>Les couples appr\u00e9cient particuli\u00e8rement l&#8217;emplacement de cet \u00e9tablissement. Ils lui donnent la note de 8,9 pour un s\u00e9jour \u00e0 deux.<\/p>","protected":false},"excerpt":{"rendered":"<p>Situ\u00e9 \u00e0 Mazaye, \u00e0 moins de 10 km de Vulcania et \u00e0 23 km de la cath\u00e9drale de Clermont-Ferrand, l&rsquo;\u00e9tablissement La Transparence propose un jardin et met gratuitement \u00e0 votre disposition une connexion Wi-Fi dans l&rsquo;ensemble de ses locaux ainsi qu&rsquo;un parking priv\u00e9. L&rsquo;\u00e9tablissement se trouve \u00e0 environ 24 km du centre des congr\u00e8s Polydome, [&hellip;]<\/p>","protected":false},"featured_media":0,"template":"","meta":[],"product_cat":[21],"product_tag":[],"_links":{"self":[{"href":"https:\/\/www.grintoura.fr\/en\/wp-json\/wp\/v2\/product\/5258"}],"collection":[{"href":"https:\/\/www.grintoura.fr\/en\/wp-json\/wp\/v2\/product"}],"about":[{"href":"https:\/\/www.grintoura.fr\/en\/wp-json\/wp\/v2\/types\/product"}],"wp:attachment":[{"href":"https:\/\/www.grintoura.fr\/en\/wp-json\/wp\/v2\/media?parent=5258"}],"wp:term":[{"taxonomy":"product_cat","embeddable":true,"href":"https:\/\/www.grintoura.fr\/en\/wp-json\/wp\/v2\/product_cat?post=5258"},{"taxonomy":"product_tag","embeddable":true,"href":"https:\/\/www.grintoura.fr\/en\/wp-json\/wp\/v2\/product_tag?post=5258"}],"curies":[{"name":"wp","href":"https:\/\/api.w.org\/{rel}","templated":true}]}}