	
	
	
	
{"id":5219,"date":"2022-10-11T11:39:45","date_gmt":"2022-10-11T09:39:45","guid":{"rendered":"https:\/\/www.grintoura.fr\/product\/brouillon-auto-16\/"},"modified":"2023-02-22T00:13:19","modified_gmt":"2023-02-21T23:13:19","slug":"brouillon-auto-16","status":"publish","type":"product","link":"https:\/\/www.grintoura.fr\/en\/product\/brouillon-auto-16\/","title":{"rendered":"Mus\u00e9e arts et traditions du Kochersberg"},"content":{"rendered":"<p>La Maison du Kochersberg valorise le patrimoine local, ses rites et traditions, ses objets anciens ou plus contemporains dans des expositions sans cesse renouvel\u00e9es.<\/p>\n\n\n\n<p>Acteur culturel incontournable du territoire, sa re\u0301putation a bien largement de\u0301passe\u0301 les frontie\u0300res locales et re\u0301gionales. Sa vocation est de permettre d\u2019\u00e9laborer un lien positif jusqu\u2019\u00e0 un \u00e9change passionnel entre les g\u00e9n\u00e9rations autour des objets authentiques qui appartenaient au quotidien des plus anciens et peut-\u00eatre \u00e0 l\u2019enfance des plus jeunes, pr\u00e9sent\u00e9s dans un contexte et un cadre r\u00e9solument alsacien et actuel.<\/p>","protected":false},"excerpt":{"rendered":"<p>La Maison du Kochersberg valorise le patrimoine local, ses rites et traditions, ses objets anciens ou plus contemporains dans des expositions sans cesse renouvel\u00e9es. Acteur culturel incontournable du territoire, sa re\u0301putation a bien largement de\u0301passe\u0301 les frontie\u0300res locales et re\u0301gionales. Sa vocation est de permettre d\u2019\u00e9laborer un lien positif jusqu\u2019\u00e0 un \u00e9change passionnel entre les [&hellip;]<\/p>","protected":false},"featured_media":0,"template":"","meta":[],"product_cat":[21],"product_tag":[],"_links":{"self":[{"href":"https:\/\/www.grintoura.fr\/en\/wp-json\/wp\/v2\/product\/5219"}],"collection":[{"href":"https:\/\/www.grintoura.fr\/en\/wp-json\/wp\/v2\/product"}],"about":[{"href":"https:\/\/www.grintoura.fr\/en\/wp-json\/wp\/v2\/types\/product"}],"wp:attachment":[{"href":"https:\/\/www.grintoura.fr\/en\/wp-json\/wp\/v2\/media?parent=5219"}],"wp:term":[{"taxonomy":"product_cat","embeddable":true,"href":"https:\/\/www.grintoura.fr\/en\/wp-json\/wp\/v2\/product_cat?post=5219"},{"taxonomy":"product_tag","embeddable":true,"href":"https:\/\/www.grintoura.fr\/en\/wp-json\/wp\/v2\/product_tag?post=5219"}],"curies":[{"name":"wp","href":"https:\/\/api.w.org\/{rel}","templated":true}]}}