	
	
	
	
{"id":21167,"date":"2026-03-30T21:37:56","date_gmt":"2026-03-30T19:37:56","guid":{"rendered":"https:\/\/www.grintoura.fr\/product\/lanversis-cave-table-de-montagne\/"},"modified":"2026-04-19T16:57:43","modified_gmt":"2026-04-19T14:57:43","slug":"lanversis-cave-table-de-montagne","status":"publish","type":"product","link":"https:\/\/www.grintoura.fr\/en\/product\/lanversis-cave-table-de-montagne\/","title":{"rendered":"L\u2019Anversis \u2013 Table de Montagne"},"content":{"rendered":"<p><strong>Restaurant bistronomique<\/strong> situ\u00e9 \u00e0 <strong>Lamoura<\/strong>, au c\u0153ur de la station des Rousses dans le Haut-Jura.<br \/>\nL\u2019Anversis propose une <strong>cuisine de montagne cr\u00e9ative et de saison<\/strong>, mettant en valeur les produits r\u00e9gionaux : morilles, truite du Jura, fromages, gibier et plantes sauvages.<\/p>\n<p><strong>Le menu unique<\/strong> \u00e9volue au fil des saisons et des inspirations de la cheffe. L\u2019exp\u00e9rience est accompagn\u00e9e d\u2019une large s\u00e9lection de <strong>vins naturels et d\u2019absinthes<\/strong> .<\/p>\n<p>Une <strong>table intimiste<\/strong>, engag\u00e9e et ancr\u00e9e dans son territoire. <strong>Sur r\u00e9servation<\/strong>.<\/p>\n<p>\ud83d\udccdL&rsquo; Anversis \u2013 Cave &amp; Table de Montagne<br \/>\n239 Chemin de l&rsquo;Anversis<br \/>\n39310 LAMOURA &#8211;\u00a0Station des Rousses<br \/>\nSur R\u00e9servations\u00a0 \ud83d\udcde 03 84 41 20 91<\/p>\n<p>\ud83d\udd17 Liens<br \/>\n\ud83c\udf10 <a href=\"http:\/\/www.lanversis.com\" target=\"_blank\" rel=\"noopener\">lanversis.com<\/a><br \/>\n\ud83d\udcf8 <a href=\"http:\/\/www.instagram.com\/lanversis_table_de_montagne\" target=\"_blank\" rel=\"noopener\">Instagram<\/a><br \/>\n\ud83d\udcd8 <a href=\"http:\/\/www.facebook.com\/anversis\" target=\"_blank\" rel=\"noopener\">Facebook<\/a><\/p>\n<p><strong>Horaires d\u2019ouverture variables selon les saisons<\/strong><br \/>\n\ud83d\udc49Pour conna\u00eetre les horaires \u00e0 jour et r\u00e9server votre table, consultez notre site web : <a href=\"http:\/\/lanversis.com\" target=\"_blank\" rel=\"noopener\">lanversis.com<\/a><\/p>","protected":false},"excerpt":{"rendered":"<p>Restaurant bistronomique situ\u00e9 \u00e0 Lamoura, au c\u0153ur de la station des Rousses dans le Haut-Jura. L\u2019Anversis propose une cuisine de montagne cr\u00e9ative et de saison, mettant en valeur les produits r\u00e9gionaux : morilles, truite du Jura, fromages, gibier et plantes sauvages. Le menu unique \u00e9volue au fil des saisons et des inspirations de la cheffe. [&hellip;]<\/p>","protected":false},"featured_media":0,"template":"","meta":[],"product_cat":[21],"product_tag":[],"_links":{"self":[{"href":"https:\/\/www.grintoura.fr\/en\/wp-json\/wp\/v2\/product\/21167"}],"collection":[{"href":"https:\/\/www.grintoura.fr\/en\/wp-json\/wp\/v2\/product"}],"about":[{"href":"https:\/\/www.grintoura.fr\/en\/wp-json\/wp\/v2\/types\/product"}],"wp:attachment":[{"href":"https:\/\/www.grintoura.fr\/en\/wp-json\/wp\/v2\/media?parent=21167"}],"wp:term":[{"taxonomy":"product_cat","embeddable":true,"href":"https:\/\/www.grintoura.fr\/en\/wp-json\/wp\/v2\/product_cat?post=21167"},{"taxonomy":"product_tag","embeddable":true,"href":"https:\/\/www.grintoura.fr\/en\/wp-json\/wp\/v2\/product_tag?post=21167"}],"curies":[{"name":"wp","href":"https:\/\/api.w.org\/{rel}","templated":true}]}}