	
	
	
	
{"id":21129,"date":"2026-03-30T20:01:41","date_gmt":"2026-03-30T18:01:41","guid":{"rendered":"https:\/\/www.grintoura.fr\/product\/riviera-kombucha\/"},"modified":"2026-03-30T20:01:41","modified_gmt":"2026-03-30T18:01:41","slug":"riviera-kombucha","status":"publish","type":"product","link":"https:\/\/www.grintoura.fr\/en\/product\/riviera-kombucha\/","title":{"rendered":"Riviera Kombucha"},"content":{"rendered":"<p><strong>Riviera Kombucha<\/strong><\/p>\n<p>Bienvenue sur notre site officiel.<br \/>\nProducteurs de Kombucha dans les Alpes-Maritimes, nous distribuons nos boissons sur toute la \u00ab\u00a0French Riviera\u00a0\u00bb \u2013 Menton, Monaco, Nice, Grasse, Vence, Antibes, Cannes, Fr\u00e9jus, St-Tropez !<\/p>\n<p><strong>Artisanal et Local<\/strong><br \/>\nNotre Kombucha est enti\u00e8rement brass\u00e9 \u00e0 Grasse, y compris nos ar\u00f4mes, directement \u00e0 partir de plantes, l\u00e9gumes ou fruits locaux et de saison. Toute la production est faite \u00e0 la main, en prenant le temps qu\u2019il faut pour avoir la boisson la plus vivante et gourmande possible !<\/p>\n<p><strong>Qu\u2019est-ce que le Kombucha ?<\/strong><br \/>\nC\u2019est un th\u00e9, ferment\u00e9 -comme la bi\u00e8re ou le vin- et l\u00e9g\u00e8rement p\u00e9tillant. Servi frais, cela vous fera penser \u00e0 un th\u00e9 glac\u00e9 ou un soda. Pauvre en sucres et riche en probiotiques le Kombucha est totalement Healthy !<\/p>\n<p><strong>Bon pour la sant\u00e9 !<\/strong><br \/>\nD\u00e9toxifiant, Antioxydant, le Kombucha est utilis\u00e9 depuis des milliers d\u2019ann\u00e9es comme une boisson aux multiples vertus. Sa forte concentration en probiotiques actifs viendra renforcer votre microbiote et r\u00e9\u00e9quilibrer votre \u00e9cosyst\u00e8me interne.<\/p>\n<p><strong>Une boisson \u00abvivante\u00bb ?<\/strong><br \/>\nNotre Kombucha est r\u00e9ellement \u00abauthentique\u00bb, c\u2019est \u00e0 dire :<\/p>\n<p>100% ferment\u00e9 durant plusieurs semaines<br \/>\nNon filtr\u00e9 et non pasteuris\u00e9<br \/>\nP\u00e9tillance naturelle<br \/>\nDe cette mani\u00e8re nous conservons toute sa richesse en probiotiques. La pr\u00e9sence de d\u00e9p\u00f4ts et parfois d\u2019une m\u00e8re est naturelle et le signe d\u2019une boisson vivante !<\/p>\n<p><strong>Nous contacter<\/strong><br \/>\nProfessionnels ou particuliers, contactez-nous directement :<\/p>\n<p>tel. +33 6 41 89 88 76<br \/>\ncontact@bioferment.fr<\/p>\n<p><strong>R\u00e9seaux sociaux<\/strong><br \/>\nVous pouvez aussi nous suivre et nous d\u00e9couvrir sur Instagram<\/p>\n<p><a href=\"https:\/\/www.instagram.com\/rivierakombucha\/\" target=\"_blank\" rel=\"noopener\">https:\/\/www.instagram.com\/rivierakombucha\/<\/a><\/p>","protected":false},"excerpt":{"rendered":"<p>Riviera Kombucha Bienvenue sur notre site officiel. Producteurs de Kombucha dans les Alpes-Maritimes, nous distribuons nos boissons sur toute la \u00ab\u00a0French Riviera\u00a0\u00bb \u2013 Menton, Monaco, Nice, Grasse, Vence, Antibes, Cannes, Fr\u00e9jus, St-Tropez ! Artisanal et Local Notre Kombucha est enti\u00e8rement brass\u00e9 \u00e0 Grasse, y compris nos ar\u00f4mes, directement \u00e0 partir de plantes, l\u00e9gumes ou fruits [&hellip;]<\/p>","protected":false},"featured_media":0,"template":"","meta":[],"product_cat":[21],"product_tag":[],"_links":{"self":[{"href":"https:\/\/www.grintoura.fr\/en\/wp-json\/wp\/v2\/product\/21129"}],"collection":[{"href":"https:\/\/www.grintoura.fr\/en\/wp-json\/wp\/v2\/product"}],"about":[{"href":"https:\/\/www.grintoura.fr\/en\/wp-json\/wp\/v2\/types\/product"}],"wp:attachment":[{"href":"https:\/\/www.grintoura.fr\/en\/wp-json\/wp\/v2\/media?parent=21129"}],"wp:term":[{"taxonomy":"product_cat","embeddable":true,"href":"https:\/\/www.grintoura.fr\/en\/wp-json\/wp\/v2\/product_cat?post=21129"},{"taxonomy":"product_tag","embeddable":true,"href":"https:\/\/www.grintoura.fr\/en\/wp-json\/wp\/v2\/product_tag?post=21129"}],"curies":[{"name":"wp","href":"https:\/\/api.w.org\/{rel}","templated":true}]}}