	
	
	
	
{"id":21085,"date":"2026-03-29T21:43:45","date_gmt":"2026-03-29T19:43:45","guid":{"rendered":"https:\/\/www.grintoura.fr\/product\/visite-de-paris-en-bus-avec-tootbus\/"},"modified":"2026-03-29T21:53:05","modified_gmt":"2026-03-29T19:53:05","slug":"visite-de-paris-en-bus-avec-tootbus","status":"publish","type":"product","link":"https:\/\/www.grintoura.fr\/en\/product\/visite-de-paris-en-bus-avec-tootbus\/","title":{"rendered":"Visite de Paris en bus avec TOOTBus"},"content":{"rendered":"<p>Le circuit D\u00e9couverte de Paris vous permet d&rsquo;explorer les sites les plus embl\u00e9matiques et les monuments incontournables de Paris en un, deux ou trois jours en visite audioguid\u00e9e.<br \/>\nFaites-vous une premi\u00e8re id\u00e9e de la ville, promenez-vous, choisissez les sites que vous souhaitez explorer plus en d\u00e9tail et descendez \u00e0 l&rsquo;arr\u00eat le plus proche des monuments et attractions que vous pr\u00e9voyez de visiter.<\/p>\n<p>&nbsp;<\/p>\n<p>La validit\u00e9 de votre billet commence \u00e0 partir de la premi\u00e8re utilisation et pour nombre de fois illimit\u00e9 jusqu&rsquo;\u00e0 \u00e9coulement de sa p\u00e9riode de validit\u00e9.<\/p>\n<p>D\u00e9couvrez les chefs-d&rsquo;\u0153uvre et les grandes toiles du Mus\u00e9e du Louvre, arr\u00eatez-vous \u00e0 Notre-Dame et prenez un moment pour admirer son architecture depuis la rive gauche de la Seine, faites du shopping aux Champs-\u00c9lys\u00e9es ou bien montez au sommet de l&rsquo;Arc de Triomphe ou de la Tour Eiffel pour profiter de vues \u00e0 couper le souffle sur la ville\u00a0!<br \/>\nVous cherchez encore plus d\u2019inspiration pour explorer Paris en hiver ? \u2728 D\u00e9couvrez nos meilleures suggestions : Que faire \u00e0 Paris cet hiver ?<\/p>\n<p>&nbsp;<\/p>\n<p><strong>Audioguide<\/strong><\/p>\n<p>Apprenez-en davantage sur Paris gr\u00e2ce aux explications de l\u2019audioguide sp\u00e9cialement con\u00e7u pour nos itin\u00e9raires.<\/p>\n<p>Si vous voyagez avec des enfants, faites-leur d\u00e9couvrir notre cha\u00eene d\u00e9di\u00e9e disponible en fran\u00e7ais et anglais. Ils ne s\u2019en lasseront pas !<\/p>\n<p>&nbsp;<\/p>\n<p>Application Tootbus<\/p>\n<p>Am\u00e9liorez votre exp\u00e9rience gr\u00e2ce \u00e0 l\u2019application Tootbus city-guide et profitez de fonctionnalit\u00e9s telles que :<\/p>\n<p>-le suivi des bus en temps r\u00e9el<br \/>\n-retrouver facilement les arr\u00eats gr\u00e2ce \u00e0 la g\u00e9olocalisation<br \/>\n-profiter de parcours p\u00e9destres gratuits pour enrichir votre exp\u00e9rience<br \/>\n-t\u00e9l\u00e9charger votre e-billet pour ne pas le perdre.<br \/>\nCompl\u00e9tez votre exp\u00e9rience avec un billet pour le Tour de nuit de Paris en bus et admirez Paris briller de mille feux \u00e0 la tomb\u00e9e de la nuit.<\/p>\n<p>Et pour profiter pleinement de Paris, ne manquez pas nos conseils d&rsquo;activit\u00e9s \u00e0 faire et \u00e9v\u00e8nements \u00e0 Paris.<br \/>\nEn toute facilit\u00e9 et dans le confort de nos bus 100\u00a0% \u00e9cologiques, vous d\u00e9couvrirez :<\/p>\n<p>&nbsp;<\/p>\n<p>l&rsquo;Op\u00e9ra<br \/>\nle Mus\u00e9e du Louvre<br \/>\nla Cath\u00e9drale Notre-Dame<br \/>\nla Sainte-Chapelle<br \/>\nle Mus\u00e9e d&rsquo;Orsay<br \/>\nla Concorde<br \/>\nles Champs-\u00c9lys\u00e9es<br \/>\nl&rsquo;Arc de Triomphe<br \/>\nla Tour Eiffel<br \/>\nles Invalides<br \/>\nle Grand Palais<br \/>\net bien d&rsquo;autres sites d\u2019exception.<\/p>\n<p><strong>Itin\u00e9raire et service<\/strong><br \/>\nLes bus circulent quotidiennement. Les horaires de service et la fr\u00e9quence des bus changent en fonction de la saison. Veuillez consulter nos horaires de service pour plus d&rsquo;information.<\/p>\n<p>Vous pouvez commencer votre visite \u00e0 n&rsquo;importe quel arr\u00eat de bus. Votre billet est valable pendant 24, 48 ou 72 heures \u00e0 partir de la premi\u00e8re utilisation.<br \/>\n<strong>Audioguide<\/strong><br \/>\nCommentaires disponibles en anglais, fran\u00e7ais, espagnol, italien, allemand, br\u00e9silien, russe, arabe, chinois et japonais sur les appareils du bus et sur l\u2019application Tootbus.<\/p>\n<p>Des \u00e9couteurs gratuits sont fournis \u00e0 bord du bus lors de la mont\u00e9e \u00e0 bord. Vous souhaitez contribuer \u00e0 la protection de la plan\u00e8te? Nous vous invitons \u00e0 vous munir de vos propres \u00e9couteurs.<br \/>\n<strong>Sp\u00e9cial enfants<\/strong><br \/>\nCommentaires sp\u00e9cialement d\u00e9sign\u00e9s pour les plus petits disponibles en anglais et fran\u00e7ais sur les appareils du bus.<br \/>\n<strong>Billets flexibles<\/strong><br \/>\nVous pouvez utiliser vos billets n&rsquo;importe quel jour avant la date de la visite. Vous pouvez modifier ou annuler votre billet sans frais ni justificatif jusqu\u2019\u00e0 24 heures avant la date de la visite.<br \/>\n<strong>Eco-responsable<\/strong><br \/>\nLe saviez-vous ? Nos bus fonctionnent aux \u00e9nergies 100% propres (\u00e9lectricit\u00e9 ou gaz). . En savoir plus sur notre engagement \u00e9co-responsable.<br \/>\nVisites \u00e0 pied<br \/>\nPoursuivez votre visite de la ville \u00e0 pied avec Tootwalk, des visites guid\u00e9es gratuites disponibles sur l\u2019application Tootbus ! Les 5 circuits th\u00e9matiques dans les quartiers les plus c\u00e9l\u00e8bres de Paris vous donneront tout le loisir de vous impr\u00e9gner de l\u2019atmosph\u00e8re de la capitale fran\u00e7aise.<\/p>\n<p>24-, 48- or 72-hour unlimited hop-on hop-off access to explore Paris\u2019s landmarks at your own pace.<\/p>\n<p>Multilingual audio commentary, including kids\u2019 channels in English and French.<\/p>\n<p>Access to 5 self-guided walking tours (Tootwalks) via the Tootbus app.<\/p>\n<p>Free Wi-Fi onboard &amp; real-time bus tracking.<\/p>\n<p>Access the Tootbus app including buses and stops location in real time, and explore even more with audio guides, Tootwalks, and Tootie.<\/p>","protected":false},"excerpt":{"rendered":"<p>Le circuit D\u00e9couverte de Paris vous permet d&rsquo;explorer les sites les plus embl\u00e9matiques et les monuments incontournables de Paris en un, deux ou trois jours en visite audioguid\u00e9e. Faites-vous une premi\u00e8re id\u00e9e de la ville, promenez-vous, choisissez les sites que vous souhaitez explorer plus en d\u00e9tail et descendez \u00e0 l&rsquo;arr\u00eat le plus proche des monuments [&hellip;]<\/p>","protected":false},"featured_media":0,"template":"","meta":[],"product_cat":[21],"product_tag":[],"_links":{"self":[{"href":"https:\/\/www.grintoura.fr\/en\/wp-json\/wp\/v2\/product\/21085"}],"collection":[{"href":"https:\/\/www.grintoura.fr\/en\/wp-json\/wp\/v2\/product"}],"about":[{"href":"https:\/\/www.grintoura.fr\/en\/wp-json\/wp\/v2\/types\/product"}],"wp:attachment":[{"href":"https:\/\/www.grintoura.fr\/en\/wp-json\/wp\/v2\/media?parent=21085"}],"wp:term":[{"taxonomy":"product_cat","embeddable":true,"href":"https:\/\/www.grintoura.fr\/en\/wp-json\/wp\/v2\/product_cat?post=21085"},{"taxonomy":"product_tag","embeddable":true,"href":"https:\/\/www.grintoura.fr\/en\/wp-json\/wp\/v2\/product_tag?post=21085"}],"curies":[{"name":"wp","href":"https:\/\/api.w.org\/{rel}","templated":true}]}}