	
	
	
	
{"id":20988,"date":"2026-03-27T22:53:50","date_gmt":"2026-03-27T21:53:50","guid":{"rendered":"https:\/\/www.grintoura.fr\/product\/atlantide-promenade-en-mer-bandol\/"},"modified":"2026-03-27T23:06:10","modified_gmt":"2026-03-27T22:06:10","slug":"atlantide-promenade-en-mer-bandol","status":"publish","type":"product","link":"https:\/\/www.grintoura.fr\/en\/product\/atlantide-promenade-en-mer-bandol\/","title":{"rendered":"Atlantide-Promenade en mer-Bandol"},"content":{"rendered":"<p>Apr\u00e8s avoir navigu\u00e9s \u00e0 travers toute la m\u00e9diterran\u00e9e, ces deux loups de mer posent leurs valises sur Bandol avec une id\u00e9e en t\u00eate: partager leurs passion avec le plus grand nombre\u00a0! Riches d\u2019une vie professionnelle extr\u00eamement vari\u00e9e, ils innovent en cr\u00e9ant, en 1991, l\u2019Atlantide 1, navire unique de par sa polyvalence, son confort et ses \u00e9quipements. Il sont m\u00eame percusseurs dans l\u2019approche d\u2019une activit\u00e9 qui se veut, d\u00e8s le d\u00e9part, plus sobre et durable en concevant un mode d\u2019exploitation bas\u00e9 sur le respect de la mer.<\/p>\n<p><strong>Partez pour une promenade vers les calanques de CASSIS et de MARSEILLE, site class\u00e9 au patrimoine naturel fran\u00e7ais.<\/strong><\/p>\n<p>Apr\u00e8s avoir navigu\u00e9 le long des c\u00f4tes du Var et des Bouches du Rh\u00f4ne, vous p\u00e9n\u00e8trerez au plus profond de chacune des calanques, v\u00e9ritables ports naturels d\u00e9j\u00e0 connus dans l\u2019antiquit\u00e9 pour offrir aux romains des abris s\u00fbrs. Les promenades dans ce magnifique parc national sont comment\u00e9es en direct par le capitaine.<\/p>\n<p>Voici les diff\u00e9rentes visites que l\u2019Atlantide vous propose :<\/p>\n<p><strong>Promenade des 7 calanques*<\/strong><br \/>\nAdulte: 34\u20ac Enfant (4 \u00e0 11ans): 24\u20ac (Gratuit pour les \u2013 de 4ans)<\/p>\n<p>Allant jusqu\u2019au d\u00e9but des calanques de MARSEILLE vous permettra de vous sensibiliser \u00e0 un \u00e9cosyst\u00e8me pr\u00e9serv\u00e9.<\/p>\n<p><strong>Promenade des 13 calanques*<\/strong><br \/>\nAdulte: 39\u20ac Enfant (4 \u00e0 11ans): 29\u20ac (Gratuit pour les \u2013 de 4ans)<\/p>\n<p>Qui vous r\u00e9v\u00e8lera l\u2019essentiel des deux massifs (Cassis et Marseille), prolongeant la promenade jusqu\u2019\u00e0 la calanque de Sormiou. Grace \u00e0 cette visite vous d\u00e9couvrirez, en plus de notre patrimoine naturel, les fameux cabanons Marseillais.<\/p>\n<p>En Juillet \/ Ao\u00fbt certaines de nos sorties proposent un temps de baignade pour les plus de 10 ans, n\u2019h\u00e9sitez pas \u00e0 nous contacter pour plus de renseignement.<\/p>\n<p>*Sorties labellis\u00e9es Esprit Parc National lors de nos promenades \u00e0 bord des Atlantide 3 &amp; 4<\/p>\n<p>&nbsp;<\/p>\n<p><strong>Journ\u00e9e \u00e0 Porquerolles<\/strong><\/p>\n<p>Une journ\u00e9e au paradis pr\u00e9serv\u00e9<br \/>\nAdulte: 49\u20ac Enfant (4 \u00e0 11ans): 39\u20ac (Gratuit pour les \u2013 de 4ans)<\/p>\n<p>Partez pour une journ\u00e9e inoubliable \u00e0 Porquerolles, la perle des \u00eeles d\u2019Hy\u00e8res ! Situ\u00e9e au c\u0153ur du Parc National de Port-Cros, Porquerolles s\u00e9duit par ses plages paradisiaques aux eaux turquoise, ses sentiers bord\u00e9s de pins et d\u2019eucalyptus, et son ambiance pr\u00e9serv\u00e9e o\u00f9 la nature r\u00e8gne en ma\u00eetre.<\/p>\n<p>D\u00e9part \u00e0 09h00 du port de Bandol pour une heure et demie de travers\u00e9e comment\u00e9e en direct par l\u2019\u00e9quipage. Vous passerez devant le Cap Sici\u00e9, les rochers des deux fr\u00e8res, la presqu\u2019\u00eele de Giens et enfin, Porquerolles.<\/p>\n<p>Appr\u00e9ciez les six heures de quartier libre comme vous l\u2019entendez et profitez de ce parc national, des ses plages, de sa nature pr\u00e9serv\u00e9e et de son village typiquement proven\u00e7al.<\/p>\n<p>Rendez vous pour un d\u00e9part \u00e0 17H00 et une arriv\u00e9e sur Bandol \u00e0 18H30.<\/p>\n<p>&nbsp;<\/p>\n<p><strong>Sortie Dauphins &amp; Baleines<\/strong><br \/>\nUne rencontre insolite et inoubliable !<br \/>\nAdulte: 82\u20ac Enfant (4 \u00e0 11ans): 62\u20ac (Gratuit pour les \u2013 de 4ans)<\/p>\n<p>Prenez le large et partez pour une journ\u00e9e inoubliable \u00e0 la d\u00e9couverte de la vie sauvage.<\/p>\n<p>La m\u00e9diterran\u00e9e concentre une multitude de c\u00e9tac\u00e9s qui \u00e9voluent le long de nos c\u00f4tes en toute libert\u00e9 dont, des dauphins, baleines et cachalots mais aussi des tortues, raies mobula, oiseaux marins\u2026<br \/>\nEmbarquez avec notre \u00e9quipage de naturalistes dipl\u00f4m\u00e9s \u00ab\u00a0High Quality Whale Watching\u00ae\u00a0\u00bb et partez d\u00e9couvrir la richesse du large. Tout au long de cette journ\u00e9e, alliez \u00e9motion et pr\u00e9servation du milieu marin.<\/p>\n<p>Petit plus ! Retrouvez gratuitement les photos de votre sortie en ligne dans un espace d\u00e9di\u00e9 et \u00e9coutez les mammif\u00e8res marins gr\u00e2ce \u00e0 notre hydrophone.<\/p>\n<p>&nbsp;<\/p>\n<p>phone T\u00e9l\u00e9phone<br \/>\n04.94.32.51.41 billetterie<\/p>\n<p>04.94.29.13.13 groupe et \u00e9v\u00e9nementiel<\/p>\n<p>Atlantide, Quai de Gaulle, 83150 Bandol<\/p>\n<p>Pour tout courrier, merci de nous l\u2019adresser \u00e0 : Atlantide, 4, rue Pons, 83150 Bandol<\/p>\n<p>explore Coordonn\u00e9es<br \/>\n43\u00b038\u2032.07N latitude<\/p>\n<p>005\u00b045\u2032.16E longitude<\/p>","protected":false},"excerpt":{"rendered":"<p>Apr\u00e8s avoir navigu\u00e9s \u00e0 travers toute la m\u00e9diterran\u00e9e, ces deux loups de mer posent leurs valises sur Bandol avec une id\u00e9e en t\u00eate: partager leurs passion avec le plus grand nombre\u00a0! Riches d\u2019une vie professionnelle extr\u00eamement vari\u00e9e, ils innovent en cr\u00e9ant, en 1991, l\u2019Atlantide 1, navire unique de par sa polyvalence, son confort et ses [&hellip;]<\/p>","protected":false},"featured_media":0,"template":"","meta":[],"product_cat":[21],"product_tag":[],"_links":{"self":[{"href":"https:\/\/www.grintoura.fr\/en\/wp-json\/wp\/v2\/product\/20988"}],"collection":[{"href":"https:\/\/www.grintoura.fr\/en\/wp-json\/wp\/v2\/product"}],"about":[{"href":"https:\/\/www.grintoura.fr\/en\/wp-json\/wp\/v2\/types\/product"}],"wp:attachment":[{"href":"https:\/\/www.grintoura.fr\/en\/wp-json\/wp\/v2\/media?parent=20988"}],"wp:term":[{"taxonomy":"product_cat","embeddable":true,"href":"https:\/\/www.grintoura.fr\/en\/wp-json\/wp\/v2\/product_cat?post=20988"},{"taxonomy":"product_tag","embeddable":true,"href":"https:\/\/www.grintoura.fr\/en\/wp-json\/wp\/v2\/product_tag?post=20988"}],"curies":[{"name":"wp","href":"https:\/\/api.w.org\/{rel}","templated":true}]}}