	
	
	
	
{"id":20986,"date":"2026-03-27T22:01:59","date_gmt":"2026-03-27T21:01:59","guid":{"rendered":"https:\/\/www.grintoura.fr\/product\/fou-dbio\/"},"modified":"2026-03-27T22:03:03","modified_gmt":"2026-03-27T21:03:03","slug":"fou-dbio","status":"publish","type":"product","link":"https:\/\/www.grintoura.fr\/en\/product\/fou-dbio\/","title":{"rendered":"Fou d\u2019Bio"},"content":{"rendered":"<p>&nbsp;<\/p>\n<p>&nbsp;<\/p>\n<p><strong>Fou d&rsquo;Bio<\/strong><\/p>\n<p><strong>D\u00e9couvrez la cuisine gourmande et saine du restaurant Fou d\u2019Bio \u00e0 Mouans-Sartoux.<\/strong><br \/>\nEntre Grasse et Cannes \u00e0 Mouans-Sartoux, le restaurant Fou d\u2019Bio vous propose des mets savoureux et \u00e9thiques\u00a0!<br \/>\nPr\u00e9sente depuis 2018 devant le Botanic de Mouans-Sartoux, la roulotte du restaurant Fou d\u2019Bio a \u00e9t\u00e9 reprise en 2022 par Fanny, qui travaillait d\u00e9j\u00e0 dans la roulotte, et sa s\u0153ur Audrey. Les deux s\u0153urs r\u00eavaient de travailler ensemble et n\u2019ont pas h\u00e9sit\u00e9 \u00e0 se lancer dans cette aventure familiale et gustative. Elles mettent leurs 20 ans d\u2019exp\u00e9rience dans la restauration au service d\u2019une cuisine bio et 100% v\u00e9g\u00e9tarienne, avec des produits locaux et de saison pour un maximum de go\u00fbt. Vous pouvez venir d\u00e9guster les confections de votre restaurant pour le petit-d\u00e9jeuner, le d\u00e9jeuner ou le go\u00fbter. N\u2019h\u00e9sitez pas \u00e0 venir go\u00fbter \u00e0 la d\u00e9licieuse cuisine des deux s\u0153urs sur notre terrasse au calme et abrit\u00e9e l\u2019hiver ! Vous pouvez \u00e9galent prendre une commande \u00e0 emporter avec nos emballages recyclables !<\/p>\n<p>&nbsp;<\/p>\n<p><strong>Notre Cuisine<\/strong><br \/>\nPrenez une pause gourmande \u00e0 toute heure chez Fou d\u2019Bio\u00a0! La carte change r\u00e9guli\u00e8rement selon les envies des cheffes et selon les produits de saison. Les producteurs locaux sont ainsi mis \u00e0 l\u2019honneur \u00e0 travers des recettes saines avec d\u2019exceptionnelles saveurs. Sucr\u00e9 comme sal\u00e9, dans votre restaurant Fou d\u2019Bio il y en a pour tous les go\u00fbts\u00a0!<\/p>\n<p>&nbsp;<\/p>\n<p><strong>Pause sucr\u00e9e<\/strong><br \/>\nToutes nos cr\u00e9ations sucr\u00e9es sont maison\u00a0! Commencez bien votre journ\u00e9e avec nos petits-d\u00e9jeuners ou prenez une petite pause \u00e0 l\u2019heure du go\u00fbter. Des recettes go\u00fbteuses et \u00e9quilibr\u00e9es pour se faire plaisir sans trop culpabiliser\u00a0!<\/p>\n<p>&nbsp;<\/p>\n<p>Vous souhaitez en savoir plus sur la philosophie de notre restaurant\u00a0? Contactez-nous au 06 24 06 97 24 ou par mail \u00e0 foudbio@hotmail.com.<\/p>\n<p>999 chemin des Gourettes 06370 Mouans-Sartoux<\/p>\n<p>06 24 06 97 24<\/p>\n<p>&nbsp;<\/p>","protected":false},"excerpt":{"rendered":"<p>&nbsp; &nbsp; Fou d&rsquo;Bio D\u00e9couvrez la cuisine gourmande et saine du restaurant Fou d\u2019Bio \u00e0 Mouans-Sartoux. Entre Grasse et Cannes \u00e0 Mouans-Sartoux, le restaurant Fou d\u2019Bio vous propose des mets savoureux et \u00e9thiques\u00a0! Pr\u00e9sente depuis 2018 devant le Botanic de Mouans-Sartoux, la roulotte du restaurant Fou d\u2019Bio a \u00e9t\u00e9 reprise en 2022 par Fanny, qui [&hellip;]<\/p>","protected":false},"featured_media":0,"template":"","meta":[],"product_cat":[21],"product_tag":[],"_links":{"self":[{"href":"https:\/\/www.grintoura.fr\/en\/wp-json\/wp\/v2\/product\/20986"}],"collection":[{"href":"https:\/\/www.grintoura.fr\/en\/wp-json\/wp\/v2\/product"}],"about":[{"href":"https:\/\/www.grintoura.fr\/en\/wp-json\/wp\/v2\/types\/product"}],"wp:attachment":[{"href":"https:\/\/www.grintoura.fr\/en\/wp-json\/wp\/v2\/media?parent=20986"}],"wp:term":[{"taxonomy":"product_cat","embeddable":true,"href":"https:\/\/www.grintoura.fr\/en\/wp-json\/wp\/v2\/product_cat?post=20986"},{"taxonomy":"product_tag","embeddable":true,"href":"https:\/\/www.grintoura.fr\/en\/wp-json\/wp\/v2\/product_tag?post=20986"}],"curies":[{"name":"wp","href":"https:\/\/api.w.org\/{rel}","templated":true}]}}