	
	
	
	
{"id":20947,"date":"2026-03-27T17:56:22","date_gmt":"2026-03-27T16:56:22","guid":{"rendered":"https:\/\/www.grintoura.fr\/product\/vedettes-panoramiques-du-saut-du-doubs\/"},"modified":"2026-03-27T17:56:22","modified_gmt":"2026-03-27T16:56:22","slug":"vedettes-panoramiques-du-saut-du-doubs","status":"publish","type":"product","link":"https:\/\/www.grintoura.fr\/en\/product\/vedettes-panoramiques-du-saut-du-doubs\/","title":{"rendered":"Vedettes panoramiques du Saut du Doubs"},"content":{"rendered":"<p><strong>Votre croisi\u00e8re eco-responsable au Saut du Doubs<\/strong><\/p>\n<p>Nous vous proposons une croisi\u00e8re comment\u00e9e dans un site grandiose et des paysages magnifiques :<\/p>\n<p>Vivez, explorez et d\u00e9couvrez le lieu class\u00e9 grand site national.<\/p>\n<p>Depuis les ann\u00e9es 1950, la famille Michel propose des croisi\u00e8res comment\u00e9es dans les gorges du Doubs \u00e0 destination du Saut du Doubs (cascade de 27m).<br \/>\nNos croisi\u00e8res sont respectueuses de l\u2019environnement car depuis plus de 20 ans, nos bateaux \u00ab V\u00e9nus \u00bb et \u00ab Sauconna \u00bb sont \u00e9quip\u00e9s de propulsions hybrides\/\u00e9lectro-solaires.<\/p>\n<p>&nbsp;<\/p>\n<p>&nbsp;<\/p>\n<p>Coordonn\u00e9es<br \/>\n2 place Maxime Cupillard<br \/>\n25130 VILLERS-LE-LAC<br \/>\n03 81 68 05 34<br \/>\nvedettespanoramiques@orange.fr<\/p>","protected":false},"excerpt":{"rendered":"<p>Votre croisi\u00e8re eco-responsable au Saut du Doubs Nous vous proposons une croisi\u00e8re comment\u00e9e dans un site grandiose et des paysages magnifiques : Vivez, explorez et d\u00e9couvrez le lieu class\u00e9 grand site national. Depuis les ann\u00e9es 1950, la famille Michel propose des croisi\u00e8res comment\u00e9es dans les gorges du Doubs \u00e0 destination du Saut du Doubs (cascade [&hellip;]<\/p>","protected":false},"featured_media":0,"template":"","meta":[],"product_cat":[21],"product_tag":[],"_links":{"self":[{"href":"https:\/\/www.grintoura.fr\/en\/wp-json\/wp\/v2\/product\/20947"}],"collection":[{"href":"https:\/\/www.grintoura.fr\/en\/wp-json\/wp\/v2\/product"}],"about":[{"href":"https:\/\/www.grintoura.fr\/en\/wp-json\/wp\/v2\/types\/product"}],"wp:attachment":[{"href":"https:\/\/www.grintoura.fr\/en\/wp-json\/wp\/v2\/media?parent=20947"}],"wp:term":[{"taxonomy":"product_cat","embeddable":true,"href":"https:\/\/www.grintoura.fr\/en\/wp-json\/wp\/v2\/product_cat?post=20947"},{"taxonomy":"product_tag","embeddable":true,"href":"https:\/\/www.grintoura.fr\/en\/wp-json\/wp\/v2\/product_tag?post=20947"}],"curies":[{"name":"wp","href":"https:\/\/api.w.org\/{rel}","templated":true}]}}