	
	
	
	
{"id":20926,"date":"2026-03-27T10:41:47","date_gmt":"2026-03-27T09:41:47","guid":{"rendered":"https:\/\/www.grintoura.fr\/product\/green-mojo\/"},"modified":"2026-03-27T10:41:47","modified_gmt":"2026-03-27T09:41:47","slug":"green-mojo","status":"publish","type":"product","link":"https:\/\/www.grintoura.fr\/en\/product\/green-mojo\/","title":{"rendered":"Green Mojo"},"content":{"rendered":"<p>GREEN MOJO<br \/>\n<strong>Green Mojo<\/strong><\/p>\n<p><strong><em>Location de trottinettes et VTT \u00e9lectriques \u00e0 La Bresse<\/em><\/strong><\/p>\n<p>Vivez l\u2019aventure vosgienne ! Guid\u00e9s par un GPS fourni, explorez les sommets et les lacs en trottinettes \u00e9lectriques tout-terrain et VTT \u00e0 assistance \u00e9lectrique, et d\u00e9gustez les sp\u00e9cialit\u00e9s locales avec les balades gourmandes. En famille, entre amis, entre coll\u00e8gues, nature, d\u00e9couverte et gourmandise au rendez-vous !<br \/>\nTrottinette : \u00c0 partir de 14 ans, jusqu&rsquo;\u00e0 100kg<br \/>\nVTT : \u00c0 partir de 1m30, jusqu&rsquo;\u00e0 110kg<br \/>\nAnnulation gratuite en cas de mauvais temps<\/p>\n<p>&nbsp;<\/p>\n<p><strong>Une exp\u00e9rience nature vers des sites d&rsquo;exception<\/strong><br \/>\nPrenez de l&rsquo;altitude, et profitez du silence de la mobilit\u00e9 douce (maximum 25km\/h) vers les plus beaux sites des Vosges tels que le Hohneck et les lacs de La Bresse. Bien plus qu&rsquo;une location de trottinettes et de v\u00e9los, Green Mojo c&rsquo;est un \u00e9tat d&rsquo;esprit ! L&rsquo;envie de vous faire d\u00e9couvrir les richesses de notre environnement en toute autonomie, la volont\u00e9 de cr\u00e9er des partenariats avec les acteurs locaux, le tout avec des modes de transport propres et de la bonne humeur \u00e0 toute \u00e9preuve !<\/p>\n<p>&nbsp;<\/p>\n<p><strong>Apr\u00e8s la balade<\/strong><br \/>\nProfitez de la terrasse et d\u00e9gustez une bi\u00e8re locale de la microbrasserie du Chajoux, un jus de fruits local ou une limonade artisanale. D\u00e9couvrez notre s\u00e9lection grandissante de produits bio sourc\u00e9s avec notamment une gamme de textile \u00e9quitable, une cave \u00e0 vins et les p\u00e9pites de nos producteurs locaux !<\/p>\n<p>&nbsp;<\/p>","protected":false},"excerpt":{"rendered":"<p>GREEN MOJO Green Mojo Location de trottinettes et VTT \u00e9lectriques \u00e0 La Bresse Vivez l\u2019aventure vosgienne ! Guid\u00e9s par un GPS fourni, explorez les sommets et les lacs en trottinettes \u00e9lectriques tout-terrain et VTT \u00e0 assistance \u00e9lectrique, et d\u00e9gustez les sp\u00e9cialit\u00e9s locales avec les balades gourmandes. En famille, entre amis, entre coll\u00e8gues, nature, d\u00e9couverte et [&hellip;]<\/p>","protected":false},"featured_media":0,"template":"","meta":[],"product_cat":[21],"product_tag":[],"_links":{"self":[{"href":"https:\/\/www.grintoura.fr\/en\/wp-json\/wp\/v2\/product\/20926"}],"collection":[{"href":"https:\/\/www.grintoura.fr\/en\/wp-json\/wp\/v2\/product"}],"about":[{"href":"https:\/\/www.grintoura.fr\/en\/wp-json\/wp\/v2\/types\/product"}],"wp:attachment":[{"href":"https:\/\/www.grintoura.fr\/en\/wp-json\/wp\/v2\/media?parent=20926"}],"wp:term":[{"taxonomy":"product_cat","embeddable":true,"href":"https:\/\/www.grintoura.fr\/en\/wp-json\/wp\/v2\/product_cat?post=20926"},{"taxonomy":"product_tag","embeddable":true,"href":"https:\/\/www.grintoura.fr\/en\/wp-json\/wp\/v2\/product_tag?post=20926"}],"curies":[{"name":"wp","href":"https:\/\/api.w.org\/{rel}","templated":true}]}}