	
	
	
	
{"id":20675,"date":"2026-03-20T11:23:02","date_gmt":"2026-03-20T10:23:02","guid":{"rendered":"https:\/\/www.grintoura.fr\/product\/escapade-en-terre-royale-la-loire-et-ses-tresors-caches\/"},"modified":"2026-04-06T07:16:04","modified_gmt":"2026-04-06T05:16:04","slug":"escapade-en-terre-royale-la-loire-et-ses-tresors-caches","status":"publish","type":"product","link":"https:\/\/www.grintoura.fr\/en\/product\/escapade-en-terre-royale-la-loire-et-ses-tresors-caches\/","title":{"rendered":"Escapade en Terre Royale : La Loire et ses Tr\u00e9sors \u2013 8jours\/7nuits"},"content":{"rendered":"<p>Votre aventure commence \u00e0 Saumur, ville o\u00f9 l\u2019histoire et la douceur de vivre se rencontrent. D\u00e8s votre arriv\u00e9e, installez-vous dans un h\u00f4tel \u00e9l\u00e9gant en plein c\u0153ur de la cit\u00e9, l\u00e0 o\u00f9 chaque rue murmure des si\u00e8cles de r\u00e9cits. Prenez le temps de vous impr\u00e9gner de l\u2019ambiance : un verre de Saumur-Champigny en terrasse, les parfums de la cuisine locale qui s\u2019\u00e9chappent des bistrots, et cette lumi\u00e8re dor\u00e9e qui caresse les fa\u00e7ades. Ici, le voyage commence d\u00e8s le premier pas.<\/p>\n<p>Saumur, perch\u00e9e sur les bords de la Loire, est une invitation \u00e0 l\u2019\u00e9merveillement. Son ch\u00e2teau f\u00e9erique, veillant sur la ville depuis plus de mille ans, semble tout droit sorti d\u2019un conte. Enfourchez un v\u00e9lo et partez sur la Loire \u00e0 V\u00e9lo, un parcours enchanteur qui serpente entre \u00eeles sauvages, vignobles ensoleill\u00e9s et villages troglodytes. Faites une pause sur une plage de sable, d\u00e9gustez un vin local dans un domaine viticole, et laissez-vous porter par la qui\u00e9tude des paysages lig\u00e9riens.<\/p>\n<p>Embarquez ensuite pour une balade fluviale sur la Loire, entre bancs de sable et \u00eeles secr\u00e8tes, refuges d\u2019oiseaux migrateurs. Puis, plongez dans un univers insolite avec la visite d\u2019une champignonni\u00e8re troglodyte, creus\u00e9e dans la pierre de tuffeau. Une exp\u00e9rience sensorielle o\u00f9 myst\u00e8re, fra\u00eecheur et gourmandise se m\u00ealent, pour une d\u00e9couverte aussi savoureuse qu\u2019inattendue.<\/p>\n<p>Direction Blois, ville royale o\u00f9 chaque pierre raconte une page de l\u2019histoire de France. Son ch\u00e2teau majestueux, joyau de la Renaissance, domine fi\u00e8rement la Loire. Fl\u00e2nez dans les ruelles pav\u00e9es, explorez ses mus\u00e9es fascinants et perdez-vous dans les jardins en terrasse, offrant une vue imprenable sur le fleuve. Blois, entre \u00e9l\u00e9gance et m\u00e9moire, est une \u00e9tape o\u00f9 le temps semble suspendu.<\/p>\n<p>Pr\u00e9parez-vous \u00e0 vivre un moment hors du temps au ch\u00e2teau de Chambord, chef-d\u2019\u0153uvre architectural d\u00e9fiant l\u2019imagination. Gr\u00e2ce \u00e0 l\u2019Histopad, plongez dans l\u2019univers de Fran\u00e7ois Ier et explorez ses salles reconstitu\u00e9es en 3D, pour une visite immersive entre r\u00e9alit\u00e9 et r\u00eave. Puis, laissez-vous ensorceler par les jardins \u00e0 la fran\u00e7aise, un \u00e9crin de verdure o\u00f9 art et nature dialoguent en harmonie.<\/p>\n<p>Chenonceau, le \u00ab Ch\u00e2teau des Dames \u00bb, est une ode \u00e0 l\u2019influence f\u00e9minine. De Catherine Bri\u00e7onnet \u00e0 Diane de Poitiers, ces femmes ont fa\u00e7onn\u00e9 son destin et son \u00e9l\u00e9gance. Parcourez ses salles richement meubl\u00e9es, ses galeries enj\u00f4leuses et ses jardins romantiques, pour une immersion dans l\u2019histoire et la gr\u00e2ce f\u00e9minine.<\/p>\n<p>Enfin, d\u00e9couvrez Chaumont-sur-Loire, domaine o\u00f9 patrimoine, art contemporain et jardins innovants se rencontrent. Autrefois th\u00e9\u00e2tre de r\u00e9ceptions fastueuses, ce ch\u00e2teau et son Festival International des Jardins vous promettent une exp\u00e9rience unique, entre cr\u00e9ativit\u00e9, histoire et po\u00e9sie v\u00e9g\u00e9tale.<\/p>\n<p>Un voyage en Val de Loire o\u00f9 chaque ch\u00e2teau est une l\u00e9gende, chaque paysage une \u00e9motion, et chaque instant une invitation \u00e0 r\u00eaver.<\/p>\n<p><span style=\"color: #0000ff;\"><em><strong><a style=\"color: #0000ff;\" href=\"https:\/\/www.bretagneautrement.fr\/creation-voyage\/\" target=\"_blank\" rel=\"noopener\"><img decoding=\"async\" class=\"alignnone  wp-image-21302\" src=\"https:\/\/www.grintoura.fr\/wp-content\/uploads\/2026\/04\/162185924_210752207244283_7495747364715405933_n-300x300.jpg\" alt=\"\" width=\"48\" height=\"48\" title=\"\" srcset=\"https:\/\/www.grintoura.fr\/wp-content\/uploads\/2026\/04\/162185924_210752207244283_7495747364715405933_n-300x300.jpg 300w, https:\/\/www.grintoura.fr\/wp-content\/uploads\/2026\/04\/162185924_210752207244283_7495747364715405933_n-150x150.jpg 150w, https:\/\/www.grintoura.fr\/wp-content\/uploads\/2026\/04\/162185924_210752207244283_7495747364715405933_n-12x12.jpg 12w, https:\/\/www.grintoura.fr\/wp-content\/uploads\/2026\/04\/162185924_210752207244283_7495747364715405933_n-200x200.jpg 200w, https:\/\/www.grintoura.fr\/wp-content\/uploads\/2026\/04\/162185924_210752207244283_7495747364715405933_n-100x100.jpg 100w, https:\/\/www.grintoura.fr\/wp-content\/uploads\/2026\/04\/162185924_210752207244283_7495747364715405933_n.jpg 414w\" sizes=\"(max-width: 48px) 100vw, 48px\" \/><\/a>\u00a0 <a href=\"https:\/\/www.bretagneautrement.fr\/creation-voyage\/\" target=\"_blank\" rel=\"noopener\">-&gt; Formulaire de contact<\/a><\/strong><\/em><\/span><\/p>","protected":false},"excerpt":{"rendered":"<p>Votre aventure commence \u00e0 Saumur, ville o\u00f9 l\u2019histoire et la douceur de vivre se rencontrent. D\u00e8s votre arriv\u00e9e, installez-vous dans un h\u00f4tel \u00e9l\u00e9gant en plein c\u0153ur de la cit\u00e9, l\u00e0 o\u00f9 chaque rue murmure des si\u00e8cles de r\u00e9cits. Prenez le temps de vous impr\u00e9gner de l\u2019ambiance : un verre de Saumur-Champigny en terrasse, les parfums [&hellip;]<\/p>","protected":false},"featured_media":0,"template":"","meta":[],"product_cat":[21],"product_tag":[],"_links":{"self":[{"href":"https:\/\/www.grintoura.fr\/en\/wp-json\/wp\/v2\/product\/20675"}],"collection":[{"href":"https:\/\/www.grintoura.fr\/en\/wp-json\/wp\/v2\/product"}],"about":[{"href":"https:\/\/www.grintoura.fr\/en\/wp-json\/wp\/v2\/types\/product"}],"wp:attachment":[{"href":"https:\/\/www.grintoura.fr\/en\/wp-json\/wp\/v2\/media?parent=20675"}],"wp:term":[{"taxonomy":"product_cat","embeddable":true,"href":"https:\/\/www.grintoura.fr\/en\/wp-json\/wp\/v2\/product_cat?post=20675"},{"taxonomy":"product_tag","embeddable":true,"href":"https:\/\/www.grintoura.fr\/en\/wp-json\/wp\/v2\/product_tag?post=20675"}],"curies":[{"name":"wp","href":"https:\/\/api.w.org\/{rel}","templated":true}]}}