	
	
	
	
{"id":20661,"date":"2026-03-19T15:42:23","date_gmt":"2026-03-19T14:42:23","guid":{"rendered":"https:\/\/www.grintoura.fr\/product\/escapade-enchantee-en-normandie-du-cotentin-au-mont-saint-michel\/"},"modified":"2026-04-06T07:20:22","modified_gmt":"2026-04-06T05:20:22","slug":"escapade-enchantee-en-normandie-du-cotentin-au-mont-saint-michel","status":"publish","type":"product","link":"https:\/\/www.grintoura.fr\/en\/product\/escapade-enchantee-en-normandie-du-cotentin-au-mont-saint-michel\/","title":{"rendered":"Escapade Enchant\u00e9e en Normandie : Du Cotentin au Mont Saint-Michel \u2013 8jours\/7nuits"},"content":{"rendered":"<p>Votre escapade commence \u00e0 Carentan Les Marais, porte d\u2019entr\u00e9e d\u2019un \u00e9crin naturel pr\u00e9serv\u00e9. Installez-vous dans une maison d\u2019h\u00f4tes chaleureuse, au c\u0153ur d\u2019une ville o\u00f9 l\u2019histoire et la nature se m\u00ealent harmonieusement. Entre marais myst\u00e9rieux, b\u00e2timents class\u00e9s et paysages \u00e0 couper le souffle, Carentan est une invitation \u00e0 la d\u00e9couverte.<\/p>\n<p>Barfleur, l\u2019un des plus beaux villages de France, vous attend pour une matin\u00e9e de r\u00eave. Fl\u00e2nez dans ses ruelles pittoresques, impr\u00e9gnez-vous de son charme intemporel, puis d\u00e9fiez-vous en gravissant les 365 marches du phare de Gatteville. Une fois au sommet, laissez-vous subjuguer par une vue panoramique \u00e0 360\u00b0, o\u00f9 la mer et le ciel ne font plus qu\u2019un.<\/p>\n<p>L\u2019apr\u00e8s-midi, embarquez pour une balade priv\u00e9e en mer vers l\u2019\u00eele Tatihou. Entre brise marine et paysages pr\u00e9serv\u00e9s, savourez une d\u00e9gustation d\u2019hu\u00eetres fra\u00eeches, p\u00each\u00e9es localement. Une exp\u00e9rience sensorielle qui mariera saveurs et paysages \u00e0 couper le souffle.<\/p>\n<p>Plongez ensuite dans l\u2019univers pr\u00e9serv\u00e9 du Parc Naturel R\u00e9gional des Marais du Cotentin. Entre balades \u00e0 v\u00e9lo \u00e9lectrique sur des sentiers verdoyants et observation des oiseaux dans une r\u00e9serve ornithologique, chaque instant est une c\u00e9l\u00e9bration de la nature. N\u2019oubliez pas vos jumelles : les marais regorgent de tr\u00e9sors \u00e0 d\u00e9couvrir !<\/p>\n<p>Granville, station baln\u00e9aire au charme fou, vous ouvre ses portes. Entre remparts charg\u00e9s d\u2019histoire, maisons anciennes et ambiance maritime, cette ville est un v\u00e9ritable voyage dans le temps. Et pour les passionn\u00e9s de mode, la maison d\u2019enfance de Christian Dior, transform\u00e9e en mus\u00e9e, est une \u00e9tape incontournable. Ses jardins en terrasses offrent une vue imprenable sur les \u00eeles Chausey, un archipel paradisiaque o\u00f9 la nature r\u00e8gne en ma\u00eetre.<\/p>\n<p>Pr\u00e9parez-vous \u00e0 vivre une journ\u00e9e d\u2019exception sur les \u00eeles Chausey, le plus grand archipel d\u2019Europe. Entre plages de sable fin, eaux turquoise et paysages lunaires, cet \u00e9crin naturel est une invitation \u00e0 l\u2019\u00e9vasion. Laissez-vous porter par la magie des grandes mar\u00e9es et la richesse de sa biodiversit\u00e9.<\/p>\n<p>Votre p\u00e9riple s\u2019ach\u00e8ve en apoth\u00e9ose au Mont Saint-Michel, joyau du patrimoine mondial de l\u2019UNESCO. Ce site l\u00e9gendaire, o\u00f9 la mer et le ciel se rencontrent, vous offrira un spectacle inoubliable. Explorez le village et son abbaye lors d\u2019une visite guid\u00e9e priv\u00e9e, et laissez-vous conter les secrets de cette merveille du monde.<\/p>\n<p>Un voyage en Normandie o\u00f9 chaque jour est une nouvelle aventure, entre nature pr\u00e9serv\u00e9e, patrimoine historique et paysages \u00e0 couper le souffle.<\/p>\n<p><img decoding=\"async\" class=\"alignnone  wp-image-21302\" src=\"https:\/\/www.grintoura.fr\/wp-content\/uploads\/2026\/04\/162185924_210752207244283_7495747364715405933_n-300x300.jpg\" alt=\"\" width=\"62\" height=\"62\" title=\"\" srcset=\"https:\/\/www.grintoura.fr\/wp-content\/uploads\/2026\/04\/162185924_210752207244283_7495747364715405933_n-300x300.jpg 300w, https:\/\/www.grintoura.fr\/wp-content\/uploads\/2026\/04\/162185924_210752207244283_7495747364715405933_n-150x150.jpg 150w, https:\/\/www.grintoura.fr\/wp-content\/uploads\/2026\/04\/162185924_210752207244283_7495747364715405933_n-12x12.jpg 12w, https:\/\/www.grintoura.fr\/wp-content\/uploads\/2026\/04\/162185924_210752207244283_7495747364715405933_n-200x200.jpg 200w, https:\/\/www.grintoura.fr\/wp-content\/uploads\/2026\/04\/162185924_210752207244283_7495747364715405933_n-100x100.jpg 100w, https:\/\/www.grintoura.fr\/wp-content\/uploads\/2026\/04\/162185924_210752207244283_7495747364715405933_n.jpg 414w\" sizes=\"(max-width: 62px) 100vw, 62px\" \/><a href=\"https:\/\/www.bretagneautrement.fr\/creation-voyage\/\" target=\"_blank\" rel=\"noopener\"><span style=\"color: #0000ff;\"><em><strong>\u00a0-&gt; Formulaire de contact<\/strong><\/em><\/span><\/a><\/p>","protected":false},"excerpt":{"rendered":"<p>Votre escapade commence \u00e0 Carentan Les Marais, porte d\u2019entr\u00e9e d\u2019un \u00e9crin naturel pr\u00e9serv\u00e9. Installez-vous dans une maison d\u2019h\u00f4tes chaleureuse, au c\u0153ur d\u2019une ville o\u00f9 l\u2019histoire et la nature se m\u00ealent harmonieusement. Entre marais myst\u00e9rieux, b\u00e2timents class\u00e9s et paysages \u00e0 couper le souffle, Carentan est une invitation \u00e0 la d\u00e9couverte. Barfleur, l\u2019un des plus beaux villages [&hellip;]<\/p>","protected":false},"featured_media":0,"template":"","meta":[],"product_cat":[21],"product_tag":[],"_links":{"self":[{"href":"https:\/\/www.grintoura.fr\/en\/wp-json\/wp\/v2\/product\/20661"}],"collection":[{"href":"https:\/\/www.grintoura.fr\/en\/wp-json\/wp\/v2\/product"}],"about":[{"href":"https:\/\/www.grintoura.fr\/en\/wp-json\/wp\/v2\/types\/product"}],"wp:attachment":[{"href":"https:\/\/www.grintoura.fr\/en\/wp-json\/wp\/v2\/media?parent=20661"}],"wp:term":[{"taxonomy":"product_cat","embeddable":true,"href":"https:\/\/www.grintoura.fr\/en\/wp-json\/wp\/v2\/product_cat?post=20661"},{"taxonomy":"product_tag","embeddable":true,"href":"https:\/\/www.grintoura.fr\/en\/wp-json\/wp\/v2\/product_tag?post=20661"}],"curies":[{"name":"wp","href":"https:\/\/api.w.org\/{rel}","templated":true}]}}