	
	
	
	
{"id":20654,"date":"2026-03-19T15:15:38","date_gmt":"2026-03-19T14:15:38","guid":{"rendered":"https:\/\/www.grintoura.fr\/product\/voyage-en-bretagne-sud-entre-quimper-concarneau-vannes-et-les-iles-a-explorer\/"},"modified":"2026-03-20T11:26:40","modified_gmt":"2026-03-20T10:26:40","slug":"voyage-en-bretagne-sud-entre-quimper-concarneau-vannes-et-les-iles-a-explorer","status":"publish","type":"product","link":"https:\/\/www.grintoura.fr\/en\/product\/voyage-en-bretagne-sud-entre-quimper-concarneau-vannes-et-les-iles-a-explorer\/","title":{"rendered":"Voyage en Bretagne Sud : Entre Quimper, Concarneau, Vannes et les \u00eeles \u00e0 explorer \u2013 8jours\/7nuits"},"content":{"rendered":"<p>Commencez votre aventure \u00e0 Quimper, joyau de la Cornouaille, o\u00f9 vous serez accueilli dans une maison d&rsquo;h\u00f4tes chaleureuse en plein centre-ville. Laissez-vous porter par l\u2019atmosph\u00e8re unique de cette cit\u00e9 d\u2019Art et d\u2019Histoire, o\u00f9 chaque rue raconte une histoire. Immortalisez ces instants magiques avec des photos souvenirs qui feront briller vos albums de voyage.<\/p>\n<p>Ensuite, cap sur un h\u00f4tel d\u2019exception, nich\u00e9 dans une Bretagne pr\u00e9serv\u00e9e, \u00e0 deux pas de Concarneau. Ici, le temps semble suspendu. Explorez librement la ville close, son port anim\u00e9 et ses remparts charg\u00e9s d\u2019histoire, pour une immersion totale dans l\u2019\u00e2me bretonne.<\/p>\n<p>L\u2019aventure continue avec une croisi\u00e8re inoubliable \u00e0 bord d\u2019un vieux gr\u00e9ement, direction l\u2019archipel des Gl\u00e9nan. Plongez dans des eaux cristallines, savourez une sieste sur des plages de sable blanc, et laissez-vous ensorceler par la beaut\u00e9 sauvage de ces \u00eeles pr\u00e9serv\u00e9es.<\/p>\n<p>Votre p\u00e9riple se poursuit vers le Golfe du Morbihan, apr\u00e8s une halte gourmande \u00e0 Auray, o\u00f9 le port de Saint-Goustan vous invite \u00e0 une pause caf\u00e9 pleine de charme. Installez-vous pour trois nuits dans une charmante maison d&rsquo;h\u00f4tes, les pieds dans l\u2019eau, o\u00f9 cocktails, baignades et panoramas \u00e0 couper le souffle vous attendent. D\u00e9couvrez ensuite Vannes, ville d\u2019art et d\u2019histoire, avec ses maisons \u00e0 colombages, ses remparts et ses jardins romantiques.<\/p>\n<p>Enfin, laissez-vous s\u00e9duire par les tr\u00e9sors du Golfe du Morbihan : les \u00eeles myst\u00e9rieuses, les menhirs de Carnac, la c\u00f4te sauvage de Quiberon et la majestueuse Belle-\u00cele-en-Mer. Chaque jour est une nouvelle d\u00e9couverte, chaque instant une invitation \u00e0 r\u00eaver.<\/p>","protected":false},"excerpt":{"rendered":"<p>Commencez votre aventure \u00e0 Quimper, joyau de la Cornouaille, o\u00f9 vous serez accueilli dans une maison d&rsquo;h\u00f4tes chaleureuse en plein centre-ville. Laissez-vous porter par l\u2019atmosph\u00e8re unique de cette cit\u00e9 d\u2019Art et d\u2019Histoire, o\u00f9 chaque rue raconte une histoire. Immortalisez ces instants magiques avec des photos souvenirs qui feront briller vos albums de voyage. Ensuite, cap [&hellip;]<\/p>","protected":false},"featured_media":0,"template":"","meta":[],"product_cat":[21],"product_tag":[],"_links":{"self":[{"href":"https:\/\/www.grintoura.fr\/en\/wp-json\/wp\/v2\/product\/20654"}],"collection":[{"href":"https:\/\/www.grintoura.fr\/en\/wp-json\/wp\/v2\/product"}],"about":[{"href":"https:\/\/www.grintoura.fr\/en\/wp-json\/wp\/v2\/types\/product"}],"wp:attachment":[{"href":"https:\/\/www.grintoura.fr\/en\/wp-json\/wp\/v2\/media?parent=20654"}],"wp:term":[{"taxonomy":"product_cat","embeddable":true,"href":"https:\/\/www.grintoura.fr\/en\/wp-json\/wp\/v2\/product_cat?post=20654"},{"taxonomy":"product_tag","embeddable":true,"href":"https:\/\/www.grintoura.fr\/en\/wp-json\/wp\/v2\/product_tag?post=20654"}],"curies":[{"name":"wp","href":"https:\/\/api.w.org\/{rel}","templated":true}]}}