	
	
	
	
{"id":20641,"date":"2026-03-15T21:24:05","date_gmt":"2026-03-15T20:24:05","guid":{"rendered":"https:\/\/www.grintoura.fr\/product\/lagune-de-thau\/"},"modified":"2026-03-15T21:24:05","modified_gmt":"2026-03-15T20:24:05","slug":"lagune-de-thau","status":"publish","type":"product","link":"https:\/\/www.grintoura.fr\/en\/product\/lagune-de-thau\/","title":{"rendered":"Lagune de Thau"},"content":{"rendered":"<p><strong>La lagune de Thau : un \u00e9cosyst\u00e8me m\u00e9diterran\u00e9en d\u2019exception<\/strong><br \/>\n<strong>Un milieu naturel unique<\/strong><br \/>\nLa lagune de Thau, situ\u00e9e entre S\u00e8te et Marseillan dans l\u2019H\u00e9rault, est la plus grande lagune c\u00f4ti\u00e8re d\u2019Occitanie, s\u2019\u00e9tendant sur pr\u00e8s de 7 000 hectares. Profonde en moyenne de 4,5 m\u00e8tres (et jusqu\u2019\u00e0 30 m\u00e8tres par endroits), elle est s\u00e9par\u00e9e de la M\u00e9diterran\u00e9e par un cordon de sable, le lido, qui en fait un milieu semi-ferm\u00e9, \u00e0 la fois sal\u00e9 et influenc\u00e9 par les apports d\u2019eau douce du bassin versant. Ce m\u00e9lange d\u2019eaux douces et marines, associ\u00e9 \u00e0 un climat m\u00e9diterran\u00e9en marqu\u00e9 par des pluies torrentielles en automne et au printemps, cr\u00e9e des conditions id\u00e9ales pour une biodiversit\u00e9 exceptionnelle.<\/p>\n<p>La lagune abrite pr\u00e8s de 400 esp\u00e8ces v\u00e9g\u00e9tales et 100 esp\u00e8ces animales, dont certaines sont embl\u00e9matiques comme l\u2019hippocampe mouchet\u00e9, la grande nacre (une esp\u00e8ce menac\u00e9e en M\u00e9diterran\u00e9e), la daurade, le loup de mer, ou encore des oiseaux comme les h\u00e9rons et les flamants roses. Les fonds marins sont tapiss\u00e9s d\u2019herbiers de zost\u00e8res, v\u00e9ritables poumons de l\u2019\u00e9cosyst\u00e8me, qui abritent et nourrissent une multitude d\u2019esp\u00e8ces marines et servent de nurseries pour les juv\u00e9niles de poissons<\/p>\n<p><strong>Une histoire \u00e9cologique marqu\u00e9e par la r\u00e9silience<\/strong><br \/>\nDans les ann\u00e9es 1960, la lagune de Thau a subi une d\u00e9gradation importante de son \u00e9tat \u00e9cologique, due \u00e0 l\u2019urbanisation croissante, aux rejets agricoles et industriels, et \u00e0 la pollution microbiologique. Ces pressions ont entra\u00een\u00e9 des contaminations des coquillages et une eutrophisation du milieu, mena\u00e7ant la conchyliculture, activit\u00e9 historique et \u00e9conomique majeure de la r\u00e9gion.<\/p>\n<p>Cependant, gr\u00e2ce \u00e0 un ambitieux programme d\u2019assainissement et \u00e0 la mise en place de mesures de gestion int\u00e9gr\u00e9e (notamment via le Syndicat mixte du bassin de Thau et le classement en site Natura 2000), la lagune a connu une dynamique de restauration remarquable. Aujourd\u2019hui, elle atteint un bon \u00e9tat \u00e9cologique au regard de la Directive cadre sur l\u2019eau, et la qualit\u00e9 de ses eaux s\u2019est nettement am\u00e9lior\u00e9e, favorisant le retour d\u2019esp\u00e8ces sensibles et la r\u00e9silience de l\u2019\u00e9cosyst\u00e8me<\/p>\n<p><strong>Les d\u00e9fis du changement climatique<\/strong><br \/>\nMalgr\u00e9 ces avanc\u00e9es, la lagune de Thau reste vuln\u00e9rable face aux effets du changement climatique. La temp\u00e9rature de l\u2019eau a d\u00e9j\u00e0 augment\u00e9 de 1,6 \u00b0C en vingt ans, entra\u00eenant des \u00e9pisodes de d\u00e9soxyg\u00e9nation et des mortalit\u00e9s massives de coquillages, comme en 2021, o\u00f9 100 % des moules et 30 \u00e0 40 % des hu\u00eetres ont p\u00e9ri. Ces \u00e9v\u00e9nements soulignent la n\u00e9cessit\u00e9 de renforcer les efforts de restauration \u00e9cologique et d\u2019adapter les pratiques locales pour pr\u00e9server la biodiversit\u00e9 et les activit\u00e9s \u00e9conomiques<\/p>\n<p><strong>L\u2019archipel de Thau : une mosa\u00efque de paysages et de biodiversit\u00e9<\/strong><br \/>\n<em>Un territoire labellis\u00e9 pour sa durabilit\u00e9<\/em><br \/>\nL\u2019archipel de Thau, qui englobe la lagune et ses abords, est un territoire o\u00f9 se c\u00f4toient lagunes, \u00e9tangs, garrigues, vignobles et zones urbaines. Class\u00e9 Natura 2000 et labellis\u00e9 Green Destinations, il est reconnu pour sa gestion durable des ressources et sa pr\u00e9servation active de la biodiversit\u00e9. Le massif de la Gardiole, la r\u00e9serve naturelle du Bagnas, et les lidos (cordons sableux s\u00e9parant les lagunes de la mer) sont autant d\u2019espaces prot\u00e9g\u00e9s qui abritent des esp\u00e8ces rares et des habitats naturels remarquables.<\/p>\n<p><strong>Une biodiversit\u00e9 terrestre et marine pr\u00e9serv\u00e9e<\/strong><br \/>\nLes espaces naturels de l\u2019archipel de Thau sont des havres pour une faune et une flore diversifi\u00e9es. La r\u00e9serve naturelle du Bagnas, par exemple, est une zone humide de 600 hectares, class\u00e9e Natura 2000, qui accueille des oiseaux migrateurs, des amphibiens et une v\u00e9g\u00e9tation adapt\u00e9e aux milieux salins. Les herbiers de zost\u00e8res, les bancs de sable et les garrigues offrent des refuges et des zones de reproduction pour de nombreuses esp\u00e8ces, tandis que les activit\u00e9s traditionnelles comme la p\u00eache, la conchyliculture et l\u2019agriculture coexistent avec ces \u00e9cosyst\u00e8mes fragiles.<\/p>\n<p><strong>Des actions concr\u00e8tes pour la protection<\/strong><br \/>\nLa gestion de l\u2019archipel de Thau repose sur une approche collaborative entre acteurs locaux, scientifiques et institutions. Des mesures telles que la restauration des zones humides, la sensibilisation du public, le soutien aux pratiques agricoles vertueuses (via les MAEC, Mesures Agro-Environnementales et Climatiques), et la protection des esp\u00e8ces menac\u00e9es (comme les oiseaux et les hippocampes) sont mises en \u0153uvre pour pr\u00e9server cet \u00e9quilibre d\u00e9licat. Le site thaunature.fr et les animations grand public permettent de sensibiliser les visiteurs \u00e0 l\u2019importance de respecter ces milieux naturels.<\/p>\n<p><strong>Conclusion : un patrimoine \u00e0 pr\u00e9server<\/strong><br \/>\nLa lagune de Thau et son archipel repr\u00e9sentent un patrimoine naturel, culturel et \u00e9conomique majeur pour la r\u00e9gion Occitanie. Leur richesse \u00e9cologique, leur r\u00e9silience face aux pressions humaines et leur gestion durable en font des mod\u00e8les d\u2019\u00e9quilibre entre activit\u00e9 humaine et pr\u00e9servation de la nature. Cependant, les d\u00e9fis pos\u00e9s par le changement climatique et la pression touristique rendent indispensable la poursuite des efforts de protection et d\u2019adaptation.<\/p>\n<p>Visiter ces lieux, c\u2019est d\u00e9couvrir un \u00e9cosyst\u00e8me m\u00e9diterran\u00e9en unique, o\u00f9 chaque \u00e9l\u00e9ment \u2013 de l\u2019herbier de zost\u00e8re \u00e0 l\u2019hippocampe, en passant par les vignobles et les villages de p\u00eacheurs \u2013 raconte une histoire de symbiose entre l\u2019homme et la nature. C\u2019est aussi prendre conscience de la n\u00e9cessit\u00e9 de pr\u00e9server ces espaces pour les g\u00e9n\u00e9rations futures, afin qu\u2019ils continuent d\u2019\u00eatre des laboratoires vivants de la biodiversit\u00e9 m\u00e9diterran\u00e9enne.<\/p>","protected":false},"excerpt":{"rendered":"<p>La lagune de Thau : un \u00e9cosyst\u00e8me m\u00e9diterran\u00e9en d\u2019exception Un milieu naturel unique La lagune de Thau, situ\u00e9e entre S\u00e8te et Marseillan dans l\u2019H\u00e9rault, est la plus grande lagune c\u00f4ti\u00e8re d\u2019Occitanie, s\u2019\u00e9tendant sur pr\u00e8s de 7 000 hectares. Profonde en moyenne de 4,5 m\u00e8tres (et jusqu\u2019\u00e0 30 m\u00e8tres par endroits), elle est s\u00e9par\u00e9e de la [&hellip;]<\/p>","protected":false},"featured_media":0,"template":"","meta":[],"product_cat":[21],"product_tag":[],"_links":{"self":[{"href":"https:\/\/www.grintoura.fr\/en\/wp-json\/wp\/v2\/product\/20641"}],"collection":[{"href":"https:\/\/www.grintoura.fr\/en\/wp-json\/wp\/v2\/product"}],"about":[{"href":"https:\/\/www.grintoura.fr\/en\/wp-json\/wp\/v2\/types\/product"}],"wp:attachment":[{"href":"https:\/\/www.grintoura.fr\/en\/wp-json\/wp\/v2\/media?parent=20641"}],"wp:term":[{"taxonomy":"product_cat","embeddable":true,"href":"https:\/\/www.grintoura.fr\/en\/wp-json\/wp\/v2\/product_cat?post=20641"},{"taxonomy":"product_tag","embeddable":true,"href":"https:\/\/www.grintoura.fr\/en\/wp-json\/wp\/v2\/product_tag?post=20641"}],"curies":[{"name":"wp","href":"https:\/\/api.w.org\/{rel}","templated":true}]}}