	
	
	
	
{"id":20631,"date":"2026-03-14T18:06:52","date_gmt":"2026-03-14T17:06:52","guid":{"rendered":"https:\/\/www.grintoura.fr\/product\/thermasalina\/"},"modified":"2026-03-14T18:06:52","modified_gmt":"2026-03-14T17:06:52","slug":"thermasalina","status":"publish","type":"product","link":"https:\/\/www.grintoura.fr\/en\/product\/thermasalina\/","title":{"rendered":"ThermaSalina"},"content":{"rendered":"<p><strong>Les Thermes de Salins-les-Bains &#8211; ThermaSalina<\/strong><br \/>\nD\u00e9couvrez la somptueuse nature du Jura et les merveilles de son patrimoine. Depuis 1854, les Thermes de Salins-les-Bains sont un havre de s\u00e9r\u00e9nit\u00e9 et de ressourcement, un lieu d&rsquo;histoire charg\u00e9 dans la puret\u00e9 de ses eaux thermales.<\/p>\n<p>Nos eaux chlorur\u00e9es sodiques, jaillissantes \u00e0 18\u00b0C \u200b\u200bavec un pH de 6,15, sont r\u00e9put\u00e9es pour leurs vertus apaisantes et revitalisantes. Ce tr\u00e9sor naturel offre ses bienfaits \u00e0 tous, quel que soit l&rsquo;\u00e2ge, en procurant un \u00e9quilibre entre soin et d\u00e9tente.<\/p>\n<p><strong>Un cadre enchanteur et historique<\/strong><br \/>\nLaissez vous s\u00e9duire par l&rsquo;atmosph\u00e8re apaisante de notre \u00e9tablissement et faites vous bercer par le doux murmure des eaux et ses installations pens\u00e9es pour votre confort.<\/p>\n<p><strong>Nos atouts bien-\u00eatre :<\/strong><br \/>\nCures thermales m\u00e9dicales : Des programmes d\u00e9di\u00e9s pour soulager et r\u00e9g\u00e9n\u00e9rer votre corps.<br \/>\nBaln\u00e9oth\u00e9rapie : Offrez vous un moment de d\u00e9tente totale.<br \/>\nPiscine sal\u00e9e \u00e0 32\u00b0C : Aussi relaxante que la mer, pour une sensation de flottement incomparable.<\/p>\n<p><strong>Quelques chiffres :<\/strong><br \/>\nPlus de 2000 curistes accueillis chaque ann\u00e9e.<br \/>\nUne expertise de plus de 150 ans au service de votre bien-\u00eatre.<br \/>\nVenez d\u00e9couvrir un lieu o\u00f9 le temps semble s&rsquo;arr\u00eater, un espace o\u00f9 chaque soin devient une parenth\u00e8se enchant\u00e9e.<\/p>\n<p><em>Offrez vous une pause pr\u00e9cieuse aux Thermes de Salins-les-Bains, et laissez nous prendre soin de vous.<\/em><\/p>\n<p>&nbsp;<\/p>\n<p><strong>L&rsquo;espace relaxation<\/strong><br \/>\nL&rsquo;entr\u00e9e \u00e0 l&rsquo;espace relaxation vous donne acc\u00e8s \u00e0 :<\/p>\n<p>1 bassin thermo-ludique de pr\u00e8s de 200 m28 buses de massages<br \/>\n1 couloir de nage \u00e0 contre courant<br \/>\n2 banquettes massantes<br \/>\n1 jacuzzi<br \/>\n2 saunas1 sauna chauff\u00e9 \u00e0 75\u00b0C<br \/>\n1 sauna chauff\u00e9 \u00e0 85\u00b0C<br \/>\n1 hammam chauff\u00e9 \u00e0 45\u00b0C<br \/>\n1 caldarium chauff\u00e9 \u00e0 36\u00b0C<\/p>\n<p><strong>Les zones communes :<\/strong><br \/>\n1 salle de repos<br \/>\n9 cabines de douche<br \/>\nS\u00e8che-cheveux<br \/>\n1 espace pausemachine \u00e0 caf\u00e9<br \/>\ndistributeur de boissons fra\u00eeches<br \/>\nfontaine \u00e0 eau<br \/>\nVous y trouverez des casiers avec ouverture et fermeture \u00e9lectroniques, un bracelet vous est remis \u00e0 l&rsquo;entr\u00e9e pour les contr\u00f4ler et pour vous donner acc\u00e8s \u00e0 l&rsquo;espace relaxation.<\/p>\n<p>L&rsquo;\u00e9tablissement poss\u00e8de \u00e9galement un fauteuil pour les personnes \u00e0 mobilit\u00e9 r\u00e9duite, pour le transfert au sein de l&rsquo;\u00e9tablissement.<\/p>\n<p><strong>L&rsquo;espace bien-\u00eatre &amp; cures<\/strong><br \/>\nCet espace comprend :<\/p>\n<p>7 cabines de massages \u00e0 sec et d&rsquo;esth\u00e9tique<br \/>\n12 cabines d&rsquo;application de boue<br \/>\n12 baignoires d&rsquo;a\u00e9robains\/hydrobains<br \/>\n6 cabines de massage sous rampe d&rsquo;eau sal\u00e9e<br \/>\n1 bassin de mobilisation piscine12 places<br \/>\n1 bassin de bain douche immersion12 places avec buses de massage<br \/>\n4 \u00e9tuves type Berthollaix<br \/>\n6 \u00e9tuves manuluves\/p\u00e9diluves<br \/>\n3 douches au jet<\/p>\n<p><strong>A savoir<\/strong><br \/>\nLe sauna est un bain de chaleur s\u00e8che, d&rsquo;origine nordique, ce rituel consiste \u00e0 verser de l&rsquo;eau additionn\u00e9e d&rsquo;huiles essentielles sur des pierres chaudes. Il se pratique traditionnellement dans une pi\u00e8ce ou une cabane en bois. Les scandinaves ont pour habitude de plonger ensuite dans de l&rsquo;eau tr\u00e8s froide ou de se frotter avec de la neige. La sudation a sur le corps des effets relaxants, purifiants et d\u00e9toxifiants. Cette alternance du chaud et du froid renforce les d\u00e9fenses immunitaires et l&rsquo;\u00e9lasticit\u00e9 de la peau.<br \/>\nLe hammam est un bain de vapeur. Ce rituel ancestral prend sa source dans la Rome Antique. Il est reconnu pour ses bienfaits sur le corps, la peau et l&rsquo;esprit. Secret de beaut\u00e9 orientale, le hammam a des vertus apaisantes, d\u00e9toxifiantes, purifiantes et antistress.<br \/>\nTout comme le hammam, le caldarium (ou calidarium) est inspir\u00e9 des Thermes Romains, l&rsquo;\u00e9tymologie vient du latin \u00ab\u00a0calidus\u00a0\u00bb qui veut dire \u00ab\u00a0chaud\u00a0\u00bb. Il d\u00e9signe la partie des thermes o\u00f9 l&rsquo;on pouvait prendre des bains chauds. Il \u00e9tait g\u00e9n\u00e9ralement dispos\u00e9 apr\u00e8s le frigidarium (bains froids) et le tepidarium (bains ti\u00e8des).<\/p>\n<p>&nbsp;<\/p>\n<p><a href=\"https:\/\/www.thermes-salins.com\/horaires\" target=\"_blank\" rel=\"noopener\">-&gt;Horaires:<\/a><\/p>\n<p><strong>L&rsquo;espace relaxation<\/strong><br \/>\nL-M-M-J-V-S<br \/>\nDe 14:30 \u00e0 18:30<br \/>\nDimanche<br \/>\nDe 9:30 \u00e0 11:45 et de 14:00 \u00e0 17:30<br \/>\nJours f\u00e9ri\u00e9s<br \/>\nDe 14:00 \u00e0 17:30<\/p>\n<p>Ferm\u00e9<br \/>\nLe 5 avril, le 1er mai et les 24, 25 et 31 d\u00e9cembre.<\/p>\n<p><strong>Les cures thermales<\/strong><br \/>\nL-M-M-J-V-S<br \/>\nDe 6:30 \u00e0 12:00<\/p>\n<p><strong>L&rsquo;espace remise en forme<\/strong><br \/>\nL-M-M-J-V-S<br \/>\nDe 14:00 \u00e0 18:30<\/p>\n<p>Ferm\u00e9<br \/>\nLes jours f\u00e9ri\u00e9s<\/p>\n<p>&nbsp;<\/p>\n<p><a href=\"https:\/\/www.thermes-salins.com\/tarifs-espace-relaxation\" target=\"_blank\" rel=\"noopener\">-&gt;tarifs:<\/a><br \/>\n&nbsp;<\/p>\n<p><strong>L&rsquo;espace relaxation<\/strong><br \/>\nLes\u00a0cartes d\u2019abonnement sont valables 1 an \u00e0 compter de la date d&rsquo;achat.<\/p>\n<p>L\u2019acc\u00e8s \u00e0 l\u2019espace relaxation ne se r\u00e9serve pas.<\/p>\n<p><strong>La relaxation<\/strong><\/p>\n<p>Avec ses 2800 m2 de plain-pied, ses bassins aux baies ouvertes sur la nature et les toits roses du vieux Salins, ses eaux naturellement sal\u00e9es, l&rsquo;\u00e9tablissement ThermaSalina vous accueille dans une ambiance lumineuse et douce, propice \u00e0 la d\u00e9tente.<\/p>\n<p>Vous pourrez profiter d\u2019un bassin thermo-ludique de relaxation \u00e9quip\u00e9 d\u2019un espace jacuzzi, de buses de massages, d\u2019un couloir de nage \u00e0 contre courant et de cols de cygnes, le tout donnant sur une terrasse ouverte avec vue sur le Fort Saint-Andr\u00e9.<\/p>\n<p>Vous appr\u00e9cierez \u00e9galement les saunas, le hammam et le caldarium (ces espaces sont r\u00e9serv\u00e9s aux personnes de + de 18 ans).<\/p>\n<p>Si vous souhaitez plus d\u2019informations concernant les \u00e9quipements, cliquez ici.<br \/>\nConcernant l&rsquo;accueil des enfants :<\/p>\n<p>Les enfants de moins de 12 ans ne sont pas accept\u00e9s aux Thermes.<br \/>\nLa zone \u00ab\u00a0Saunas &#8211; Hammam &#8211; Caldarium\u00a0\u00bb est interdite aux &#8211; 18 ans.<br \/>\nPar mesures d&rsquo;hygi\u00e8ne et de confort :<\/p>\n<p>Le port de claquettes propres et de lunettes est recommand\u00e9.<br \/>\nBonnet et maillot de bain sont obligatoires.<br \/>\nSont autoris\u00e9s : les maillots de bain dont la longueur ne d\u00e9passe pas les genoux (shorts, maillots 1 ou 2 pi\u00e8ces)<br \/>\nSont interdits : les maillots de bain dont la longueur d\u00e9passe les genoux (bermudas, burkinis&#8230;)<\/p>\n<p>Une fr\u00e9quentation importante est \u00e0 pr\u00e9voir les week-ends et pendant les vacances scolaires, le nombre d&rsquo;entr\u00e9es est limit\u00e9 \u00e0 180 personnes.<\/p>\n<p>Pensez \u00e9galement \u00e0 apporter un gobelet pour la fontaine \u00e0 eau ou une bouteille d\u2019eau afin de vous d\u00e9salt\u00e9rer (plus de gobelets \u00e0 disposition)<br \/>\nL&rsquo;espace relaxation vous propose<br \/>\n1 bassin thermo-ludique de pr\u00e8s de 200 m28 buses de massages<br \/>\n1 couloir de nage \u00e0 contre courant<br \/>\n2 banquettes massantes<br \/>\n1 jacuzzi<br \/>\n2 saunas1 sauna chauff\u00e9 \u00e0 75\u00b0C<br \/>\n1 sauna chauff\u00e9 \u00e0 85\u00b0C<br \/>\n1 hammam chauff\u00e9 \u00e0 45\u00b0C<br \/>\n1 caldarium chauff\u00e9 \u00e0 36\u00b0C<br \/>\n1 acc\u00e8s terrasse ext\u00e9rieure (non fumeur)<\/p>\n<p><strong>Les bienfaits du sauna<\/strong><br \/>\nLe sauna est un bain de chaleur s\u00e8che, d&rsquo;origine nordique, ce rituel consiste \u00e0 verser de l&rsquo;eau additionn\u00e9e d&rsquo;huiles essentielles sur des pierres chaudes. Il se pratique traditionnellement dans une pi\u00e8ce ou une cabane en bois. Les scandinaves ont pour habitude de plonger ensuite dans de l&rsquo;eau tr\u00e8s froide ou de se frotter avec de la neige. La sudation a sur le corps des effets relaxants, purifiants et d\u00e9toxifiants. Cette alternance du chaud et du froid renforce les d\u00e9fenses immunitaires et l&rsquo;\u00e9lasticit\u00e9 de la peau.<\/p>\n<p><strong>Le hammam<\/strong><br \/>\nLe hammam est un bain de vapeur. Ce rituel ancestral prend sa source dans la Rome Antique. Il est reconnu pour ses bienfaits sur le corps, la peau et l&rsquo;esprit. Secret de beaut\u00e9 orientale, le hammam a des vertus apaisantes, d\u00e9toxifiantes, purifiantes et antistress.<\/p>\n<p>Pas d&rsquo;utilisation de gants de crin et de savon noir.<\/p>\n<p><strong>Le caldarium<\/strong><br \/>\nTout comme le hammam, le caldarium (ou calidarium) est inspir\u00e9 des Thermes Romains, l&rsquo;\u00e9tymologie vient du latin \u00ab\u00a0calidus\u00a0\u00bb qui veut dire \u00ab\u00a0chaud\u00a0\u00bb. Il d\u00e9signe la partie des thermes o\u00f9 l&rsquo;on pouvait prendre des bains chauds. Il \u00e9tait g\u00e9n\u00e9ralement dispos\u00e9 apr\u00e8s le frigidarium (bains froids) et le tepidarium (bains ti\u00e8des).<\/p>\n<p>&nbsp;<\/p>\n<p>&nbsp;<\/p>","protected":false},"excerpt":{"rendered":"<p>Les Thermes de Salins-les-Bains &#8211; ThermaSalina D\u00e9couvrez la somptueuse nature du Jura et les merveilles de son patrimoine. Depuis 1854, les Thermes de Salins-les-Bains sont un havre de s\u00e9r\u00e9nit\u00e9 et de ressourcement, un lieu d&rsquo;histoire charg\u00e9 dans la puret\u00e9 de ses eaux thermales. Nos eaux chlorur\u00e9es sodiques, jaillissantes \u00e0 18\u00b0C \u200b\u200bavec un pH de 6,15, [&hellip;]<\/p>","protected":false},"featured_media":0,"template":"","meta":[],"product_cat":[21],"product_tag":[],"_links":{"self":[{"href":"https:\/\/www.grintoura.fr\/en\/wp-json\/wp\/v2\/product\/20631"}],"collection":[{"href":"https:\/\/www.grintoura.fr\/en\/wp-json\/wp\/v2\/product"}],"about":[{"href":"https:\/\/www.grintoura.fr\/en\/wp-json\/wp\/v2\/types\/product"}],"wp:attachment":[{"href":"https:\/\/www.grintoura.fr\/en\/wp-json\/wp\/v2\/media?parent=20631"}],"wp:term":[{"taxonomy":"product_cat","embeddable":true,"href":"https:\/\/www.grintoura.fr\/en\/wp-json\/wp\/v2\/product_cat?post=20631"},{"taxonomy":"product_tag","embeddable":true,"href":"https:\/\/www.grintoura.fr\/en\/wp-json\/wp\/v2\/product_tag?post=20631"}],"curies":[{"name":"wp","href":"https:\/\/api.w.org\/{rel}","templated":true}]}}