	
	
	
	
{"id":20601,"date":"2026-03-14T17:34:00","date_gmt":"2026-03-14T16:34:00","guid":{"rendered":"https:\/\/www.grintoura.fr\/product\/grande-saline-musee-du-sel\/"},"modified":"2026-03-14T17:34:00","modified_gmt":"2026-03-14T16:34:00","slug":"grande-saline-musee-du-sel","status":"publish","type":"product","link":"https:\/\/www.grintoura.fr\/en\/product\/grande-saline-musee-du-sel\/","title":{"rendered":"Grande Saline \u2013 Mus\u00e9e du sel"},"content":{"rendered":"<p><strong>Grande Saline de Salins-les-Bains<\/strong><br \/>\n<em>Patrimoine mondial de l&rsquo;Unesco<\/em><\/p>\n<p>&nbsp;<\/p>\n<p>&nbsp;<\/p>\n<p><strong>L&rsquo;histoire de la Grande Saline de Salins-les-Bains, bien plus qu&rsquo;un mus\u00e9e du sel<\/strong><\/p>\n<p><strong>1 200 ANS D\u2019HISTOIRE<\/strong><br \/>\nAu c\u0153ur du Jura, la Grande Saline de Salins-les-Bains est un fleuron du patrimoine franc-comtois. Fond\u00e9e il y a 1200 ans, elle repr\u00e9sente un mod\u00e8le industriel par son \u00e9volution technologique et son extraordinaire long\u00e9vit\u00e9, en tant que l\u2019une des plus anciennes usines de France. Son mod\u00e8le \u00e9conomique d\u00e9montre une gestion rigoureuse des ressources depuis sa gen\u00e8se. Socialement innovante d\u00e8s le XVe si\u00e8cle, elle offrait une protection aux ouvriers in\u00e9gal\u00e9e nationalement.<\/p>\n<p>&nbsp;<\/p>\n<p>La descente dans les puits d\u00e9voile une galerie vo\u00fbt\u00e9e du XIIe si\u00e8cle s\u2019\u00e9tendant sur 165 m\u00e8tres. Les pierres ancestrales, gardiennes depuis huit si\u00e8cles, conservent et prot\u00e8gent le charme de l\u2019ing\u00e9niosit\u00e9 technique vieille de 200 ans. Une roue \u00e0 augets du XVIIIe si\u00e8cle, toujours en fonctionnement, actionn\u00e9e par la Furieuse, anime silencieusement un balancier de 32 m\u00e8tres et une pompe, puisant l\u2019eau sal\u00e9e \u00e0 XX m\u00e8tres de profondeur.<\/p>\n<p>Des archives d\u2019une tr\u00e8s grande richesse permettent de mieux comprendre la vie des hommes et des femmes de la Grande Saline.<\/p>\n<p>&nbsp;<\/p>\n<p><strong>Un tr\u00e9sor \u00e0 prot\u00e9ger<\/strong><br \/>\nLe sel produit \u00e0 la Grande Saline est appel\u00e9 sel \u00ab ignig\u00e8ne \u00bb (du latin ignis, le feu). Il est obtenu par \u00e9vaporation artificielle de l\u2019eau sal\u00e9e que l\u2019on chauffe (bois ou charbon), contrairement aux marais salants o\u00f9 le sel cristallise naturellement sous l\u2019action du soleil et du vent.<\/p>\n<p>Irrempla\u00e7able et indispensable pour conserver les aliments au Moyen-\u00c2ge, le sel est appel\u00e9 \u00ab or blanc \u00bb. Sa production est source de richesse pour les souverains et une question de survie pour les populations. Au XVIIe si\u00e8cle, la Grande Saline produit 14 000 tonnes de sel par an, g\u00e9n\u00e9rant la moiti\u00e9 des revenus de la r\u00e9gion et alimente la Bourgogne, la Franche-Comt\u00e9 et la Suisse. Capitale \u00e9conomique la Franche-Comt\u00e9 au XVIIe si\u00e8cle, Salins se dote d\u2019un syst\u00e8me d\u00e9fensif pour prot\u00e9ger ses richesses des convoitises. La Grande Saline elle-m\u00eame se fortifie et se distingue par son fonctionnement autarcique en opposition aux autres sites industriels de la r\u00e9gion : elle devient une v\u00e9ritable forteresse.<\/p>\n<p>&nbsp;<\/p>\n<p><strong>La fin de l\u2019exploitation<\/strong><br \/>\n\u00c0 la fin du XIXe si\u00e8cle, la Grande Saline d\u00e9cline face aux pressions \u00e9conomiques dues \u00e0 la fin du monopole d\u2019\u00c9tat sur le sel, \u00e0 la hausse du prix du combustible et \u00e0 la baisse du prix du sel. La cr\u00e9ation du premier \u00e9tablissement thermal en 1854 maintient une activit\u00e9 saisonni\u00e8re. Contractuellement li\u00e9e \u00e0 la saline en 1860, cette derni\u00e8re fournie les eaux m\u00e8res concentr\u00e9es en sels min\u00e9raux pour les traitements thermaux. Confront\u00e9e \u00e0 la concurrence des marais salants, la Grande Saline ferme ses portes en 1962, pour les rouvrir en 1966 : la ville de Salins-les-Bains la rach\u00e8te, transformant le site en un lieu patrimonial et touristique.<\/p>\n<p>&nbsp;<\/p>\n<p><strong>M\u00e9moire ouvri\u00e8re et identitaire<\/strong><br \/>\nLa Grande Saline transporte les visiteurs \u00e0 travers l\u2019importance du sel au fil des si\u00e8cles r\u00e9v\u00e9lant 1200 ans de labeur des sauniers et des sauni\u00e8res. Un lieu de d\u00e9couverte technique autour des cuves et des outils, comme la po\u00eale \u00e0 sel, mais aussi un lieu d\u2019\u00e9motions. Au Moyen-Age, la Grande Saline \u00e9tait un mod\u00e8le industriel et social qui employait 820 hommes et femmes, sur les 8 000 habitants que comptait Salins-les-Bains. La m\u00e9moire des ouvriers et ouvri\u00e8res est mise en valeur avec passion, \u00e9motion et honn\u00eatet\u00e9 tout au long de la visite. Une m\u00e9moire qui marque encore aujourd\u2019hui la ville de Salins-les-bains.<br \/>\nT\u00e9moignage d&rsquo;un ancien saunier &#8211; M. Legouhy<\/p>\n<p>La Grande Saline ayant ferm\u00e9 ses portes en 1962, un grand nombre de documents et de t\u00e9moignages nous sont parvenus. Ses archives d\u2019une tr\u00e8s grande richesse remontant au Moyen-Age font l\u2019objet d\u2019\u00e9tudes des chercheurs de la r\u00e9gion. Plus d\u2019une centaine d\u2019heures d\u2019enregistrement des derniers ouvriers (r\u00e9alis\u00e9es par les Mus\u00e9es des Techniques et des Cultures Comtoises) d\u2019une extraordinaire pr\u00e9ciosit\u00e9 ont \u00e9t\u00e9 collect\u00e9es : elles nous aident \u00e0 mieux comprendre les conditions de travail extr\u00eames des ouvriers et nous permettent de continuer \u00e0 faire vivre la saline \u00e0 travers ceux qui ont \u00e9crit son histoire. Un film, projet\u00e9 dans le b\u00e2timent d\u2019\u00e9vaporation, compile une partie de ces t\u00e9moignages et les rares images d\u2019archives existantes des salines franc-comtoises en activit\u00e9.<\/p>\n<p>&nbsp;<\/p>\n<p><strong>Horaires d\u2019ouverture<\/strong><br \/>\nLa galerie souterraine n\u2019est accessible qu\u2019en visite guid\u00e9e.<\/p>\n<p>Acc\u00e8s \u00e0 la galerie par un escalier.<\/p>\n<p>Temp\u00e9rature en souterrain d\u2019environ 12\u00b0C.<br \/>\nOuverture du site et Visites des b\u00e2timents de production<br \/>\nNovembre \/ D\u00e9cembre \/ Janvier \/ F\u00e9vrier \/ Mars<br \/>\n10h \u2013 12h ; 14h \u2013 17h30<br \/>\nFermeture le 25\/12 et le 01\/01<br \/>\nFerm\u00e9 du 6 au 26 janvier inclus<\/p>\n<p>Avril \/ Mai \/ Juin \/ Septembre \/ Octobre<br \/>\n9h30 \u2013 18h<\/p>\n<p>Juillet \/ Ao\u00fbt et Journ\u00e9es Europ\u00e9ennes du Patrimoine 2025 (19-20 septembre)<br \/>\n9h30 \u2013 19h<\/p>\n<p>La visite des b\u00e2timents de production, sans guide, ne permet pas de descendre dans la galerie souterraine.<\/p>\n<p>Visites guid\u00e9es<br \/>\nD\u00e9cembre \/ Janvier \/ F\u00e9vrier \/ Mars \/ Novembre<br \/>\n10h30 ; 14h30 ; 16h<\/p>\n<p>Avril \/ Mai \/ Juin \/ Septembre \/ Octobre<br \/>\n10h ; 11h ; 12h ; 14h30 ; 15h30 ; 16h30<\/p>\n<p>Juillet \/ Ao\u00fbt et Journ\u00e9es Europ\u00e9ennes du Patrimoine 2025 (20-21 septembre)<br \/>\n10h ; 10h30 ; 11h ; 11h30 ; 12h ; 13h30 ; 14h ; 14h30 ; 15h ; 15h30 ; 16h ; 16h30 ; 17h ; 17h30<\/p>\n<p>Seules les visites guid\u00e9es permettent de descendre dans la galerie souterraine.<br \/>\nVisites en langue \u00e9trang\u00e8re<br \/>\nJuillet \/ Ao\u00fbt<br \/>\n12h30 (English) ; 13h (Deutsch)<br \/>\nOu sur demande pour les groupes.<\/p>\n<p>&nbsp;<\/p>\n<p><a href=\"https:\/\/www.grande-saline.com\/billetterie\/\" target=\"_blank\" rel=\"noopener\"><strong>-&gt;Billeterie<\/strong><\/a><\/p>\n<p>&nbsp;<\/p>\n<p>Grande Saline de Salins-les-Bains<br \/>\n3 Place des Salines<br \/>\n39110 SALINS LES BAINS<br \/>\nT\u00e9l. : 03 84 73 10 92<\/p>\n<p>accueil@grande-saline.com<\/p>","protected":false},"excerpt":{"rendered":"<p>Grande Saline de Salins-les-Bains Patrimoine mondial de l&rsquo;Unesco &nbsp; &nbsp; L&rsquo;histoire de la Grande Saline de Salins-les-Bains, bien plus qu&rsquo;un mus\u00e9e du sel 1 200 ANS D\u2019HISTOIRE Au c\u0153ur du Jura, la Grande Saline de Salins-les-Bains est un fleuron du patrimoine franc-comtois. Fond\u00e9e il y a 1200 ans, elle repr\u00e9sente un mod\u00e8le industriel par son [&hellip;]<\/p>","protected":false},"featured_media":0,"template":"","meta":[],"product_cat":[21],"product_tag":[],"_links":{"self":[{"href":"https:\/\/www.grintoura.fr\/en\/wp-json\/wp\/v2\/product\/20601"}],"collection":[{"href":"https:\/\/www.grintoura.fr\/en\/wp-json\/wp\/v2\/product"}],"about":[{"href":"https:\/\/www.grintoura.fr\/en\/wp-json\/wp\/v2\/types\/product"}],"wp:attachment":[{"href":"https:\/\/www.grintoura.fr\/en\/wp-json\/wp\/v2\/media?parent=20601"}],"wp:term":[{"taxonomy":"product_cat","embeddable":true,"href":"https:\/\/www.grintoura.fr\/en\/wp-json\/wp\/v2\/product_cat?post=20601"},{"taxonomy":"product_tag","embeddable":true,"href":"https:\/\/www.grintoura.fr\/en\/wp-json\/wp\/v2\/product_tag?post=20601"}],"curies":[{"name":"wp","href":"https:\/\/api.w.org\/{rel}","templated":true}]}}