	
	
	
	
{"id":20579,"date":"2026-03-14T14:59:41","date_gmt":"2026-03-14T13:59:41","guid":{"rendered":"https:\/\/www.grintoura.fr\/product\/lobernai-2\/"},"modified":"2026-04-11T22:37:38","modified_gmt":"2026-04-11T20:37:38","slug":"lobernai-2","status":"publish","type":"product","link":"https:\/\/www.grintoura.fr\/en\/product\/lobernai-2\/","title":{"rendered":"L\u2019Obernai"},"content":{"rendered":"<p>\u00c0 propos de ce logement<br \/>\nD\u00e9tendez-vous dans ce logement calme et \u00e9l\u00e9gant<br \/>\nICI c&rsquo;est nature, NO STRESS, WIFI gratuit, r\u00e9seau TOP, lire, repos, visiter, travail<br \/>\nTout si pr\u00eate avec sa d\u00e9coration au VERT, un vrai havre de PAIX. Dans un parc g\u00e9rer par notre paysagiste pr\u00e8s du centre ville pour ne pas avoir l&rsquo; inconv\u00e9nient du bruit<br \/>\nUne terrasse cot\u00e9 SUD avec une vue imprenable sur le Mont-Sainte-Odile, le vignoble, les toitures d&rsquo; Obernai, les Vosges<br \/>\n\u00ab\u00a03\u00e8me \u00e9tage, sans ascenseur<br \/>\nAvantageux pour les personnes en d\u00e9placement<\/p>\n<p>Le logement<br \/>\nIl y a une cuisine \u00e9quip\u00e9e ouverte sur le salon coin t\u00e9l\u00e9 \u00a0\u00bbTNT\u00a0\u00bb connect\u00e9e pour vos comptes Netflix, prime,&#8230;&#8230;<br \/>\nUne salle d&rsquo;eau, avec douche \u00e0 l&rsquo;italienne, WC et lavabo.<br \/>\nUne grande chambre \u00e0 couch\u00e9 avec vue sur la montagne.<br \/>\nUne terrasse cot\u00e9 SUD avec une vue imprenable.<br \/>\nParking gratuit priv\u00e9 tout autour<\/p>\n<p>LOACAL pour vos v\u00e9lo sur demande<\/p>\n<p>Acc\u00e8s des voyageurs<br \/>\nC&rsquo;est un appartement rien que pour vous<\/p>\n<p>Autres remarques<br \/>\nSe qui est fabuleux c&rsquo;est que tout est \u00e0 proximit\u00e9.<br \/>\nLe centre ville, le grand march\u00e9 hebdomadi\u00e8re le jeudi matin aux remparts, tous les spectacles, concerts, march\u00e9 de Noel, commerces, boutiques, boulangeries, bars, restaurants et surtout des acc\u00e8s bus dont un qui vous emm\u00e8ne \u00e0 Strasbourg + tickets TRAM. Il est ou le bonheur, il est ou. ICI<br \/>\nCe logement a \u00e9tait enti\u00e8rement r\u00e9nov\u00e9 en octobre 2024<\/p>","protected":false},"excerpt":{"rendered":"<p>\u00c0 propos de ce logement D\u00e9tendez-vous dans ce logement calme et \u00e9l\u00e9gant ICI c&rsquo;est nature, NO STRESS, WIFI gratuit, r\u00e9seau TOP, lire, repos, visiter, travail Tout si pr\u00eate avec sa d\u00e9coration au VERT, un vrai havre de PAIX. Dans un parc g\u00e9rer par notre paysagiste pr\u00e8s du centre ville pour ne pas avoir l&rsquo; inconv\u00e9nient [&hellip;]<\/p>","protected":false},"featured_media":0,"template":"","meta":[],"product_cat":[21],"product_tag":[],"_links":{"self":[{"href":"https:\/\/www.grintoura.fr\/en\/wp-json\/wp\/v2\/product\/20579"}],"collection":[{"href":"https:\/\/www.grintoura.fr\/en\/wp-json\/wp\/v2\/product"}],"about":[{"href":"https:\/\/www.grintoura.fr\/en\/wp-json\/wp\/v2\/types\/product"}],"wp:attachment":[{"href":"https:\/\/www.grintoura.fr\/en\/wp-json\/wp\/v2\/media?parent=20579"}],"wp:term":[{"taxonomy":"product_cat","embeddable":true,"href":"https:\/\/www.grintoura.fr\/en\/wp-json\/wp\/v2\/product_cat?post=20579"},{"taxonomy":"product_tag","embeddable":true,"href":"https:\/\/www.grintoura.fr\/en\/wp-json\/wp\/v2\/product_tag?post=20579"}],"curies":[{"name":"wp","href":"https:\/\/api.w.org\/{rel}","templated":true}]}}