	
	
	
	
{"id":20548,"date":"2026-03-14T14:48:33","date_gmt":"2026-03-14T13:48:33","guid":{"rendered":"https:\/\/www.grintoura.fr\/product\/le-ptit-coin-de-chez-nous-2\/"},"modified":"2026-04-11T22:40:18","modified_gmt":"2026-04-11T20:40:18","slug":"le-ptit-coin-de-chez-nous-2","status":"publish","type":"product","link":"https:\/\/www.grintoura.fr\/en\/product\/le-ptit-coin-de-chez-nous-2\/","title":{"rendered":"le p\u2019tit coin de chez nous"},"content":{"rendered":"<p>Au vignoble, centre Alsace sur la route des vins. Un gite atypique 35 m2 tout confort dans une ancienne cave \u00e0 vin. Un endroit lumineux, tr\u00e8s chaleureux, tout confort.<br \/>\nCuisine \u00e9quip\u00e9e, coin salon, lit 2 places ( 1 matelas) salle de bain , douche \u00e0 l&rsquo;italienne, coffre fort, parking gratuit avec borne \u00e9lec. Jardin privatif, pergola, possibilit\u00e9 sur demande 48h avant petit d\u00e9j. ( complet ou express) et d\u00eener maison aux saveurs local, ou diner express ( voir photos)<br \/>\n2 autres logements sur CHATENOIS et\u00a0 OBERNAI.<\/p>\n<p>Le logement tr\u00e8s bien desservi, au c\u0153ur de l&rsquo;Alsace, -10 mn de l&rsquo;autoroute, sur la route du vin, 400m gare, 6km Leclerc, &#8230;..<\/p>\n<p>En campagne, au pied du vignoble, dans une ancienne magnifique cave \u00e0 vin lumineuse, 2 fen\u00eatres fixes, grande porte vout\u00e9e vitr\u00e9e d\u00e9polie, isol\u00e9e, clim naturelle, tr\u00e8s romantique. Pour un confort de 2 personnes. Une t\u00e9l\u00e9 connect\u00e9e ( possibilit\u00e9 acc\u00e8s NETFLIX avec votre abonnement, penderie, coffre fort . Nous mettons gracieusement \u00e0 votre disposition &#8211; 2 serviettes \/personne (pas de draps de bains) &#8211; draps inclus &#8211; 2 dosettes SENSEO &#8211; 2 rouleaux \u00e0 papier WC &#8211; produit vaisselle &#8211; infusion sachets &#8211; 2 serviettes pour la vaisselle &#8211; sel &#8211; poivre &#8211; huile d&rsquo;olive.<\/p>\n<p>A NOS AMIS VOYAGEURS NE CONFONDEZ PAS G\u00ceTE et CHAMBRE D&rsquo;HOTES, pr\u00e9voyez le n\u00e9cessaire ( papier toilette, Dosettes , sacs poubelles, produits alimentaires ,&#8230;&#8230;<br \/>\nJARDIN privatif et discret avec pergola, une table, 2 chaises, 1 barbecue, parasol, chaise duo bain de soleil. Dans une ambiance romantique.<br \/>\nPOSSIBILITE petit d\u00e9jeuner et d\u00eener fait maison aux saveurs local sous r\u00e9servation.<br \/>\n2 autres logements CHATENOIS et OBERNAI.<\/p>\n<p>Acc\u00e8s des voyageurs<br \/>\nAcc\u00e8s direct sur le GR5, \u00e9galement Jacques de Compostelle. Vous aimez la nature et avez besoin de vous ressourcez. Vous arrivez dans notre magnifique r\u00e9gion \u00ab\u00a0l&rsquo;Alsace\u00a0\u00bb. Notre village se trouve en plein centre g\u00e9ographique de la route des vins. D&rsquo;ici, vous avez acc\u00e8s \u00e0 notre Ch\u00e2teau \u00a0\u00bb BERNSTEIN\u00a0\u00bb et de superbes ballades \u00e0 pied ou \u00e0 v\u00e9lo . Dans les hauteurs du Mont -Sainte-Odile au vignoble de Dambach-la-Ville, en passant par le ch\u00e2teau du Haut Koenigsbourg un panorama \u00e9poustouflant. L&rsquo;Allemagne se trouve \u00e0 30 km, et vous pouvez passer une tr\u00e8s belle journ\u00e9e au plus grand parc d&rsquo;attraction d&rsquo;Europe, \u00ab\u00a0Europa Park \u00ab\u00a0. Oh j&rsquo;oubliais, notre belle route des vins , nos march\u00e9s de No\u00ebl, la Cath\u00e9drale de Strasbourg, nos vins ainsi que la cuisine qui fera frissonner vos papilles \u00ab\u00a0tartes flamb\u00e9es, baeckeofe, choucroute, coq au riesling,&#8230; Des vacances inoubliables. Colmar est \u00e0 30 km, Strasbourg \u00e0 35 km. L&rsquo;autoroute est \u00e0 5 km ainsi que l&rsquo;acc\u00e8s \u00e0 la ville la plus proche, S\u00e9lestat \u00e0 10 min en voiture pour faire vos courses ( Leclerc, Intermarch\u00e9,..) .Votre logis est juste au pied du vignoble. Que du BONHEUR\u263a<\/p>\n<p>Autres remarques<br \/>\nNous souhaiterions \u00eatre le plus rapidement au courant si vos horaires d\u2019arriv\u00e9es sont apr\u00e8s 17 h !!<br \/>\nPour nous cela reste une grande priorit\u00e9 afin que l&rsquo;on puisse bien vous accueillir !! Nous attendons de nos tr\u00e8s chers voyageurs , un contact tr\u00e8s simple, la confiance, et surtout le partage dans la bonne humeur. Les fumeurs fumeront en dehors du gite pour le bien \u00eatre de tout le monde . Nos amis les animaux ne sont pas accept\u00e9s.<\/p>\n<p>OFFRES<\/p>\n<p>RESTAURANT \u00b4\u00b4 la COURONNE \u00e0 Scherwiller \u00b4\u00b4 gr\u00e2ce \u00e0 un ticket avec n\u00f4tre tampon du g\u00eete vous b\u00e9n\u00e9ficiez d\u2019un ap\u00e9ritif OFFERT.<br \/>\nrestaurant le SPESS \u00e0 Andlau une offre selon l&rsquo;envie du chef \u00a0\u00bb caf\u00e9, ou dessert, ou verre,..\u00a0\u00bb<br \/>\nBATORAMA &#8211; 10% \u00e0 STRASBOURG<\/p>","protected":false},"excerpt":{"rendered":"<p>Au vignoble, centre Alsace sur la route des vins. Un gite atypique 35 m2 tout confort dans une ancienne cave \u00e0 vin. Un endroit lumineux, tr\u00e8s chaleureux, tout confort. Cuisine \u00e9quip\u00e9e, coin salon, lit 2 places ( 1 matelas) salle de bain , douche \u00e0 l&rsquo;italienne, coffre fort, parking gratuit avec borne \u00e9lec. Jardin privatif, [&hellip;]<\/p>","protected":false},"featured_media":0,"template":"","meta":[],"product_cat":[21],"product_tag":[],"_links":{"self":[{"href":"https:\/\/www.grintoura.fr\/en\/wp-json\/wp\/v2\/product\/20548"}],"collection":[{"href":"https:\/\/www.grintoura.fr\/en\/wp-json\/wp\/v2\/product"}],"about":[{"href":"https:\/\/www.grintoura.fr\/en\/wp-json\/wp\/v2\/types\/product"}],"wp:attachment":[{"href":"https:\/\/www.grintoura.fr\/en\/wp-json\/wp\/v2\/media?parent=20548"}],"wp:term":[{"taxonomy":"product_cat","embeddable":true,"href":"https:\/\/www.grintoura.fr\/en\/wp-json\/wp\/v2\/product_cat?post=20548"},{"taxonomy":"product_tag","embeddable":true,"href":"https:\/\/www.grintoura.fr\/en\/wp-json\/wp\/v2\/product_tag?post=20548"}],"curies":[{"name":"wp","href":"https:\/\/api.w.org\/{rel}","templated":true}]}}