	
	
	
	
{"id":20503,"date":"2026-03-10T16:41:41","date_gmt":"2026-03-10T15:41:41","guid":{"rendered":"https:\/\/www.grintoura.fr\/product\/domaine-bourdy\/"},"modified":"2026-03-10T16:41:41","modified_gmt":"2026-03-10T15:41:41","slug":"domaine-bourdy","status":"publish","type":"product","link":"https:\/\/www.grintoura.fr\/en\/product\/domaine-bourdy\/","title":{"rendered":"Domaine Bourdy"},"content":{"rendered":"<p><strong> Le domaine Bourdy<\/strong><br \/>\nSitu\u00e9 \u00e0 Arlay dans le Jura,<br \/>\nle domaine viticole familial fait partie des plus anciens de la r\u00e9gion. Engag\u00e9 dans des pratiques de viticulture biodynamique, le vignoble se consacre \u00e0 l\u2019\u00e9laboration de vins authentiques, refl\u00e9tant la richesse et la diversit\u00e9 de son terroir unique.<\/p>\n<p><strong> Une histoire de famille<\/strong><br \/>\nG\u00e9r\u00e9 par la m\u00eame famille depuis seize g\u00e9n\u00e9rations, il t\u00e9moigne de la richesse de la tradition viticole fran\u00e7aise. Chaque g\u00e9n\u00e9ration a contribu\u00e9 \u00e0 cet h\u00e9ritage, pr\u00e9servant et enrichissant un savoir-faire unique et ancestral.<\/p>\n<p><strong> Nos vins<\/strong><br \/>\nLe domaine propose une gamme vari\u00e9e de vins, y compris des blancs secs, des vins de paille, des vins jaunes, ainsi que des rouges et des ros\u00e9s. Chaque cuv\u00e9e raconte l\u2019histoire de son terroir et de la philosophie du domaine.<\/p>","protected":false},"excerpt":{"rendered":"<p>Le domaine Bourdy Situ\u00e9 \u00e0 Arlay dans le Jura, le domaine viticole familial fait partie des plus anciens de la r\u00e9gion. Engag\u00e9 dans des pratiques de viticulture biodynamique, le vignoble se consacre \u00e0 l\u2019\u00e9laboration de vins authentiques, refl\u00e9tant la richesse et la diversit\u00e9 de son terroir unique. Une histoire de famille G\u00e9r\u00e9 par la m\u00eame [&hellip;]<\/p>","protected":false},"featured_media":0,"template":"","meta":[],"product_cat":[21],"product_tag":[],"_links":{"self":[{"href":"https:\/\/www.grintoura.fr\/en\/wp-json\/wp\/v2\/product\/20503"}],"collection":[{"href":"https:\/\/www.grintoura.fr\/en\/wp-json\/wp\/v2\/product"}],"about":[{"href":"https:\/\/www.grintoura.fr\/en\/wp-json\/wp\/v2\/types\/product"}],"wp:attachment":[{"href":"https:\/\/www.grintoura.fr\/en\/wp-json\/wp\/v2\/media?parent=20503"}],"wp:term":[{"taxonomy":"product_cat","embeddable":true,"href":"https:\/\/www.grintoura.fr\/en\/wp-json\/wp\/v2\/product_cat?post=20503"},{"taxonomy":"product_tag","embeddable":true,"href":"https:\/\/www.grintoura.fr\/en\/wp-json\/wp\/v2\/product_tag?post=20503"}],"curies":[{"name":"wp","href":"https:\/\/api.w.org\/{rel}","templated":true}]}}