	
	
	
	
{"id":20495,"date":"2026-03-10T16:31:41","date_gmt":"2026-03-10T15:31:41","guid":{"rendered":"https:\/\/www.grintoura.fr\/product\/totem-savon-savonnerie-de-campagne\/"},"modified":"2026-04-06T17:42:03","modified_gmt":"2026-04-06T15:42:03","slug":"totem-savon-savonnerie-de-campagne","status":"publish","type":"product","link":"https:\/\/www.grintoura.fr\/en\/product\/totem-savon-savonnerie-de-campagne\/","title":{"rendered":"Totem Savon, Savonnerie de Campagne"},"content":{"rendered":"<p>Situ\u00e9e \u00e0 Feins en Ille et Vilaine, la savonnerie Totem Savon\u00a0 fabrique de doux savons pour la toilette ainsi que des savons pour le m\u00e9nage. Id\u00e9alement situ\u00e9e \u00e0 la crois\u00e9e des Communaut\u00e9s de Communes du Val d\u2019Ille Aubign\u00e9 et de la Bretagne Romantique, \u00e0 la fois proche de Rennes et de la c\u00f4t\u00e9 d\u2019Emeraude, la savonnerie profite du cadre dynamique du territoire.\u00a0Totem Savon propose des savons formules \u00e0 partir d\u2019ingr\u00e9dients de qualit\u00e9, locaux, biologiques, issus du commerce \u00e9quitable. La savonnerie s\u2019engage en respectant le cahier des charges de Nature et Progr\u00e8s.<\/p>\n<p>La savonnerie vous propose de vous initier \u00e0 la fabrication de savons et de cosm\u00e9tiques naturels \u00e0 partir d&rsquo;ingr\u00e9dients locaux au cours d&rsquo;ateliers. Le laboratoire ne comprend pas de magasin.<\/p>\n<p>Prendre soin de soi, prendre soin de la nature qui nous entoure!<\/p>","protected":false},"excerpt":{"rendered":"<p>Situ\u00e9e \u00e0 Feins en Ille et Vilaine, la savonnerie Totem Savon\u00a0 fabrique de doux savons pour la toilette ainsi que des savons pour le m\u00e9nage. Id\u00e9alement situ\u00e9e \u00e0 la crois\u00e9e des Communaut\u00e9s de Communes du Val d\u2019Ille Aubign\u00e9 et de la Bretagne Romantique, \u00e0 la fois proche de Rennes et de la c\u00f4t\u00e9 d\u2019Emeraude, la [&hellip;]<\/p>","protected":false},"featured_media":0,"template":"","meta":[],"product_cat":[21],"product_tag":[],"_links":{"self":[{"href":"https:\/\/www.grintoura.fr\/en\/wp-json\/wp\/v2\/product\/20495"}],"collection":[{"href":"https:\/\/www.grintoura.fr\/en\/wp-json\/wp\/v2\/product"}],"about":[{"href":"https:\/\/www.grintoura.fr\/en\/wp-json\/wp\/v2\/types\/product"}],"wp:attachment":[{"href":"https:\/\/www.grintoura.fr\/en\/wp-json\/wp\/v2\/media?parent=20495"}],"wp:term":[{"taxonomy":"product_cat","embeddable":true,"href":"https:\/\/www.grintoura.fr\/en\/wp-json\/wp\/v2\/product_cat?post=20495"},{"taxonomy":"product_tag","embeddable":true,"href":"https:\/\/www.grintoura.fr\/en\/wp-json\/wp\/v2\/product_tag?post=20495"}],"curies":[{"name":"wp","href":"https:\/\/api.w.org\/{rel}","templated":true}]}}