	
	
	
	
{"id":20485,"date":"2026-03-10T16:23:30","date_gmt":"2026-03-10T15:23:30","guid":{"rendered":"https:\/\/www.grintoura.fr\/product\/salins-les-bains\/"},"modified":"2026-03-10T16:23:30","modified_gmt":"2026-03-10T15:23:30","slug":"salins-les-bains","status":"publish","type":"product","link":"https:\/\/www.grintoura.fr\/en\/product\/salins-les-bains\/","title":{"rendered":"Salins-les-Bains"},"content":{"rendered":"<p><strong>Salins-les-Bains : Entre Sel, Bien-\u00eatre et Montagnes du Jura \ud83c\udf3f<\/strong><br \/>\nNich\u00e9e au c\u0153ur du Jura, dans une vall\u00e9e verdoyante domin\u00e9e par le majestueux Mont Poupet, Salins-les-Bains est bien plus qu\u2019une simple cit\u00e9 thermale. C\u2019est une destination de caract\u00e8re o\u00f9 l\u2019histoire industrielle rencontre la douceur de vivre du slow tourisme.<\/p>\n<p><strong>Un patrimoine mondial \u00e0 port\u00e9e de main \ud83e\uddc2<\/strong><br \/>\nLe c\u0153ur battant de la ville r\u00e9side dans sa Grande Saline, class\u00e9e au patrimoine mondial de l\u2019UNESCO. En explorant ses galeries souterraines m\u00e9di\u00e9vales, on d\u00e9couvre l\u2019incroyable \u00e9pop\u00e9e de l&rsquo;\u00ab or blanc \u00bb. Ce pass\u00e9 prestigieux a sculpt\u00e9 l&rsquo;architecture unique de la ville, entre briques rouges et pierres s\u00e9culaires.<\/p>\n<p><strong>Thermalisme et d\u00e9tente \u00e9coresponsable \ud83e\uddd8\u200d\u2640\ufe0f<\/strong><br \/>\nR\u00e9put\u00e9e pour ses eaux naturellement sal\u00e9es, plus denses que l&rsquo;eau de mer, Salins-les-Bains est le refuge id\u00e9al pour ceux qui cherchent \u00e0 se ressourcer. Apr\u00e8s une journ\u00e9e d&rsquo;exploration, rien de tel que de profiter des bienfaits des oligo-\u00e9l\u00e9ments dans un cadre pr\u00e9serv\u00e9. Ici, le bien-\u00eatre se conjugue avec respect de l&rsquo;environnement et authenticit\u00e9.<\/p>\n<p><strong>Une terre d&rsquo;aventures naturelles \u26f0\ufe0f<\/strong><br \/>\nPour les amateurs d&rsquo;activit\u00e9s de plein air, Salins est un terrain de jeu exceptionnel :<\/p>\n<p><strong>Randonn\u00e9e et VTT :<\/strong> Des sentiers balis\u00e9s serpentent \u00e0 travers les for\u00eats de sapins.<br \/>\n<strong>Parapente :<\/strong> Envolez-vous depuis le sommet du Mont Poupet pour une vue panoramique sur la vall\u00e9e de la Furieuse.<br \/>\n<strong>Gastronomie locale :<\/strong> Profitez de votre s\u00e9jour pour go\u00fbter aux tr\u00e9sors du terroir jurassien (Comt\u00e9, vins d&rsquo;Arbois) en circuit court.<\/p>\n<p>Choisir Salins-les-Bains, c\u2019est opter pour un s\u00e9jour qui a du sens. Que vous logiez dans un g\u00eete de charme ou un h\u00f4tel engag\u00e9, vous participez \u00e0 la pr\u00e9servation de ce territoire unique o\u00f9 la nature reste reine.<\/p>","protected":false},"excerpt":{"rendered":"<p>Salins-les-Bains : Entre Sel, Bien-\u00eatre et Montagnes du Jura \ud83c\udf3f Nich\u00e9e au c\u0153ur du Jura, dans une vall\u00e9e verdoyante domin\u00e9e par le majestueux Mont Poupet, Salins-les-Bains est bien plus qu\u2019une simple cit\u00e9 thermale. C\u2019est une destination de caract\u00e8re o\u00f9 l\u2019histoire industrielle rencontre la douceur de vivre du slow tourisme. Un patrimoine mondial \u00e0 port\u00e9e de [&hellip;]<\/p>","protected":false},"featured_media":0,"template":"","meta":[],"product_cat":[21],"product_tag":[],"_links":{"self":[{"href":"https:\/\/www.grintoura.fr\/en\/wp-json\/wp\/v2\/product\/20485"}],"collection":[{"href":"https:\/\/www.grintoura.fr\/en\/wp-json\/wp\/v2\/product"}],"about":[{"href":"https:\/\/www.grintoura.fr\/en\/wp-json\/wp\/v2\/types\/product"}],"wp:attachment":[{"href":"https:\/\/www.grintoura.fr\/en\/wp-json\/wp\/v2\/media?parent=20485"}],"wp:term":[{"taxonomy":"product_cat","embeddable":true,"href":"https:\/\/www.grintoura.fr\/en\/wp-json\/wp\/v2\/product_cat?post=20485"},{"taxonomy":"product_tag","embeddable":true,"href":"https:\/\/www.grintoura.fr\/en\/wp-json\/wp\/v2\/product_tag?post=20485"}],"curies":[{"name":"wp","href":"https:\/\/api.w.org\/{rel}","templated":true}]}}