	
	
	
	
{"id":20446,"date":"2026-03-06T21:23:53","date_gmt":"2026-03-06T20:23:53","guid":{"rendered":"https:\/\/www.grintoura.fr\/product\/brouillon-auto-3\/"},"modified":"2026-03-06T21:57:41","modified_gmt":"2026-03-06T20:57:41","slug":"brouillon-auto-3","status":"publish","type":"product","link":"https:\/\/www.grintoura.fr\/en\/product\/brouillon-auto-3\/","title":{"rendered":"Au d\u00e9part de Sarlat-la-Can\u00e9da : Visite d\u2019une joun\u00e9e de Lascaux IV et de l\u2019art pari\u00e9tal"},"content":{"rendered":"<p><\/p>\n\n\n\n<p><\/p>\n\n\n\n<p>4.9 <a href=\"https:\/\/www.getyourguide.com\/fr-fr\/#adp-reviews-info-header-title\" target=\"_blank\" rel=\"noopener\">122 avis<\/a><\/p>\n\n\n\n<p>\u2022Organisateur de l\u2019activit\u00e9 : Ophorus<\/p>\n\n\n\n<p><\/p>\n\n\n\n<figure class=\"wp-block-image\"><img decoding=\"async\" src=\"https:\/\/cdn.getyourguide.com\/image\/format=auto,fit=crop,gravity=auto,quality=60,width=535,height=400,dpr=1\/tour_img\/5a2a598439c26.jpeg\" alt=\"Image N\u00b01 de Au d\u00e9part de Sarlat-la-Can\u00e9da : Visite d&#039;une joun\u00e9e de Lascaux IV et de l&#039;art pari\u00e9tal\u00a0activit\u00e9 \u00e0 Fleurac, publi\u00e9e par le prestataire\" title=\"\"><\/figure>\n\n\n\n<figure class=\"wp-block-image\"><img decoding=\"async\" src=\"https:\/\/cdn.getyourguide.com\/image\/format=auto,fit=crop,gravity=auto,quality=60,width=265,height=195,dpr=1\/tour_img\/5a2a591eef36c.jpeg\" alt=\"Image N\u00b02 de Au d\u00e9part de Sarlat-la-Can\u00e9da : Visite d&#039;une joun\u00e9e de Lascaux IV et de l&#039;art pari\u00e9tal\u00a0activit\u00e9 \u00e0 Fleurac, publi\u00e9e par le prestataire\" title=\"\"><\/figure>\n\n\n\n<figure class=\"wp-block-image\"><img decoding=\"async\" src=\"https:\/\/cdn.getyourguide.com\/image\/format=auto,fit=crop,gravity=auto,quality=60,width=265,height=195,dpr=1\/tour_img\/5a2a59d32f21a.jpeg\" alt=\"Image N\u00b03 de Au d\u00e9part de Sarlat-la-Can\u00e9da : Visite d&#039;une joun\u00e9e de Lascaux IV et de l&#039;art pari\u00e9tal\u00a0activit\u00e9 \u00e0 Fleurac, publi\u00e9e par le prestataire\" title=\"\"><\/figure>\n\n\n\n<p>Explorez les peintures rupestres de la Dordogne lors d&rsquo;une visite d&rsquo;une joun\u00e9e des grottes de Lascaux. Remontez 15 000 ans en arri\u00e8re et d\u00e9couvrez les premiers squelettes des Cro Magnons aux Eyzies de Tayac.<\/p>\n\n\n\n<h2 class=\"wp-block-heading\" id=\"adp-about-this-activity-text\">About this activity<\/h2>\n\n\n\n<p>Annulation gratuite <\/p>\n\n\n\n<p>Annulez jusqu\u2019\u00e0 24 heures avant pour un remboursement int\u00e9gral<\/p>\n\n\n\n<p>R\u00e9servez maintenant, payez plus tard<\/p>\n\n\n\n<p>Restez flexible dans vos projets de voyage\u00a0: r\u00e9servez votre place sans rien payer aujourd&rsquo;hui.<\/p>\n\n\n\n<p>Dur\u00e9e 9 heures<\/p>\n\n\n\n<p>V\u00e9rifiez les disponibilit\u00e9s pour voir les heures de d\u00e9but<\/p>\n\n\n\n<p>Acc\u00e8s permettant d\u2019\u00e9viter la file pour les guichets<\/p>\n\n\n\n<p>GuideAnglais<\/p>\n\n\n\n<p>Petit groupe 8 participant\u00b7es maximum<\/p>\n\n\n\n<h2 class=\"wp-block-heading\" id=\"adp-itinerary-header-text\">Itin\u00e9raire<\/h2>\n\n\n\n<ul>\n<li>Lieu de d\u00e9part&nbsp;:La Maison Secr\u00e8te<\/li>\n\n\n\n<li>Minibus(30 minutes)<\/li>\n\n\n\n<li>Les Eyzies-de-Tayac-SireuilVisite guid\u00e9e (1.5 heures)<\/li>\n\n\n\n<li>Peyzac-le-MoustierVisite guid\u00e9e (2 heures)<\/li>\n\n\n\n<li>MontignacTemps libre (2.5 heures)Frais suppl\u00e9mentaires<\/li>\n\n\n\n<li>Lascaux IVVisite guid\u00e9e (2 heures)<\/li>\n\n\n\n<li>Minibus(30 minutes)<\/li>\n\n\n\n<li>Arriv\u00e9e \u00e0&nbsp;:La Maison Secr\u00e8te<\/li>\n<\/ul>\n\n\n\n<p><\/p>\n\n\n\n<p><\/p>\n\n\n\n<p><a target=\"_blank\" rel=\"noreferrer noopener\" href=\"https:\/\/maps.google.com\/maps?ll=44.97242,1.123604&amp;z=10&amp;t=m&amp;hl=fr-FR&amp;gl=US&amp;mapclient=apiv3\"><\/a><\/p>\n\n\n\n<p><\/p>\n\n\n\n<h2 class=\"wp-block-heading\" id=\"highlights-point-header-text\">Points forts<\/h2>\n\n\n\n<ul>\n<li>D\u00e9couvrez l&rsquo;art rupestre du Pal\u00e9olithique en visitant les grottes de Lascaux IV et de Rouffignac.<\/li>\n\n\n\n<li>Visitez le Mus\u00e9e National de la Pr\u00e9histoire aux Eyzies-de-Tayac<\/li>\n\n\n\n<li>D\u00e9couvrez le site troglodyte de La Roque Saint-Christophe, situ\u00e9 \u00e0 flanc de falaise.<\/li>\n\n\n\n<li>B\u00e9n\u00e9ficiez d&rsquo;un acc\u00e8s prioritaire pour visiter le complexe unique de Lascaux IV.<\/li>\n\n\n\n<li>Profitez des services d&rsquo;un guide anglophone et d\u00e9couvrez la r\u00e9gion.<\/li>\n<\/ul>\n\n\n\n<h2 class=\"wp-block-heading\" id=\"full-description-header-text\">Description compl\u00e8te<\/h2>\n\n\n\n<p>La Dordogne est la capitale mondiale de la Pr\u00e9histoire. C&rsquo;est ici que les premiers hommes modernes, les Cro-Magnons, se sont install\u00e9s et ont laiss\u00e9 certaines des \u0153uvres d&rsquo;art les plus fascinantes \u00e0 l&rsquo;int\u00e9rieur de grottes cr\u00e9\u00e9es par des milliers d&rsquo;ann\u00e9es d&rsquo;\u00e9rosion. Cette visite de 9 heures vous conduira \u00e0 la d\u00e9couverte des c\u00e9l\u00e8bres grottes de Lascaux, o\u00f9 vous pourrez admirer les dessins et les merveilles de La Roque Saint-Christophe.<br><br>La visite d\u00e9bute aux Eyzies-de-Tayac, o\u00f9 les cinq premiers squelettes de Cro-Magnon ont \u00e9t\u00e9 d\u00e9couverts en 1868. Vous participerez \u00e0 une visite guid\u00e9e du Mus\u00e9e National de la Pr\u00e9histoire, inaugur\u00e9 en 2004, qui abrite la plus vaste collection d&rsquo;artefacts pr\u00e9historiques au monde.<br><br>Poursuivez ensuite votre route vers Montignac, o\u00f9 vous visiterez la c\u00e9l\u00e8bre grotte de Lascaux IV. Reproduction parfaite de la grotte originale et de son art rupestre, et v\u00e9ritable merveille de technologie unique au monde, Lascaux IV a ouvert en 2016.<br><br>Des m\u00e9thodes scientifiques et artistiques rigoureuses ont \u00e9t\u00e9 employ\u00e9es pour recr\u00e9er l&rsquo;atmosph\u00e8re incomparable de la grotte originale. Une coque en b\u00e9ton arm\u00e9 a \u00e9t\u00e9 cr\u00e9\u00e9e en utilisant des techniques de construction navale, et le relief de la grotte a \u00e9t\u00e9 reconstitu\u00e9 dans les moindres d\u00e9tails. Les peintures polychromatiques ont \u00e9t\u00e9 ex\u00e9cut\u00e9es de mani\u00e8re \u00e0 reproduire fid\u00e8lement les originaux datant de 17 000 ans, en utilisant des pigments naturels.<br><br>Terminez votre visite \u00e0 La Roque Saint-Christophe, \u00e9merveillez-vous devant ce site troglodytique spectaculaire\u00a0: une falaise de calcaire habit\u00e9e depuis le Pal\u00e9olithique, avec des explications guid\u00e9es sur les abris pr\u00e9historiques et l&rsquo;ing\u00e9nierie ancienne adapt\u00e9e aux falaises.<br><br>Apr\u00e8s vous \u00eatre immerg\u00e9 dans ces sites l\u00e9gendaires, retournez \u00e0 Sarlat avec des souvenirs d&rsquo;un voyage extraordinaire dans la pr\u00e9histoire.<br><br>Veuillez noter que l&rsquo;ordre des visites peut varier en fonction des cr\u00e9neaux horaires r\u00e9serv\u00e9s \u00e0 Lascaux IV.<\/p>\n\n\n\n<h2 class=\"wp-block-heading\" id=\"inclusions-header-text\">Inclus<\/h2>\n\n\n\n<p>Guide professionnel anglophone<\/p>\n\n\n\n<p>Visite des Eyzies-de-Tayac et du Mus\u00e9e National de la Pr\u00e9histoire<\/p>\n\n\n\n<p>Visite de Lascaux IV<\/p>\n\n\n\n<p>Visite de La Roque Saint-Christophe<\/p>\n\n\n\n<p>Repas<\/p>\n\n\n\n<p>les boissons<\/p>\n\n\n\n<p>Droits d&rsquo;entr\u00e9e dans les monuments, mus\u00e9es et attractions autres que ceux mentionn\u00e9s dans le programme<\/p>\n\n\n\n<h2 class=\"wp-block-heading\" id=\"not-suitable-for-header-text\">Ne peuvent pas participer<\/h2>\n\n\n\n<ul>\n<li>Personnes se d\u00e9pla\u00e7ant en fauteuil roulant<\/li>\n<\/ul>\n\n\n\n<h2 class=\"wp-block-heading\" id=\"meeting-points-header-text\">Lieu de rendez-vous<\/h2>\n\n\n\n<p>Arr\u00eat de bus Place Pasteur \u00e0 Sarlat-la-Can\u00e9da.<\/p>\n\n\n\n<h2 class=\"wp-block-heading\" id=\"important-information-header-text\">Informations importantes<\/h2>\n\n\n\n<h2 class=\"wp-block-heading\" id=\"what-to-bring-header-text\">\u00c0 emporter<\/h2>\n\n\n\n<ul>\n<li>Passeport ou pi\u00e8ce d\u2019identit\u00e9<\/li>\n\n\n\n<li>Chaussures confortables<\/li>\n<\/ul>\n\n\n\n<h2 class=\"wp-block-heading\" id=\"not-allowed-header-text\">Interdit sur place<\/h2>\n\n\n\n<ul>\n<li>Animaux de compagnie<\/li>\n<\/ul>\n\n\n\n<h2 class=\"wp-block-heading\" id=\"good-to-know-header-text\">Bon \u00e0 savoir<\/h2>\n\n\n\n<ul>\n<li>Informations importantes&nbsp;:<\/li>\n\n\n\n<li>Veuillez noter que la visite de La Roque Saint-Christophe inclut des escaliers et n&rsquo;est donc pas recommand\u00e9e pour les personnes ayant des probl\u00e8mes de mobilit\u00e9.<\/li>\n\n\n\n<li>Les visites en anglais des grottes de Lascaux IV sont tr\u00e8s limit\u00e9es en nombre, la plupart des visites se d\u00e9roulant en fran\u00e7ais.<\/li>\n\n\n\n<li>Votre guide vous expliquera la grotte avant et apr\u00e8s la visite, car la traduction simultan\u00e9e dans la grotte est strictement interdite.<\/li>\n\n\n\n<li>Veuillez noter que les enfants de moins de 4 ans ne sont pas autoris\u00e9s \u00e0 participer \u00e0 cette excursion.<\/li>\n\n\n\n<li>Veuillez pr\u00e9ciser l&rsquo;\u00e2ge de l&rsquo;enfant lors de la r\u00e9servation afin que nous puissions fournir un si\u00e8ge auto appropri\u00e9 si n\u00e9cessaire.<\/li>\n\n\n\n<li>Il est fortement recommand\u00e9 de porter des vestes chaudes, car la temp\u00e9rature \u00e0 l&rsquo;int\u00e9rieur des grottes est de 14\u00b0C.<\/li>\n\n\n\n<li>Cette activit\u00e9 se d\u00e9roule ind\u00e9pendamment des conditions m\u00e9t\u00e9orologiques.<\/li>\n\n\n\n<li>Il est recommand\u00e9 de porter des chaussures de marche confortables.<\/li>\n\n\n\n<li>L&rsquo;ordre des visites peut \u00eatre modifi\u00e9 en fonction de l&rsquo;horaire de Lascaux IV.<\/li>\n\n\n\n<li>Heure de d\u00e9part en juillet&nbsp;: 8h30 au lieu de 9h<\/li>\n\n\n\n<li>Cette activit\u00e9 n&rsquo;est pas disponible en ao\u00fbt.<\/li>\n\n\n\n<li>Cette excursion n\u00e9cessite la participation d&rsquo;au moins 2 passagers (adultes) pour \u00eatre organis\u00e9e.<\/li>\n<\/ul>\n\n\n\n<p><a href=\"https:\/\/gyg.me\/SZJ6acZb\" target=\"_blank\" rel=\"noopener\">https:\/\/gyg.me\/SZJ6acZb<\/a><\/p>\n\n\n\n<figure class=\"wp-block-image size-full is-resized\"><img fetchpriority=\"high\" decoding=\"async\" width=\"800\" height=\"800\" src=\"https:\/\/www.grintoura.fr\/wp-content\/uploads\/2026\/03\/from_sarlat_la_canda_lascaux_iv_and_cave_art_full_day_tour_qr_code.png\" alt=\"\" class=\"wp-image-20453\" style=\"width:224px;height:auto\" title=\"\" srcset=\"https:\/\/www.grintoura.fr\/wp-content\/uploads\/2026\/03\/from_sarlat_la_canda_lascaux_iv_and_cave_art_full_day_tour_qr_code.png 800w, https:\/\/www.grintoura.fr\/wp-content\/uploads\/2026\/03\/from_sarlat_la_canda_lascaux_iv_and_cave_art_full_day_tour_qr_code-300x300.png 300w, https:\/\/www.grintoura.fr\/wp-content\/uploads\/2026\/03\/from_sarlat_la_canda_lascaux_iv_and_cave_art_full_day_tour_qr_code-150x150.png 150w, https:\/\/www.grintoura.fr\/wp-content\/uploads\/2026\/03\/from_sarlat_la_canda_lascaux_iv_and_cave_art_full_day_tour_qr_code-768x768.png 768w, https:\/\/www.grintoura.fr\/wp-content\/uploads\/2026\/03\/from_sarlat_la_canda_lascaux_iv_and_cave_art_full_day_tour_qr_code-12x12.png 12w, https:\/\/www.grintoura.fr\/wp-content\/uploads\/2026\/03\/from_sarlat_la_canda_lascaux_iv_and_cave_art_full_day_tour_qr_code-590x590.png 590w, https:\/\/www.grintoura.fr\/wp-content\/uploads\/2026\/03\/from_sarlat_la_canda_lascaux_iv_and_cave_art_full_day_tour_qr_code-670x670.png 670w, https:\/\/www.grintoura.fr\/wp-content\/uploads\/2026\/03\/from_sarlat_la_canda_lascaux_iv_and_cave_art_full_day_tour_qr_code-577x577.png 577w, https:\/\/www.grintoura.fr\/wp-content\/uploads\/2026\/03\/from_sarlat_la_canda_lascaux_iv_and_cave_art_full_day_tour_qr_code-200x200.png 200w, https:\/\/www.grintoura.fr\/wp-content\/uploads\/2026\/03\/from_sarlat_la_canda_lascaux_iv_and_cave_art_full_day_tour_qr_code-600x600.png 600w, https:\/\/www.grintoura.fr\/wp-content\/uploads\/2026\/03\/from_sarlat_la_canda_lascaux_iv_and_cave_art_full_day_tour_qr_code-100x100.png 100w\" sizes=\"(max-width: 800px) 100vw, 800px\" \/><figcaption><\/figcaption><\/figure>","protected":false},"excerpt":{"rendered":"<p>4.9 122 avis \u2022Organisateur de l\u2019activit\u00e9 : Ophorus Explorez les peintures rupestres de la Dordogne lors d&rsquo;une visite d&rsquo;une joun\u00e9e des grottes de Lascaux. Remontez 15 000 ans en arri\u00e8re et d\u00e9couvrez les premiers squelettes des Cro Magnons aux Eyzies de Tayac. \u00c0 propos de cette activit\u00e9 Annulation gratuite Annulez jusqu\u2019\u00e0 24 heures avant pour [&hellip;]<\/p>","protected":false},"featured_media":0,"template":"","meta":[],"product_cat":[21],"product_tag":[],"_links":{"self":[{"href":"https:\/\/www.grintoura.fr\/en\/wp-json\/wp\/v2\/product\/20446"}],"collection":[{"href":"https:\/\/www.grintoura.fr\/en\/wp-json\/wp\/v2\/product"}],"about":[{"href":"https:\/\/www.grintoura.fr\/en\/wp-json\/wp\/v2\/types\/product"}],"wp:attachment":[{"href":"https:\/\/www.grintoura.fr\/en\/wp-json\/wp\/v2\/media?parent=20446"}],"wp:term":[{"taxonomy":"product_cat","embeddable":true,"href":"https:\/\/www.grintoura.fr\/en\/wp-json\/wp\/v2\/product_cat?post=20446"},{"taxonomy":"product_tag","embeddable":true,"href":"https:\/\/www.grintoura.fr\/en\/wp-json\/wp\/v2\/product_tag?post=20446"}],"curies":[{"name":"wp","href":"https:\/\/api.w.org\/{rel}","templated":true}]}}