	
	
	
	
{"id":20438,"date":"2026-03-06T18:41:24","date_gmt":"2026-03-06T17:41:24","guid":{"rendered":"https:\/\/www.grintoura.fr\/product\/lascaux-iv\/"},"modified":"2026-03-14T17:36:42","modified_gmt":"2026-03-14T16:36:42","slug":"lascaux-iv","status":"publish","type":"product","link":"https:\/\/www.grintoura.fr\/en\/product\/lascaux-iv\/","title":{"rendered":"Lascaux IV"},"content":{"rendered":"<p><strong>LASCAUX IV<\/strong><\/p>\n<p><img fetchpriority=\"high\" decoding=\"async\" class=\"alignnone size-medium wp-image-20441\" src=\"https:\/\/www.grintoura.fr\/wp-content\/uploads\/2026\/03\/Lascaux-IV-Agence-de-voyage-19_12_2024DeclicDecolle-1-450x300.jpg\" alt=\"\" width=\"450\" height=\"300\" title=\"\" srcset=\"https:\/\/www.grintoura.fr\/wp-content\/uploads\/2026\/03\/Lascaux-IV-Agence-de-voyage-19_12_2024DeclicDecolle-1-450x300.jpg 450w, https:\/\/www.grintoura.fr\/wp-content\/uploads\/2026\/03\/Lascaux-IV-Agence-de-voyage-19_12_2024DeclicDecolle-1-768x512.jpg 768w, https:\/\/www.grintoura.fr\/wp-content\/uploads\/2026\/03\/Lascaux-IV-Agence-de-voyage-19_12_2024DeclicDecolle-1-18x12.jpg 18w, https:\/\/www.grintoura.fr\/wp-content\/uploads\/2026\/03\/Lascaux-IV-Agence-de-voyage-19_12_2024DeclicDecolle-1-590x393.jpg 590w, https:\/\/www.grintoura.fr\/wp-content\/uploads\/2026\/03\/Lascaux-IV-Agence-de-voyage-19_12_2024DeclicDecolle-1-577x384.jpg 577w, https:\/\/www.grintoura.fr\/wp-content\/uploads\/2026\/03\/Lascaux-IV-Agence-de-voyage-19_12_2024DeclicDecolle-1-600x400.jpg 600w, https:\/\/www.grintoura.fr\/wp-content\/uploads\/2026\/03\/Lascaux-IV-Agence-de-voyage-19_12_2024DeclicDecolle-1.jpg 800w\" sizes=\"(max-width: 450px) 100vw, 450px\" \/><br \/>\nReproduction fid\u00e8le de la grotte originale, Lascaux IV propose une exploration multisensorielle hors du commun. Vous allez aimer :<\/p>\n<p>\u2665 Visite classique<br \/>\nPlongez dans l\u2019univers fascinant de la grotte avec une visite guid\u00e9e accessible \u00e0 tous.<\/p>\n<p>\u2665 Visite Prestige<br \/>\nD\u00e9couvrez Lascaux comme il y a 21 000 ans \u00e0 la lumi\u00e8re d\u2019une torche\u00a0!<\/p>\n<p>\u2665 Visite Lascaux \u00ab D\u00e9crypt\u00e9e \u00bb<br \/>\nProfitez d\u2019une visite approfondie autour d\u2019un th\u00e8me sp\u00e9cifique selon votre 3 choix possibles.<\/p>\n<p>\u2665 Visite Lascaux \/ Jardins d\u2019Eyrignac<br \/>\nOffrez une journ\u00e9e m\u00e9morable entre jardins d\u2019exception et tr\u00e9sors pr\u00e9historiques !<\/p>\n<p><strong>PARC DU THOT<\/strong><\/p>\n<p><img decoding=\"async\" class=\"alignnone size-medium wp-image-20442\" src=\"https:\/\/www.grintoura.fr\/wp-content\/uploads\/2026\/03\/\u00a9-Dan-Courtice-Parc-du-Thot-Agence-de-voyage-DAN_25091-449x300.jpg\" alt=\"\" width=\"449\" height=\"300\" title=\"\" srcset=\"https:\/\/www.grintoura.fr\/wp-content\/uploads\/2026\/03\/\u00a9-Dan-Courtice-Parc-du-Thot-Agence-de-voyage-DAN_25091-449x300.jpg 449w, https:\/\/www.grintoura.fr\/wp-content\/uploads\/2026\/03\/\u00a9-Dan-Courtice-Parc-du-Thot-Agence-de-voyage-DAN_25091-768x513.jpg 768w, https:\/\/www.grintoura.fr\/wp-content\/uploads\/2026\/03\/\u00a9-Dan-Courtice-Parc-du-Thot-Agence-de-voyage-DAN_25091-18x12.jpg 18w, https:\/\/www.grintoura.fr\/wp-content\/uploads\/2026\/03\/\u00a9-Dan-Courtice-Parc-du-Thot-Agence-de-voyage-DAN_25091-590x394.jpg 590w, https:\/\/www.grintoura.fr\/wp-content\/uploads\/2026\/03\/\u00a9-Dan-Courtice-Parc-du-Thot-Agence-de-voyage-DAN_25091-577x385.jpg 577w, https:\/\/www.grintoura.fr\/wp-content\/uploads\/2026\/03\/\u00a9-Dan-Courtice-Parc-du-Thot-Agence-de-voyage-DAN_25091-600x401.jpg 600w, https:\/\/www.grintoura.fr\/wp-content\/uploads\/2026\/03\/\u00a9-Dan-Courtice-Parc-du-Thot-Agence-de-voyage-DAN_25091.jpg 800w\" sizes=\"(max-width: 449px) 100vw, 449px\" \/><br \/>\nLe Parc du Thot vous transporte dans l\u2019univers de l\u2019Homme de Cro-Magnon en approchant les animaux repr\u00e9sent\u00e9s sur les parois de Lascaux.<\/p>\n<p>Vous allez aimer :<\/p>\n<p>\u2665 Les visites th\u00e9matiques<br \/>\nNos m\u00e9diateurs proposent des mini conf\u00e9rences \u00ab De la pr\u00e9histoire \u00e0 nos jours \u00bb.<\/p>\n<p>\u2665 Temps forts<br \/>\nAssistez aux nourrissages des cervid\u00e9s ou des loups et \u00e9changez avec les soigneurs animaliers.<\/p>\n<p>\u2665 Nouveaut\u00e9<br \/>\nFermez les yeux, tendez l\u2019oreille et laissez-vous emporter par le murmure de la for\u00eat et le chant envo\u00fbtant de ses habitants avec nos bornes sonores.<\/p>\n<p><strong>GROTTE DU GRAND ROC<\/strong><\/p>\n<p><img decoding=\"async\" class=\"alignnone size-medium wp-image-20443\" src=\"https:\/\/www.grintoura.fr\/wp-content\/uploads\/2026\/03\/Grotte-du-Grand-Roc-Agence-de-voyage-DeclicDecolle-450x300.jpg\" alt=\"\" width=\"450\" height=\"300\" title=\"\" srcset=\"https:\/\/www.grintoura.fr\/wp-content\/uploads\/2026\/03\/Grotte-du-Grand-Roc-Agence-de-voyage-DeclicDecolle-450x300.jpg 450w, https:\/\/www.grintoura.fr\/wp-content\/uploads\/2026\/03\/Grotte-du-Grand-Roc-Agence-de-voyage-DeclicDecolle-768x512.jpg 768w, https:\/\/www.grintoura.fr\/wp-content\/uploads\/2026\/03\/Grotte-du-Grand-Roc-Agence-de-voyage-DeclicDecolle-18x12.jpg 18w, https:\/\/www.grintoura.fr\/wp-content\/uploads\/2026\/03\/Grotte-du-Grand-Roc-Agence-de-voyage-DeclicDecolle-590x393.jpg 590w, https:\/\/www.grintoura.fr\/wp-content\/uploads\/2026\/03\/Grotte-du-Grand-Roc-Agence-de-voyage-DeclicDecolle-577x384.jpg 577w, https:\/\/www.grintoura.fr\/wp-content\/uploads\/2026\/03\/Grotte-du-Grand-Roc-Agence-de-voyage-DeclicDecolle-600x400.jpg 600w, https:\/\/www.grintoura.fr\/wp-content\/uploads\/2026\/03\/Grotte-du-Grand-Roc-Agence-de-voyage-DeclicDecolle.jpg 800w\" sizes=\"(max-width: 450px) 100vw, 450px\" \/><br \/>\n\u00c0 l\u2019int\u00e9rieur de cette grotte inscrite au Patrimoine Mondial de l\u2019UNESCO, une for\u00eat min\u00e9rale compos\u00e9e de cristallisations excentriques, de stalactites et de stalagmites vous attend.<\/p>\n<p>\u2665 \u00c9v\u00e9nement<br \/>\nEn 2024, la grotte a c\u00e9l\u00e9br\u00e9 ses 100 ans !<\/p>\n<p>\u2665 Visite exclusive \u00e0 la lampe-temp\u00eate<br \/>\nExplorez la grotte comme en 1924 avec une lampe-temp\u00eate et d\u00e9couvrez une mise en sc\u00e8ne lumineuse r\u00e9v\u00e9lant sa beaut\u00e9 cach\u00e9e.<\/p>\n<p><strong>ABRIS PR\u00c9HISTORIQUES DE LAUGERIE BASSE<\/strong><\/p>\n<p><img loading=\"lazy\" decoding=\"async\" class=\"alignnone size-medium wp-image-20444\" src=\"https:\/\/www.grintoura.fr\/wp-content\/uploads\/2026\/03\/Laugerie-basse-agence-de-voyage-@Semitour-450x300.jpg\" alt=\"\" width=\"450\" height=\"300\" title=\"\" srcset=\"https:\/\/www.grintoura.fr\/wp-content\/uploads\/2026\/03\/Laugerie-basse-agence-de-voyage-@Semitour-450x300.jpg 450w, https:\/\/www.grintoura.fr\/wp-content\/uploads\/2026\/03\/Laugerie-basse-agence-de-voyage-@Semitour-768x512.jpg 768w, https:\/\/www.grintoura.fr\/wp-content\/uploads\/2026\/03\/Laugerie-basse-agence-de-voyage-@Semitour-18x12.jpg 18w, https:\/\/www.grintoura.fr\/wp-content\/uploads\/2026\/03\/Laugerie-basse-agence-de-voyage-@Semitour-590x393.jpg 590w, https:\/\/www.grintoura.fr\/wp-content\/uploads\/2026\/03\/Laugerie-basse-agence-de-voyage-@Semitour-577x384.jpg 577w, https:\/\/www.grintoura.fr\/wp-content\/uploads\/2026\/03\/Laugerie-basse-agence-de-voyage-@Semitour-600x400.jpg 600w, https:\/\/www.grintoura.fr\/wp-content\/uploads\/2026\/03\/Laugerie-basse-agence-de-voyage-@Semitour.jpg 800w\" sizes=\"(max-width: 450px) 100vw, 450px\" \/><br \/>\nInscrit au patrimoine mondial de l\u2019UNESCO, ce site majeur t\u00e9moigne de la vie de l\u2019Homme d\u00e8s l\u2019\u00e9poque Magdal\u00e9nienne et offre un aper\u00e7u fascinant du pass\u00e9 humain.<\/p>\n<p>\u2665 Visite guid\u00e9e sur demande ou parcours libre<br \/>\nLe tout nouveau parcours de visite qui vous permettra de comprendre pourquoi et comment l\u2019Homme a v\u00e9cu ici.<\/p>\n<header class=\"content__header\">\n<h1 class=\"content__title\">Lascaux IV, la r\u00e9plique de la grotte de Lascaux<\/h1>\n<\/header>\n<div class=\"content__article-content\">\n<p>La grotte de Lascaux est d\u00e9couverte, par hasard, <strong>en 1940 par 4 adolescents.<\/strong> Cette\u00a0d\u00e9couverte nous offre alors une aventure unique et commune : <strong>l\u2019histoire de l\u2019humanit\u00e9<\/strong>. V\u00e9ritable chef d\u2019\u0153uvre de la pr\u00e9histoire, le site doit \u00eatre prot\u00e9g\u00e9. Ainsi, aujourd\u2019hui, la grotte de Lascaux peut \u00eatre d\u00e9couverte gr\u00e2ce \u00e0 <strong>2 r\u00e9pliques<\/strong>en Dordogne :<\/p>\n<ul>\n<li>\n<ul>\n<li>\u2022 <strong>Lascaux II<\/strong>, fac-simil\u00e9 partiel de la grotte de Lascaux cr\u00e9\u00e9 en 1983 et situ\u00e9 \u00e0 quelques m\u00e8tres de la grotte originale. 80% des peintures reproduites.<\/li>\n<li>\u2022 <strong>Lascaux IV<\/strong>, copie de l\u2019enti\u00e8ret\u00e9 de la grotte de Lascaux. Ce Centre International de l\u2019Art Pari\u00e9tal cr\u00e9\u00e9 en 2016 enrichit l\u2019exp\u00e9rience de la visite de la grotte.<\/li>\n<\/ul>\n<\/li>\n<\/ul>\n<\/div>\n<div class=\"label\" role=\"note\" aria-label=\"1940\">1940<\/div>\n<div class=\"headline d-flex justify-content-center align-items-center\">\n<h3 class=\"title\">Lascaux, la grotte originale<\/h3>\n<\/div>\n<div class=\"content\">\n<div class=\"text\">\n<p>C\u2019est en 1940 que l\u2019histoire du village de Montignac est boulevers\u00e9e. Le 12 septembre, quatre adolescents, Marcel Ravidat, Georges Agniel, Simon Coencas et Jacques Marsal, font une d\u00e9couverte arch\u00e9ologique des plus prestigieuses du 20\u00e8me si\u00e8cle : La grotte de Lascaux.<\/p>\n<p>Class\u00e9e Monument Historique cette m\u00eame ann\u00e9e, la grotte accueille tr\u00e8s vite ses premiers visiteurs. Malheureusement, l\u2019activit\u00e9 touristique intense provoquera d\u2019importantes d\u00e9gradations des fresques. C\u2019est ainsi qu\u2019en 1963, Andr\u00e9 Malraux alors Ministre des Affaires Culturelles prend la d\u00e9cision de fermer d\u00e9finitivement la grotte au public.<\/p>\n<div class=\"label\" role=\"note\" aria-label=\"1983\">1983<\/div>\n<div class=\"headline d-flex justify-content-center align-items-center\">\n<h3 class=\"title\">Lascaux II, le premier Fac-Simil\u00e9<\/h3>\n<\/div>\n<div class=\"content\">\n<div class=\"text\">\n<p>Pour permettre aux visiteurs de red\u00e9couvrir les fresques de Lascaux, le fac-simil\u00e9 Lascaux II a ouvert au grand public en 1983. Situ\u00e9e \u00e0 quelques m\u00e8tres de la grotte originale, c\u2019est la premi\u00e8re r\u00e9plique au monde avec 80 % des peintures reproduites.<\/p>\n<p>Accueillant un grand nombre de visiteurs chaque ann\u00e9e, Lascaux II propose des visites intimistes et authentiques, permettant de revivre la d\u00e9couverte de la grotte originale\u2026<\/p>\n<div class=\"label\" role=\"note\" aria-label=\"2010\">2010<\/div>\n<div class=\"headline d-flex justify-content-center align-items-center\">\n<h3 class=\"title\">Lascaux III, l\u2019Exposition Internationale itin\u00e9rante<\/h3>\n<\/div>\n<div class=\"content\">\n<div class=\"text\">\n<p>Imagin\u00e9e en 2010, Lascaux III est la premi\u00e8re et unique exposition itin\u00e9rante consacr\u00e9e \u00e0 une grotte orn\u00e9e. Elle est imagin\u00e9e \u00e0 partir de fac-simil\u00e9s de la grotte de Lascaux enti\u00e8rement mobiles et d\u00e9montables. Offrant une vari\u00e9t\u00e9 d\u2019exp\u00e9riences interactives, elle permet au public du monde entier de d\u00e9couvrir la grotte de Lascaux.<\/p>\n<div class=\"label\" role=\"note\" aria-label=\"2016\">2016<\/div>\n<div class=\"headline d-flex justify-content-center align-items-center\">\n<h3 class=\"title\">Lascaux IV, le centre International de l\u2019Art Pari\u00e9tal<\/h3>\n<\/div>\n<div class=\"content\">\n<div class=\"text\">\n<p>Imagin\u00e9 par Sn<em>\u00f8<\/em>hetta et Casson Mann, Lascaux IV ouvre ses portes en 2016 avec l\u2019intention de reproduire l\u2019int\u00e9gralit\u00e9 de la grotte originale. Gr\u00e2ce \u00e0 l\u2019expertise et aux techniques de l\u2019Atelier des Fac-Simil\u00e9s du P\u00e9rigord, l\u2019enti\u00e8ret\u00e9 de la grotte originale a \u00e9t\u00e9 reproduite.<\/p>\n<p>Associ\u00e9 \u00e0 une technologie de pointe et \u00e0 une recherche scientifique approfondie, les visiteurs sont transport\u00e9s dans un voyage hors du commun\u2026 L\u2019exp\u00e9rience est enrichie par des espaces sc\u00e9nographiques qui permettent une meilleure compr\u00e9hension de l\u2019art pari\u00e9tal.<\/p>\n<\/div>\n<\/div>\n<\/div>\n<\/div>\n<\/div>\n<\/div>\n<\/div>\n<\/div>\n<p>Avenue de Lascaux | 24290 MONTIGNAC<\/p>\n<p>+33 (0) 5 53 50 99 10<\/p>\n<p><a href=\"https:\/\/lascaux.fr\/fr\/horaires-et-tarifs-lascaux-iv\/\" target=\"_blank\" rel=\"noopener\">-&gt;Horaires:<\/a><\/p>\n<p><a href=\"https:\/\/www.ticketsdordogne.com\/fr\/\" target=\"_blank\" rel=\"noopener\">-&gt;Billetterie:<\/a><\/p>","protected":false},"excerpt":{"rendered":"<p>LASCAUX IV Reproduction fid\u00e8le de la grotte originale, Lascaux IV propose une exploration multisensorielle hors du commun. Vous allez aimer : \u2665 Visite classique Plongez dans l\u2019univers fascinant de la grotte avec une visite guid\u00e9e accessible \u00e0 tous. \u2665 Visite Prestige D\u00e9couvrez Lascaux comme il y a 21 000 ans \u00e0 la lumi\u00e8re d\u2019une torche\u00a0! [&hellip;]<\/p>","protected":false},"featured_media":0,"template":"","meta":[],"product_cat":[21],"product_tag":[],"_links":{"self":[{"href":"https:\/\/www.grintoura.fr\/en\/wp-json\/wp\/v2\/product\/20438"}],"collection":[{"href":"https:\/\/www.grintoura.fr\/en\/wp-json\/wp\/v2\/product"}],"about":[{"href":"https:\/\/www.grintoura.fr\/en\/wp-json\/wp\/v2\/types\/product"}],"wp:attachment":[{"href":"https:\/\/www.grintoura.fr\/en\/wp-json\/wp\/v2\/media?parent=20438"}],"wp:term":[{"taxonomy":"product_cat","embeddable":true,"href":"https:\/\/www.grintoura.fr\/en\/wp-json\/wp\/v2\/product_cat?post=20438"},{"taxonomy":"product_tag","embeddable":true,"href":"https:\/\/www.grintoura.fr\/en\/wp-json\/wp\/v2\/product_tag?post=20438"}],"curies":[{"name":"wp","href":"https:\/\/api.w.org\/{rel}","templated":true}]}}