	
	
	
	
{"id":20407,"date":"2026-03-03T15:23:15","date_gmt":"2026-03-03T14:23:15","guid":{"rendered":"https:\/\/www.grintoura.fr\/product\/les-petits-castors\/"},"modified":"2026-03-03T15:23:15","modified_gmt":"2026-03-03T14:23:15","slug":"les-petits-castors","status":"publish","type":"product","link":"https:\/\/www.grintoura.fr\/en\/product\/les-petits-castors\/","title":{"rendered":"Les petits castors"},"content":{"rendered":"<p><strong>Location de cano\u00ebs sur la Loire<\/strong><br \/>\nD\u00e9couvrez le dernier fleuve sauvage d\u2018Europe et sa nature pr\u00e9serv\u00e9e.<\/p>\n<p>Profitez de ses nombreuses plages pour vous baigner, observer la nature\u2026<\/p>\n<p>ou pour y cacher votre magot de pirate !<\/p>\n<p><strong>Les parcours :<\/strong><\/p>\n<p><strong>Barbe verte<\/strong><br \/>\n9,5 km \/ demi-journ\u00e9e.<\/p>\n<p>D\u00e9part :\u00a0Saint Aubin<\/p>\n<p>Arriv\u00e9e :\u00a0 Le Fourneau.<\/p>\n<p>Tous les matins en haute saison<\/p>\n<p><strong>Barbe rouge<\/strong><br \/>\n22 km \/ la journ\u00e9e.<\/p>\n<p>D\u00e9part : Le Fourneau<\/p>\n<p>Arriv\u00e9e :\u00a0 St Hilaire Fontaine<\/p>\n<p>Mercredi et dimanche<\/p>\n<p>&nbsp;<\/p>\n<p>T\u00e9l\u00e9phones<br \/>\nAlexis (FR) : (00 33) (0)6 84 22 65 99<\/p>\n<p>F\u00e9lix (NL\/GB\/DE) : (00 33) (0)6 222 77 339<\/p>\n<p>&nbsp;<\/p>\n<p>A lire :<\/p>\n<p><a href=\"https:\/\/reserves-naturelles.org\/reserves\/val-de-loire-bourbonnais\/\" target=\"_blank\" rel=\"noopener\">\u2013 La faune et la flore du Val de Loire Bourbonnais<\/a><\/p>\n<p><a href=\"https:\/\/www.saone-et-loire.gouv.fr\/Actions-de-l-Etat\/Environnement-risques-naturels-et-technologiques\/Protection-de-la-nature-et-de-la-biodiversite\/Autres-espaces-naturels-proteges\/APPB-ilots-et-greves-de-la-Loire-auvergno-bourguignonne\" target=\"_blank\" rel=\"noopener\">\u2013 Arr\u00e9t\u00e9 pr\u00e9fectoral ilots et gr\u00e8ves de la Loir<\/a><\/p>\n<p>&nbsp;<\/p>\n<p>En participant \u00e0 nos activit\u00e9s,<br \/>\nvous vous engagez \u00e0 lire et respecter ces conseils et ce r\u00e8glement<br \/>\nFran\u00e7ais<br \/>\nIL EST OBLIGATOIRE DE SAVOIR NAGER !<br \/>\nPenser \u00e0 se prot\u00e9ger du soleil (casquette, chapeau, cr\u00e8me solaire\u2026) et \u00e0 s\u2018hydrater<br \/>\nR\u00e9servation n\u00e9cessaire et fortement recommand\u00e9e<br \/>\nPour les parcours bivouac (plusieurs journ\u00e9es) prendre contact<br \/>\nRespecter l\u2019environnement en ne nuisant ni \u00e0 la faune ni \u00e0 la flore. Ne laissez aucun d\u00e9chet. Lire l\u2019arret\u00e9 pr\u00e9fectoral<br \/>\nPorter les gilets\u00a0(obligatoires) durant toute la descente (m\u00eame pendant la baignade). Ceux ci vous seront fournis (normes EU)<br \/>\nUtiliser tout le mat\u00e9riel uniquement pour les usages correspondants \u00e0 leur fonction.<br \/>\nRespecter les p\u00eacheurs et promeneurs\u00a0(civilit\u00e9), passez le plus loin possible des zones de p\u00eache.<br \/>\nRespecter le mat\u00e9riel\u00a0(d\u00e9gradations factur\u00e9es)<br \/>\nBoire ou faire du cano\u00e9 il faut choisir !<br \/>\nAvant de nous appeler, prenez connaissance de notre fonctionnement\u00a0:<br \/>\nChoisissez le parcours qui vous convient et appelez nous. En fonction des disponibilit\u00e9s nous validons votre r\u00e9servation.<\/p>\n<p>Les parcours :<\/p>\n<p>Pour le d\u00e9part du parcours vert : rendez-vous \u00e0 saint aubin sur Loire, suivez la direction bord de Loire. Vous nous trouverez tr\u00e8s facilement.<br \/>\nPour le d\u00e9part du parcours rouge : rendez-vous au pont du fourneau tournez \u00e0 droite juste avant le pont quand vous venez de Bourbon Lancy.<br \/>\nLes bivouacs sont possibles, conditions adaptables sur demandes.<br \/>\nDes cano\u00e9s de p\u00eaches (abaco 360 rtm) sont disponibles \u00e0 la location, pour les p\u00eacheurs comme les photographes.<br \/>\nOrganisation\u00a0:<\/p>\n<p>Vous laissez vos v\u00e9hicules au d\u00e9part et nous venons vous chercher \u00e0 l\u2019arriv\u00e9e, pour ensuite vous remonter au d\u00e9part.<br \/>\nLe r\u00e8glement se fait avant le d\u00e9part, en ch\u00e8que ou esp\u00e8ce.<br \/>\nVous signez un contrat de location.<br \/>\nNous vous fournissons le mat\u00e9riel n\u00e9cessaire : gilets de sauvetages (obligatoires) et bidon \u00e9tanches (1 par bateau).<br \/>\nVous \u00eates par\u00e9s pour d\u00e9couvrir un fleuve sauvage, riches de sa faune aquatique, de sa flore et ces oiseaux tels que : h\u00e9rons cendr\u00e9s, h\u00e9rons bruns, gu\u00eapiers d\u2019Europe, hirondelles de rivages, aigrettes, cigognes, Balbuzard p\u00eacheurs, cygnes, canards etc\u2026<\/p>\n<p>\u00e0 lire : La faune et la flore du Val de Loire Bourbonnais<\/p>\n<p>Bon vent \u00e0 vous !<\/p>\n<p>&nbsp;<\/p>\n<p>&nbsp;<\/p>","protected":false},"excerpt":{"rendered":"<p>Location de cano\u00ebs sur la Loire D\u00e9couvrez le dernier fleuve sauvage d\u2018Europe et sa nature pr\u00e9serv\u00e9e. Profitez de ses nombreuses plages pour vous baigner, observer la nature\u2026 ou pour y cacher votre magot de pirate ! Les parcours : Barbe verte 9,5 km \/ demi-journ\u00e9e. D\u00e9part :\u00a0Saint Aubin Arriv\u00e9e :\u00a0 Le Fourneau. Tous les matins [&hellip;]<\/p>","protected":false},"featured_media":0,"template":"","meta":[],"product_cat":[21],"product_tag":[],"_links":{"self":[{"href":"https:\/\/www.grintoura.fr\/en\/wp-json\/wp\/v2\/product\/20407"}],"collection":[{"href":"https:\/\/www.grintoura.fr\/en\/wp-json\/wp\/v2\/product"}],"about":[{"href":"https:\/\/www.grintoura.fr\/en\/wp-json\/wp\/v2\/types\/product"}],"wp:attachment":[{"href":"https:\/\/www.grintoura.fr\/en\/wp-json\/wp\/v2\/media?parent=20407"}],"wp:term":[{"taxonomy":"product_cat","embeddable":true,"href":"https:\/\/www.grintoura.fr\/en\/wp-json\/wp\/v2\/product_cat?post=20407"},{"taxonomy":"product_tag","embeddable":true,"href":"https:\/\/www.grintoura.fr\/en\/wp-json\/wp\/v2\/product_tag?post=20407"}],"curies":[{"name":"wp","href":"https:\/\/api.w.org\/{rel}","templated":true}]}}