	
	
	
	
{"id":20358,"date":"2026-03-02T13:55:47","date_gmt":"2026-03-02T12:55:47","guid":{"rendered":"https:\/\/www.grintoura.fr\/product\/domaine-tour-campanets\/"},"modified":"2026-03-02T13:55:47","modified_gmt":"2026-03-02T12:55:47","slug":"domaine-tour-campanets","status":"publish","type":"product","link":"https:\/\/www.grintoura.fr\/en\/product\/domaine-tour-campanets\/","title":{"rendered":"Domaine Tour Campanets"},"content":{"rendered":"<p><strong>D\u00c9COUVREZ LE DOMAINE TOUR CAMPANETS<\/strong><\/p>\n<p>Nich\u00e9 entre Aix en Provence et Le Luberon, le domaine Tour Campanets est un havre de tranquillit\u00e9 et de raffinement.<\/p>\n<p>V\u00e9ritable ode \u00e0 la d\u00e9tente et d\u00e9paysement pour une immersion dans les magnifiques paysages naturels de Provence.<\/p>\n<p>Situ\u00e9e dans un domaine, o\u00f9 la magie op\u00e8re d\u00e8s l\u2019arriv\u00e9e sur les terres, cette propri\u00e9t\u00e9 viticole de 35 hectares, cultiv\u00e9s en Agriculture Biologique, d\u00e9cline une gamme de vins AOP C\u00f4teaux d\u2019Aix en Provence, \u00e0 la personnalit\u00e9\u0301 engag\u00e9e.<\/p>\n<p>Le domaine est un endroit unique en Provence o\u00f9 se m\u00ealent charme, luxe et po\u00e9sie \u00e0 la fran\u00e7aise.<\/p>\n<p><strong>Trouvez le vin de votre moment, de votre envie\u2026<\/strong><br \/>\nTous nos vins sont biologiques\u00a0! et c\u2019est important\u00a0!<\/p>\n<p>+ 33 (0)4 42 61 86 91<\/p>","protected":false},"excerpt":{"rendered":"<p>D\u00c9COUVREZ LE DOMAINE TOUR CAMPANETS Nich\u00e9 entre Aix en Provence et Le Luberon, le domaine Tour Campanets est un havre de tranquillit\u00e9 et de raffinement. V\u00e9ritable ode \u00e0 la d\u00e9tente et d\u00e9paysement pour une immersion dans les magnifiques paysages naturels de Provence. Situ\u00e9e dans un domaine, o\u00f9 la magie op\u00e8re d\u00e8s l\u2019arriv\u00e9e sur les terres, [&hellip;]<\/p>","protected":false},"featured_media":0,"template":"","meta":[],"product_cat":[21],"product_tag":[],"_links":{"self":[{"href":"https:\/\/www.grintoura.fr\/en\/wp-json\/wp\/v2\/product\/20358"}],"collection":[{"href":"https:\/\/www.grintoura.fr\/en\/wp-json\/wp\/v2\/product"}],"about":[{"href":"https:\/\/www.grintoura.fr\/en\/wp-json\/wp\/v2\/types\/product"}],"wp:attachment":[{"href":"https:\/\/www.grintoura.fr\/en\/wp-json\/wp\/v2\/media?parent=20358"}],"wp:term":[{"taxonomy":"product_cat","embeddable":true,"href":"https:\/\/www.grintoura.fr\/en\/wp-json\/wp\/v2\/product_cat?post=20358"},{"taxonomy":"product_tag","embeddable":true,"href":"https:\/\/www.grintoura.fr\/en\/wp-json\/wp\/v2\/product_tag?post=20358"}],"curies":[{"name":"wp","href":"https:\/\/api.w.org\/{rel}","templated":true}]}}