	
	
	
	
{"id":19505,"date":"2025-12-15T17:19:11","date_gmt":"2025-12-15T16:19:11","guid":{"rendered":"https:\/\/www.grintoura.fr\/product\/theatre-equestre-de-champagne\/"},"modified":"2026-01-05T23:18:50","modified_gmt":"2026-01-05T22:18:50","slug":"theatre-equestre-de-champagne","status":"publish","type":"product","link":"https:\/\/www.grintoura.fr\/en\/product\/theatre-equestre-de-champagne\/","title":{"rendered":"Th\u00e9\u00e2tre \u00c9questre de Champagne"},"content":{"rendered":"<p><em><strong> Entrez dans le premier th\u00e9\u00e2tre \u00e9questre de l\u2019Aube, un lieu magique o\u00f9 art et imaginaire s\u2019entrelacent <\/strong><\/em><\/p>\n<p>Nich\u00e9 au c\u0153ur de la For\u00eat d\u2019Orient, le Th\u00e9\u00e2tre \u00c9questre de Champagne de Radonvilliers (10) a une ambition : vous faire voyager au travers de spectacles, \u00e9v\u00e9nements et activit\u00e9s de d\u00e9couverte de ces \u00e2mes formidables que sont les chevaux, dans toute leur noblesse, leur \u00e9l\u00e9gance et leur humilit\u00e9.<\/p>\n<p>Nous avons r\u00eav\u00e9 ce lieu comme un espace de partage et d\u2019\u00e9change, dans le respect profond de l\u2019animal, une parenth\u00e8se temporelle et spatiale lov\u00e9e dans un univers empreint de f\u00e9\u00e9rie.<\/p>\n<p>Notre th\u00e9\u00e2tre \u00e9questre se veut :<\/p>\n<p>-centre de diffusion culturelle en milieu rural ;<br \/>\n-renfort de l\u2019offre touristique et artistique du Grand est ;<br \/>\n-soutien \u00e0 l\u2019attractivit\u00e9 d\u2019un territoire fier de ses racines ;<br \/>\n-catalyseur pour les acteurs culturels locaux ;<br \/>\n-lieu de rayonnement pour l\u2019Aube et les d\u00e9partements alentours : Marne (51), Haute-Marne (52), C\u00f4te-d&rsquo;Or (21), Seine-et-Marne (77), Yonne (89)<\/p>","protected":false},"excerpt":{"rendered":"<p>Entrez dans le premier th\u00e9\u00e2tre \u00e9questre de l\u2019Aube, un lieu magique o\u00f9 art et imaginaire s\u2019entrelacent Nich\u00e9 au c\u0153ur de la For\u00eat d\u2019Orient, le Th\u00e9\u00e2tre \u00c9questre de Champagne de Radonvilliers (10) a une ambition : vous faire voyager au travers de spectacles, \u00e9v\u00e9nements et activit\u00e9s de d\u00e9couverte de ces \u00e2mes formidables que sont les chevaux, [&hellip;]<\/p>","protected":false},"featured_media":0,"template":"","meta":[],"product_cat":[21],"product_tag":[],"_links":{"self":[{"href":"https:\/\/www.grintoura.fr\/en\/wp-json\/wp\/v2\/product\/19505"}],"collection":[{"href":"https:\/\/www.grintoura.fr\/en\/wp-json\/wp\/v2\/product"}],"about":[{"href":"https:\/\/www.grintoura.fr\/en\/wp-json\/wp\/v2\/types\/product"}],"wp:attachment":[{"href":"https:\/\/www.grintoura.fr\/en\/wp-json\/wp\/v2\/media?parent=19505"}],"wp:term":[{"taxonomy":"product_cat","embeddable":true,"href":"https:\/\/www.grintoura.fr\/en\/wp-json\/wp\/v2\/product_cat?post=19505"},{"taxonomy":"product_tag","embeddable":true,"href":"https:\/\/www.grintoura.fr\/en\/wp-json\/wp\/v2\/product_tag?post=19505"}],"curies":[{"name":"wp","href":"https:\/\/api.w.org\/{rel}","templated":true}]}}