	
	
	
	
{"id":19298,"date":"2025-12-03T13:18:34","date_gmt":"2025-12-03T12:18:34","guid":{"rendered":"https:\/\/www.grintoura.fr\/product\/aux-martis-gites-et-petit-camping-copie-2\/"},"modified":"2025-12-18T21:55:40","modified_gmt":"2025-12-18T20:55:40","slug":"aux-martis-gites-et-petit-camping-copie-2","status":"publish","type":"product","link":"https:\/\/www.grintoura.fr\/en\/product\/aux-martis-gites-et-petit-camping-copie-2\/","title":{"rendered":"Gite Le Hibou"},"content":{"rendered":"<p>Bienvenue dans notre g\u00eete Le Hibou. Ce g\u00eete ind\u00e9pendant est situ\u00e9 dans le petit domaine de vacances Aux Martis, dans la magnifique campagne du Lot-et-Garonne (\u00e0 la fronti\u00e8re avec la Dordogne). Au bout d&rsquo;un chemin de gravier et nich\u00e9 parmi les vieux ch\u00eanes, vous vous croirez en pleine nature. Mais la civilisation n&rsquo;est jamais loin et le g\u00eete est \u00e9quip\u00e9 de tout le confort moderne. La terrasse donne sur la vall\u00e9e et un petit sentier vous m\u00e8ne directement \u00e0 la piscine pour un plongeon rafra\u00eechissant.<\/p>\n<p>Le rez-de-chauss\u00e9e comprend :<\/p>\n<p>&#8211; le coin repas avec cuisine moderne \u00e9quip\u00e9e : four \u00e9lectrique et plaque \u00e0 induction, r\u00e9frig\u00e9rateur avec compartiment cong\u00e9lateur, lave-vaisselle<\/p>\n<p>&#8211; un coin salon donnant sur la terrasse et un coin salon pr\u00e8s du po\u00eale \u00e0 bois (tr\u00e8s agr\u00e9able et chaleureux pendant les mois les plus froids)<\/p>\n<p>&#8211; la salle de bains (douche, lavabo) avec toilettes<\/p>\n<p>&#8211; deux chambres : une chambre avec deux lits simples (90&#215;200) et une chambre avec un grand lit (160&#215;200)<\/p>\n<p>Depuis le salon, un escalier m\u00e8ne \u00e0 la mezzanine o\u00f9 se trouve une troisi\u00e8me chambre avec un lit simple (90&#215;200). Sur demande, nous mettons gratuitement \u00e0 votre disposition un lit b\u00e9b\u00e9 et\/ou une chaise haute. Le linge de lit est fourni, mais pas le linge de toilette.<\/p>\n<p>\u00c0 environ 50 m\u00e8tres de la maison de vacances se trouve un b\u00e2timent commun o\u00f9 vous pouvez utiliser gratuitement une machine \u00e0 laver.<\/p>\n<p>La piscine de 5 x 13 m\u00e8tres se trouve \u00e0 environ 30 m\u00e8tres \u00e0 pied de la maison de vacances et est partag\u00e9e avec les h\u00f4tes des deux autres g\u00eetes du domaine et les campeurs \u00e9ventuels de notre mini-camping (6 emplacements). Nous voulons offrir \u00e0 tous, tant \u00e0 nos h\u00f4tes dans les g\u00eetes qu&rsquo;\u00e0 nos campeurs, calme et espace. En fonction du nombre d&rsquo;h\u00f4tes d\u00e9j\u00e0 pr\u00e9sents dans nos g\u00eetes et au camping, nous choisissons parfois de ne pas occuper tous nos emplacements de camping. La piscine est ouverte de d\u00e9but juin \u00e0 fin septembre.<\/p>\n<p>Le po\u00eale \u00e0 bois est le seul moyen de chauffage. Il est important que vous sachiez comment fonctionne un po\u00eale \u00e0 bois, afin de pouvoir chauffer sans probl\u00e8me les pi\u00e8ces \u00e0 vivre. Cela n&rsquo;offre bien s\u00fbr pas le m\u00eame confort que le chauffage central, veuillez en tenir compte.<\/p>\n<p>Notre terrain pr\u00e9sente de grands d\u00e9nivel\u00e9s, ce qui rend les sentiers de randonn\u00e9e parfois escarp\u00e9s. Les personnes \u00e0 mobilit\u00e9 r\u00e9duite doivent en tenir compte. Le g\u00eete n&rsquo;est pas accessible aux fauteuils roulants.<\/p>","protected":false},"excerpt":{"rendered":"<p>Bienvenue dans notre g\u00eete Le Hibou. Ce g\u00eete ind\u00e9pendant est situ\u00e9 dans le petit domaine de vacances Aux Martis, dans la magnifique campagne du Lot-et-Garonne (\u00e0 la fronti\u00e8re avec la Dordogne). Au bout d&rsquo;un chemin de gravier et nich\u00e9 parmi les vieux ch\u00eanes, vous vous croirez en pleine nature. Mais la civilisation n&rsquo;est jamais loin [&hellip;]<\/p>","protected":false},"featured_media":0,"template":"","meta":[],"product_cat":[21],"product_tag":[],"_links":{"self":[{"href":"https:\/\/www.grintoura.fr\/en\/wp-json\/wp\/v2\/product\/19298"}],"collection":[{"href":"https:\/\/www.grintoura.fr\/en\/wp-json\/wp\/v2\/product"}],"about":[{"href":"https:\/\/www.grintoura.fr\/en\/wp-json\/wp\/v2\/types\/product"}],"wp:attachment":[{"href":"https:\/\/www.grintoura.fr\/en\/wp-json\/wp\/v2\/media?parent=19298"}],"wp:term":[{"taxonomy":"product_cat","embeddable":true,"href":"https:\/\/www.grintoura.fr\/en\/wp-json\/wp\/v2\/product_cat?post=19298"},{"taxonomy":"product_tag","embeddable":true,"href":"https:\/\/www.grintoura.fr\/en\/wp-json\/wp\/v2\/product_tag?post=19298"}],"curies":[{"name":"wp","href":"https:\/\/api.w.org\/{rel}","templated":true}]}}