	
	
	
	
{"id":19295,"date":"2025-11-28T23:25:18","date_gmt":"2025-11-28T22:25:18","guid":{"rendered":"https:\/\/www.grintoura.fr\/product\/gite-de-la-giraudiere\/"},"modified":"2025-12-03T16:34:36","modified_gmt":"2025-12-03T15:34:36","slug":"gite-de-la-giraudiere","status":"publish","type":"product","link":"https:\/\/www.grintoura.fr\/en\/product\/gite-de-la-giraudiere\/","title":{"rendered":"Gite de la Giraudi\u00e8re"},"content":{"rendered":"<p><strong>Charmante d\u00e9pendance priv\u00e9e<\/strong><br \/>\nLogement tr\u00e8s calme au sein d&rsquo;une pension \u00e9quine dans la campagne de Soulg\u00e9 sur Ouette (boulangerie, restaurant)<br \/>\nId\u00e9ale pour couple avec enfants. Le logement poss\u00e8de une chambre en mezzanine avec un grand lit double donnant sur la pi\u00e8ce de vie , un deuxi\u00e8me couchage pour deux personnes est possible avec le canap\u00e9 convertible.<br \/>\nVue imprenable sur le bocage mayennais.<br \/>\n4 kms de Vaiges (commerces), 6 kms de l&rsquo;autoroute et 18 kms de Laval.<\/p>","protected":false},"excerpt":{"rendered":"<p>Charmante d\u00e9pendance priv\u00e9e Logement tr\u00e8s calme au sein d&rsquo;une pension \u00e9quine dans la campagne de Soulg\u00e9 sur Ouette (boulangerie, restaurant) Id\u00e9ale pour couple avec enfants. Le logement poss\u00e8de une chambre en mezzanine avec un grand lit double donnant sur la pi\u00e8ce de vie , un deuxi\u00e8me couchage pour deux personnes est possible avec le canap\u00e9 [&hellip;]<\/p>","protected":false},"featured_media":0,"template":"","meta":[],"product_cat":[21],"product_tag":[],"_links":{"self":[{"href":"https:\/\/www.grintoura.fr\/en\/wp-json\/wp\/v2\/product\/19295"}],"collection":[{"href":"https:\/\/www.grintoura.fr\/en\/wp-json\/wp\/v2\/product"}],"about":[{"href":"https:\/\/www.grintoura.fr\/en\/wp-json\/wp\/v2\/types\/product"}],"wp:attachment":[{"href":"https:\/\/www.grintoura.fr\/en\/wp-json\/wp\/v2\/media?parent=19295"}],"wp:term":[{"taxonomy":"product_cat","embeddable":true,"href":"https:\/\/www.grintoura.fr\/en\/wp-json\/wp\/v2\/product_cat?post=19295"},{"taxonomy":"product_tag","embeddable":true,"href":"https:\/\/www.grintoura.fr\/en\/wp-json\/wp\/v2\/product_tag?post=19295"}],"curies":[{"name":"wp","href":"https:\/\/api.w.org\/{rel}","templated":true}]}}