	
	
	
	
{"id":19250,"date":"2025-11-26T20:02:37","date_gmt":"2025-11-26T19:02:37","guid":{"rendered":"https:\/\/www.grintoura.fr\/product\/aux-martis-gites-et-petit-camping\/"},"modified":"2025-12-03T13:55:39","modified_gmt":"2025-12-03T12:55:39","slug":"aux-martis-gites-et-petit-camping","status":"publish","type":"product","link":"https:\/\/www.grintoura.fr\/en\/product\/aux-martis-gites-et-petit-camping\/","title":{"rendered":"Aux Martis \u2013 Gites et petit camping"},"content":{"rendered":"<p>Aux Martis est situ\u00e9 \u00e0 la fronti\u00e8re entre le Lot-et-Garonne et la Dordogne. Nous sommes un petit domaine de vacances \u00e9cologique.<\/p>\n<p>La convivialit\u00e9 et le respect de la nature sont au c\u0153ur de valleurs.<\/p>\n<p>Vous trouverez ici :<\/p>\n<p>12 emplacements de camping spacieux et naturels<\/p>\n<p>3 g\u00eetes pour 5 personnes<\/p>\n<p>1 g\u00eete pour 10 personnes<\/p>\n<p>Une piscine de 6 x 13 m\u00e8tres<\/p>\n<p>Une aire de jeux et une for\u00eat ludique<\/p>\n<p>Des animaux de la ferme<\/p>\n<p>Du pain frais tous les jours (\u00e9t\u00e9)<\/p>\n<p>1 \u00e0 2 fois par semaine, un repas le soir (\u00e9t\u00e9)<\/p>\n<p>Des glaces et des produits locaux<\/p>\n<p>\u00c0 10 minutes de plusieurs ch\u00e2teaux et villages magnifiques comme Monflanquin, Monpazier, Viller\u00e9al, chateau de Biron et Gavaudun (vall\u00e9e nature 2000)<\/p>\n<p>Vous pouvez y faire de la randonn\u00e9e, du v\u00e9lo et du cano\u00eb. En 45 minutes, vous \u00eates au c\u0153ur de la Dordogne, avec une multitude d&rsquo;activit\u00e9s et de monuments historiques.<\/p>\n<p>www.auxmartis.com<\/p>","protected":false},"excerpt":{"rendered":"<p>Aux Martis est situ\u00e9 \u00e0 la fronti\u00e8re entre le Lot-et-Garonne et la Dordogne. Nous sommes un petit domaine de vacances \u00e9cologique. La convivialit\u00e9 et le respect de la nature sont au c\u0153ur de valleurs. Vous trouverez ici : 12 emplacements de camping spacieux et naturels 3 g\u00eetes pour 5 personnes 1 g\u00eete pour 10 personnes [&hellip;]<\/p>","protected":false},"featured_media":0,"template":"","meta":[],"product_cat":[21],"product_tag":[],"_links":{"self":[{"href":"https:\/\/www.grintoura.fr\/en\/wp-json\/wp\/v2\/product\/19250"}],"collection":[{"href":"https:\/\/www.grintoura.fr\/en\/wp-json\/wp\/v2\/product"}],"about":[{"href":"https:\/\/www.grintoura.fr\/en\/wp-json\/wp\/v2\/types\/product"}],"wp:attachment":[{"href":"https:\/\/www.grintoura.fr\/en\/wp-json\/wp\/v2\/media?parent=19250"}],"wp:term":[{"taxonomy":"product_cat","embeddable":true,"href":"https:\/\/www.grintoura.fr\/en\/wp-json\/wp\/v2\/product_cat?post=19250"},{"taxonomy":"product_tag","embeddable":true,"href":"https:\/\/www.grintoura.fr\/en\/wp-json\/wp\/v2\/product_tag?post=19250"}],"curies":[{"name":"wp","href":"https:\/\/api.w.org\/{rel}","templated":true}]}}