	
	
	
	
{"id":19193,"date":"2025-11-24T14:06:00","date_gmt":"2025-11-24T13:06:00","guid":{"rendered":"https:\/\/www.grintoura.fr\/product\/la-dreche\/"},"modified":"2025-11-24T14:06:00","modified_gmt":"2025-11-24T13:06:00","slug":"la-dreche","status":"publish","type":"product","link":"https:\/\/www.grintoura.fr\/en\/product\/la-dreche\/","title":{"rendered":"La dr\u00eache"},"content":{"rendered":"<p><strong>La Dr\u00eache<\/strong><\/p>\n<p><b><\/b>Collectif d\u2019artisans et artistes r\u00e9unis au sein du Collectif Gruber.<br \/>\nLeurs cr\u00e9ations m\u00ealent savoir-faire, mati\u00e8res naturelles et exp\u00e9rimentations sensibles.<\/p>","protected":false},"excerpt":{"rendered":"<p>La Dr\u00eache Collectif d\u2019artisans et artistes r\u00e9unis au sein du Collectif Gruber. Leurs cr\u00e9ations m\u00ealent savoir-faire, mati\u00e8res naturelles et exp\u00e9rimentations sensibles.<\/p>","protected":false},"featured_media":0,"template":"","meta":[],"product_cat":[21],"product_tag":[],"_links":{"self":[{"href":"https:\/\/www.grintoura.fr\/en\/wp-json\/wp\/v2\/product\/19193"}],"collection":[{"href":"https:\/\/www.grintoura.fr\/en\/wp-json\/wp\/v2\/product"}],"about":[{"href":"https:\/\/www.grintoura.fr\/en\/wp-json\/wp\/v2\/types\/product"}],"wp:attachment":[{"href":"https:\/\/www.grintoura.fr\/en\/wp-json\/wp\/v2\/media?parent=19193"}],"wp:term":[{"taxonomy":"product_cat","embeddable":true,"href":"https:\/\/www.grintoura.fr\/en\/wp-json\/wp\/v2\/product_cat?post=19193"},{"taxonomy":"product_tag","embeddable":true,"href":"https:\/\/www.grintoura.fr\/en\/wp-json\/wp\/v2\/product_tag?post=19193"}],"curies":[{"name":"wp","href":"https:\/\/api.w.org\/{rel}","templated":true}]}}