	
	
	
	
{"id":19185,"date":"2025-11-24T12:02:44","date_gmt":"2025-11-24T11:02:44","guid":{"rendered":"https:\/\/www.grintoura.fr\/product\/creative-vintage\/"},"modified":"2026-02-02T16:42:41","modified_gmt":"2026-02-02T15:42:41","slug":"creative-vintage","status":"publish","type":"product","link":"https:\/\/www.grintoura.fr\/en\/product\/creative-vintage\/","title":{"rendered":"Creative Vintage"},"content":{"rendered":"<p><strong>Creative Vintage<\/strong> est une association alsacienne n\u00e9e en 2015 d\u2019une initiative citoyenne de passionn\u00e9s de seconde-main et d\u2019artisanat, soucieux de la transition \u00e9cologique n\u00e9cessaire \u00e0 la pr\u00e9servation de la plan\u00e8te et de l\u2019humanit\u00e9.<\/p>\n<p>Elle intervient plus sp\u00e9cifiquement sur les th\u00e9matiques du r\u00e9emploi, du recyclage, de l\u2019anti-gaspillage, du d\u00e9veloppement durable ainsi que l\u2019\u00e9conomie intelligente, sociale et solidaire.<\/p>\n<ul>\n<li><strong>Nos objectifs :<br \/>\n<\/strong><strong><br \/>\n<\/strong>Lutter contre l&rsquo;\u00e9puisement des ressources en r\u00e9duisant les d\u00e9chets<br \/>\nTransmettre, apprendre des savoirs-faire et savoirs-\u00eatre \u00e0 toutes les g\u00e9n\u00e9rations<br \/>\nF\u00e9d\u00e9rer les acteurs responsable, pour leur donner plus de visibilit\u00e9<br \/>\nCr\u00e9er du lien social et de la solidarit\u00e9 autour de la th\u00e9matique de l&rsquo;environnement<br \/>\nLutter contre la fast-fashion, le greenwashing, l&rsquo;exploitation des travailleurs<br \/>\nEtre acteur du changement, de la transition \u00e9cologique et sociale.<\/li>\n<li><strong> Nos missions :\u00a0<\/strong><strong>Sensibiliser\u00a0<\/strong><br \/>\n\u00e0 la pr\u00e9servation des ressources par le biais de la cr\u00e9ativit\u00e9<strong>Valoriser<\/strong><br \/>\ndes modes de vie plus durables par l\u2019innovation<strong>Lutter<\/strong><br \/>\ncontre l&rsquo;exclusion en rendant les publics acteurs du changement<\/li>\n<li><strong>Nos moyens :<br \/>\n<\/strong><\/li>\n<\/ul>\n<p><strong>L\u2019artisanat et le faire soi-m\u00eame<\/strong> par l\u2019apprentissage de savoir-faire<\/p>\n<p><strong>La modulation et l\u2019adaptation<\/strong><br \/>\nEn s\u2019adaptant \u00e0 tous les lieux et publics<\/p>\n<p><strong>L&rsquo;exp\u00e9rimentation<\/strong><br \/>\nEn testant et essayant de multiples projets et id\u00e9es<\/p>\n<p><strong>La cr\u00e9ativit\u00e9 ludique<\/strong><br \/>\nPar la sensibilisation r\u00e9cr\u00e9ative<\/p>\n<p><strong>L\u2019innovation<\/strong><br \/>\nAvec des projets uniques et originaux<\/p>\n<p><strong>La mutualisation,<\/strong><br \/>\nle faire ensemble par le d\u00e9veloppement d\u2019actions collectives avec les autres acteurs du d\u00e9veloppement durable<\/p>\n<p><strong>L\u2019\u00e9ducation populaire<\/strong><br \/>\nAvec ses outils p\u00e9dagogiques et l\u2019apprentissage de savoir-\u00eatre<\/p>\n<p><strong>L\u2019inclusivit\u00e9 et l\u2019ouverture \u00e0 tous<\/strong><br \/>\nEn cr\u00e9ant des espaces de lien social et d\u2019\u00e9change<\/p>\n<p><strong>L\u2019action de plaidoyer<\/strong><br \/>\nPour sensibiliser efficacement sans moralisation<\/p>","protected":false},"excerpt":{"rendered":"<p>Creative Vintage est une association alsacienne n\u00e9e en 2015 d\u2019une initiative citoyenne de passionn\u00e9s de seconde-main et d\u2019artisanat, soucieux de la transition \u00e9cologique n\u00e9cessaire \u00e0 la pr\u00e9servation de la plan\u00e8te et de l\u2019humanit\u00e9. Elle intervient plus sp\u00e9cifiquement sur les th\u00e9matiques du r\u00e9emploi, du recyclage, de l\u2019anti-gaspillage, du d\u00e9veloppement durable ainsi que l\u2019\u00e9conomie intelligente, sociale et [&hellip;]<\/p>","protected":false},"featured_media":0,"template":"","meta":[],"product_cat":[21],"product_tag":[],"_links":{"self":[{"href":"https:\/\/www.grintoura.fr\/en\/wp-json\/wp\/v2\/product\/19185"}],"collection":[{"href":"https:\/\/www.grintoura.fr\/en\/wp-json\/wp\/v2\/product"}],"about":[{"href":"https:\/\/www.grintoura.fr\/en\/wp-json\/wp\/v2\/types\/product"}],"wp:attachment":[{"href":"https:\/\/www.grintoura.fr\/en\/wp-json\/wp\/v2\/media?parent=19185"}],"wp:term":[{"taxonomy":"product_cat","embeddable":true,"href":"https:\/\/www.grintoura.fr\/en\/wp-json\/wp\/v2\/product_cat?post=19185"},{"taxonomy":"product_tag","embeddable":true,"href":"https:\/\/www.grintoura.fr\/en\/wp-json\/wp\/v2\/product_tag?post=19185"}],"curies":[{"name":"wp","href":"https:\/\/api.w.org\/{rel}","templated":true}]}}