	
	
	
	
{"id":19176,"date":"2025-11-24T11:44:19","date_gmt":"2025-11-24T10:44:19","guid":{"rendered":"https:\/\/www.grintoura.fr\/product\/miel-chocolat\/"},"modified":"2025-11-24T11:44:19","modified_gmt":"2025-11-24T10:44:19","slug":"miel-chocolat","status":"publish","type":"product","link":"https:\/\/www.grintoura.fr\/en\/product\/miel-chocolat\/","title":{"rendered":"Miel & Chocolat"},"content":{"rendered":"<p><strong> Miel &amp; Chocolat<\/strong> est une boutique partag\u00e9e r\u00e9unissant le meilleur de l&rsquo;apiculture et de la chocolaterie artisanale \u00e0 Strasbourg.<\/p>\n<p>Confortablement install\u00e9e au coeur de Strasbourg, notre boutique Miel &amp; Chocolat r\u00e9unit deux maisons artisanales engag\u00e9es. Un lieu unique o\u00f9 se rencontrent un savoir-faire apicole depuis trois g\u00e9n\u00e9rations et la passion du chocolat bean to bar.<\/p>\n<p><strong>Our approach<\/strong><\/p>\n<p><em><strong>S\u00e9lection 100% artisanale<\/strong><\/em><br \/>\nTous les produits propos\u00e9s en boutique sont fabriqu\u00e9s par nos soins, dans nos ateliers respectifs. Ici, pas de produits industriels ni d&rsquo;interm\u00e9diaires : uniquement du fait maison, en petites s\u00e9ries.<\/p>\n<p><em><strong>Local &amp; responsable<\/strong><\/em><br \/>\nNous travaillons en circuit court, avec une attention port\u00e9e \u00e0 l&rsquo;origine des ingr\u00e9dients, \u00e0 l&rsquo;impact sur l&rsquo;environnement et \u00e0 la saisonnalit\u00e9. Notre d\u00e9marche est \u00e9thique, bio, et \u00a0ancr\u00e9e dans le territoire.<\/p>\n<p><em><strong>Artisans du bon<\/strong><\/em><br \/>\nApiculture et chocolaterie se c\u00f4toient dans un lieu commun. Deux m\u00e9tiers, deux mati\u00e8res nobles, mais une seule vision : offrir des produits vrais, respectueux du vivant, et bons tout simplement.<\/p>\n<p><em><strong>Boutique \u00e0 taille humaine<\/strong><\/em><br \/>\nMiel &amp; Chocolat, c&rsquo;est aussi un lieu d&rsquo;\u00e9change.\u00a0On y vient pour d\u00e9couvrir, d\u00e9guster, poser des questions, et repartir avec un produit qu&rsquo;on conna\u00eet mieux. Ici, le lien entre producteur et client est direct, humain et pr\u00e9cieux.<\/p>","protected":false},"excerpt":{"rendered":"<p>Miel &amp; Chocolat est une boutique partag\u00e9e r\u00e9unissant le meilleur de l&rsquo;apiculture et de la chocolaterie artisanale \u00e0 Strasbourg. Confortablement install\u00e9e au coeur de Strasbourg, notre boutique Miel &amp; Chocolat r\u00e9unit deux maisons artisanales engag\u00e9es. Un lieu unique o\u00f9 se rencontrent un savoir-faire apicole depuis trois g\u00e9n\u00e9rations et la passion du chocolat bean to bar. [&hellip;]<\/p>","protected":false},"featured_media":0,"template":"","meta":[],"product_cat":[21],"product_tag":[],"_links":{"self":[{"href":"https:\/\/www.grintoura.fr\/en\/wp-json\/wp\/v2\/product\/19176"}],"collection":[{"href":"https:\/\/www.grintoura.fr\/en\/wp-json\/wp\/v2\/product"}],"about":[{"href":"https:\/\/www.grintoura.fr\/en\/wp-json\/wp\/v2\/types\/product"}],"wp:attachment":[{"href":"https:\/\/www.grintoura.fr\/en\/wp-json\/wp\/v2\/media?parent=19176"}],"wp:term":[{"taxonomy":"product_cat","embeddable":true,"href":"https:\/\/www.grintoura.fr\/en\/wp-json\/wp\/v2\/product_cat?post=19176"},{"taxonomy":"product_tag","embeddable":true,"href":"https:\/\/www.grintoura.fr\/en\/wp-json\/wp\/v2\/product_tag?post=19176"}],"curies":[{"name":"wp","href":"https:\/\/api.w.org\/{rel}","templated":true}]}}