	
	
	
	
{"id":19162,"date":"2025-11-24T10:42:47","date_gmt":"2025-11-24T09:42:47","guid":{"rendered":"https:\/\/www.grintoura.fr\/product\/alcedo-bio\/"},"modified":"2025-11-24T10:42:47","modified_gmt":"2025-11-24T09:42:47","slug":"alcedo-bio","status":"publish","type":"product","link":"https:\/\/www.grintoura.fr\/en\/product\/alcedo-bio\/","title":{"rendered":"Alcedo Bio"},"content":{"rendered":"<p>Plongez dans l\u2019univers d\u2019<strong>Alcedo<\/strong>, une marque alsacienne engag\u00e9e qui r\u00e9invente les soins du quotidien avec des produits certifi\u00e9s bio \ud83c\udf31, fabriqu\u00e9s \u00e0 la main dans leur laboratoire de Niederbronn-les-Bains.<br \/>\n<strong>Leur secret ?<\/strong> Une alliance unique d\u2019eau min\u00e9rale naturelle des Vosges du Nord \ud83d\udca7, riche en oligo-\u00e9l\u00e9ments, et d\u2019ingr\u00e9dients nobles : huiles v\u00e9g\u00e9tales bio, beurres nourrissants et extraits de plantes apaisants.<\/p>\n<p><strong><em>Pourquoi choisir Alcedo ?<\/em><\/strong><\/p>\n<p><strong>Certifications exigeantes :<\/strong> Labels Nature &amp; Progr\u00e8s, Cosmos Organic et Slow Cosm\u00e9tique \ud83c\udfc6, garantissant des formules saines, sans d\u00e9riv\u00e9s p\u00e9trochimiques ni additifs controvers\u00e9s.<\/p>\n<p><strong>Respect de la peau et de la plan\u00e8te :<\/strong> Produits 100% biod\u00e9gradables \u267b\ufe0f, emballages minimaux et circuits courtspour une consommation responsable.<\/p>\n<p><strong>Efficacit\u00e9 prouv\u00e9e :<\/strong> Des soins doux mais performants, comme leur d\u00e9odorant solide (parfait m\u00eame apr\u00e8s le sport \ud83c\udfc3\u200d\u2642\ufe0f) ou leur savon surgras prim\u00e9 \u00ab Meilleur Produit Bio 2023 \u00bb \ud83e\udd47.<\/p>\n<p>Id\u00e9al pour ceux qui recherchent une routine beaut\u00e9 naturelle, transparente et ancr\u00e9e dans un territoire \ud83c\udf0d.<br \/>\nUne invitation \u00e0 prendre soin de soi, tout en soutenant une \u00e9conomie locale et vertueuse.<\/p>","protected":false},"excerpt":{"rendered":"<p>Plongez dans l\u2019univers d\u2019Alcedo, une marque alsacienne engag\u00e9e qui r\u00e9invente les soins du quotidien avec des produits certifi\u00e9s bio \ud83c\udf31, fabriqu\u00e9s \u00e0 la main dans leur laboratoire de Niederbronn-les-Bains. Leur secret ? Une alliance unique d\u2019eau min\u00e9rale naturelle des Vosges du Nord \ud83d\udca7, riche en oligo-\u00e9l\u00e9ments, et d\u2019ingr\u00e9dients nobles : huiles v\u00e9g\u00e9tales bio, beurres nourrissants [&hellip;]<\/p>","protected":false},"featured_media":0,"template":"","meta":[],"product_cat":[21],"product_tag":[],"_links":{"self":[{"href":"https:\/\/www.grintoura.fr\/en\/wp-json\/wp\/v2\/product\/19162"}],"collection":[{"href":"https:\/\/www.grintoura.fr\/en\/wp-json\/wp\/v2\/product"}],"about":[{"href":"https:\/\/www.grintoura.fr\/en\/wp-json\/wp\/v2\/types\/product"}],"wp:attachment":[{"href":"https:\/\/www.grintoura.fr\/en\/wp-json\/wp\/v2\/media?parent=19162"}],"wp:term":[{"taxonomy":"product_cat","embeddable":true,"href":"https:\/\/www.grintoura.fr\/en\/wp-json\/wp\/v2\/product_cat?post=19162"},{"taxonomy":"product_tag","embeddable":true,"href":"https:\/\/www.grintoura.fr\/en\/wp-json\/wp\/v2\/product_tag?post=19162"}],"curies":[{"name":"wp","href":"https:\/\/api.w.org\/{rel}","templated":true}]}}