	
	
	
	
{"id":19153,"date":"2025-11-22T22:31:14","date_gmt":"2025-11-22T21:31:14","guid":{"rendered":"https:\/\/www.grintoura.fr\/product\/cygocraft-couteaux-alsaciens\/"},"modified":"2025-11-22T22:32:59","modified_gmt":"2025-11-22T21:32:59","slug":"cygocraft-couteaux-alsaciens","status":"publish","type":"product","link":"https:\/\/www.grintoura.fr\/en\/product\/cygocraft-couteaux-alsaciens\/","title":{"rendered":"Cygocraft \u2013 Couteaux Alsaciens"},"content":{"rendered":"<p>COUTELLERIE ALSACIENNE.<br \/>\nL\u2019\u00e2me du patrimoine, Lames de caract\u00e8re<br \/>\nRevalorisons ensemble le bois des anciennes poutres de maisons \u00e0 colombages tricentenaires.<\/p>\n<p>Des couteaux qui allient \u00e9co-responsabilit\u00e9 et patrimoine au c\u0153ur de votre quotidien.<\/p>\n<p><strong>Le projet, nos valeurs<\/strong><br \/>\nDurable, Authentique et Local<br \/>\nNos couteaux sont fabriqu\u00e9s 100% en France et assembl\u00e9s avec soin dans nos ateliers en Alsace. Nous revalorisons le bois d\u2019anciennes poutres de maisons tricentenaires \u00e0 colombages. Nous faisons confiance \u00e0 un partenaire situ\u00e9 \u00e0 Thiers pour le fa\u00e7onnage des lames garantissant ainsi une qualit\u00e9 professionnelle et une formidable exp\u00e9rience d\u2019utilisation.<\/p>\n<p><strong>Qui sommes nous ?<\/strong><br \/>\nJosselin et Quentin, ing\u00e9nieurs de formation, d\u00e9cident d\u2019entreprendre ensemble en 2021 et de cr\u00e9er et d\u00e9velopper une marque de coutellerie portant fi\u00e8rement les valeurs de l\u2019Alsace.<\/p>\n<p>Un projet fou lanc\u00e9 avec succ\u00e8s sur une plateforme de financement participatif. Un an plus tard, c\u2019est 1000 clients qui font confiance \u00e0 l\u2019\u00e9quipe Cygocraft et son savoir-faire.<\/p>\n<p>Vous voulez en savoir plus ? Vous \u00eates au bon endroit !<\/p>\n<p>+33 6 12 63 35 86<\/p>\n<p>&nbsp;<\/p>","protected":false},"excerpt":{"rendered":"<p>COUTELLERIE ALSACIENNE. L\u2019\u00e2me du patrimoine, Lames de caract\u00e8re Revalorisons ensemble le bois des anciennes poutres de maisons \u00e0 colombages tricentenaires. Des couteaux qui allient \u00e9co-responsabilit\u00e9 et patrimoine au c\u0153ur de votre quotidien. Le projet, nos valeurs Durable, Authentique et Local Nos couteaux sont fabriqu\u00e9s 100% en France et assembl\u00e9s avec soin dans nos ateliers en [&hellip;]<\/p>","protected":false},"featured_media":0,"template":"","meta":[],"product_cat":[21],"product_tag":[],"_links":{"self":[{"href":"https:\/\/www.grintoura.fr\/en\/wp-json\/wp\/v2\/product\/19153"}],"collection":[{"href":"https:\/\/www.grintoura.fr\/en\/wp-json\/wp\/v2\/product"}],"about":[{"href":"https:\/\/www.grintoura.fr\/en\/wp-json\/wp\/v2\/types\/product"}],"wp:attachment":[{"href":"https:\/\/www.grintoura.fr\/en\/wp-json\/wp\/v2\/media?parent=19153"}],"wp:term":[{"taxonomy":"product_cat","embeddable":true,"href":"https:\/\/www.grintoura.fr\/en\/wp-json\/wp\/v2\/product_cat?post=19153"},{"taxonomy":"product_tag","embeddable":true,"href":"https:\/\/www.grintoura.fr\/en\/wp-json\/wp\/v2\/product_tag?post=19153"}],"curies":[{"name":"wp","href":"https:\/\/api.w.org\/{rel}","templated":true}]}}