	
	
	
	
{"id":19076,"date":"2025-11-10T11:22:21","date_gmt":"2025-11-10T10:22:21","guid":{"rendered":"https:\/\/www.grintoura.fr\/product\/la-grange-des-anges\/"},"modified":"2025-11-10T11:22:40","modified_gmt":"2025-11-10T10:22:40","slug":"la-grange-des-anges","status":"publish","type":"product","link":"https:\/\/www.grintoura.fr\/en\/product\/la-grange-des-anges\/","title":{"rendered":"La grange des anges"},"content":{"rendered":"<p>G\u00eete \u00e0 la ferme, que de la nature, belle vue sur les bois et les pr\u00e9s.<\/p>\n<p>Ce g\u00eete comprend un grand salon-salle \u00e0 manger et cuisine ouverte avec son billard et baby-foot.<\/p>\n<p>Il y a deux chambres avec chacune leur salle d&rsquo;eau.<\/p>\n<p>A l\u2019int\u00e9rieure du g\u00eete se trouve un jacuzzi.<\/p>\n<p>La d\u00e9coration est fait \u00e0 partir de 90% de mobiliers et \u00e9lectrom\u00e9nagers de r\u00e9cup\u00e9ration.<\/p>\n<p>Cette ambiance atypique donne un esprit chaleureux, convivial et romantique \u00e0 votre s\u00e9jour!<\/p>","protected":false},"excerpt":{"rendered":"<p>G\u00eete \u00e0 la ferme, que de la nature, belle vue sur les bois et les pr\u00e9s. Ce g\u00eete comprend un grand salon-salle \u00e0 manger et cuisine ouverte avec son billard et baby-foot. Il y a deux chambres avec chacune leur salle d&rsquo;eau. A l\u2019int\u00e9rieure du g\u00eete se trouve un jacuzzi. La d\u00e9coration est fait \u00e0 [&hellip;]<\/p>","protected":false},"featured_media":0,"template":"","meta":[],"product_cat":[21],"product_tag":[],"_links":{"self":[{"href":"https:\/\/www.grintoura.fr\/en\/wp-json\/wp\/v2\/product\/19076"}],"collection":[{"href":"https:\/\/www.grintoura.fr\/en\/wp-json\/wp\/v2\/product"}],"about":[{"href":"https:\/\/www.grintoura.fr\/en\/wp-json\/wp\/v2\/types\/product"}],"wp:attachment":[{"href":"https:\/\/www.grintoura.fr\/en\/wp-json\/wp\/v2\/media?parent=19076"}],"wp:term":[{"taxonomy":"product_cat","embeddable":true,"href":"https:\/\/www.grintoura.fr\/en\/wp-json\/wp\/v2\/product_cat?post=19076"},{"taxonomy":"product_tag","embeddable":true,"href":"https:\/\/www.grintoura.fr\/en\/wp-json\/wp\/v2\/product_tag?post=19076"}],"curies":[{"name":"wp","href":"https:\/\/api.w.org\/{rel}","templated":true}]}}