	
	
	
	
{"id":18854,"date":"2025-11-03T15:16:05","date_gmt":"2025-11-03T14:16:05","guid":{"rendered":"https:\/\/www.grintoura.fr\/product\/base-nautique-de-saint-jean-de-monts\/"},"modified":"2025-11-03T15:16:05","modified_gmt":"2025-11-03T14:16:05","slug":"base-nautique-de-saint-jean-de-monts","status":"publish","type":"product","link":"https:\/\/www.grintoura.fr\/en\/product\/base-nautique-de-saint-jean-de-monts\/","title":{"rendered":"Base Nautique de Saint-Jean-de-Monts"},"content":{"rendered":"<p>\ud83c\udf0a Base Nautique de Saint-Jean-de-Monts \u2013 L\u2019aventure nautique \u00e0 360\u00b0 !<\/p>\n<p>Bienvenue dans le spot ultime pour rider, glisser et s\u2019\u00e9clater toute l\u2019ann\u00e9e ! \ud83c\udfc4\u200d\u2642\ufe0f Char \u00e0 voile, kitesurf, catamaran, surf, paddle, wingfoil\u2026 et bien plus encore : ici, on a TOUT pour d\u00e9fier l\u2019oc\u00e9an (ou juste bronzer sur la terrasse). \ud83d\udc68\u200d\ud83c\udfeb Des moniteurs dipl\u00f4m\u00e9s pour vous guider, que vous soyez d\u00e9butant ou pro. \ud83c\udf79 Un bar, un surf shop et une ambiance unique en Vend\u00e9e, dans un cadre 100% nature.<\/p>\n<p>Pr\u00eat \u00e0 sauter dans l\u2019eau ? \ud83c\udf0a\u2728<\/p>\n<p>#BaseNautique #SaintJeanDeMonts #AventureNautique<\/p>","protected":false},"excerpt":{"rendered":"<p>\ud83c\udf0a Base Nautique de Saint-Jean-de-Monts \u2013 L\u2019aventure nautique \u00e0 360\u00b0 ! Bienvenue dans le spot ultime pour rider, glisser et s\u2019\u00e9clater toute l\u2019ann\u00e9e ! \ud83c\udfc4\u200d\u2642\ufe0f Char \u00e0 voile, kitesurf, catamaran, surf, paddle, wingfoil\u2026 et bien plus encore : ici, on a TOUT pour d\u00e9fier l\u2019oc\u00e9an (ou juste bronzer sur la terrasse). \ud83d\udc68\u200d\ud83c\udfeb Des moniteurs dipl\u00f4m\u00e9s [&hellip;]<\/p>","protected":false},"featured_media":0,"template":"","meta":[],"product_cat":[21],"product_tag":[],"_links":{"self":[{"href":"https:\/\/www.grintoura.fr\/en\/wp-json\/wp\/v2\/product\/18854"}],"collection":[{"href":"https:\/\/www.grintoura.fr\/en\/wp-json\/wp\/v2\/product"}],"about":[{"href":"https:\/\/www.grintoura.fr\/en\/wp-json\/wp\/v2\/types\/product"}],"wp:attachment":[{"href":"https:\/\/www.grintoura.fr\/en\/wp-json\/wp\/v2\/media?parent=18854"}],"wp:term":[{"taxonomy":"product_cat","embeddable":true,"href":"https:\/\/www.grintoura.fr\/en\/wp-json\/wp\/v2\/product_cat?post=18854"},{"taxonomy":"product_tag","embeddable":true,"href":"https:\/\/www.grintoura.fr\/en\/wp-json\/wp\/v2\/product_tag?post=18854"}],"curies":[{"name":"wp","href":"https:\/\/api.w.org\/{rel}","templated":true}]}}