	
	
	
	
{"id":18847,"date":"2025-11-02T22:53:34","date_gmt":"2025-11-02T21:53:34","guid":{"rendered":"https:\/\/www.grintoura.fr\/product\/greet-hotel-colmar\/"},"modified":"2026-03-29T10:50:11","modified_gmt":"2026-03-29T08:50:11","slug":"greet-hotel-colmar","status":"publish","type":"product","link":"https:\/\/www.grintoura.fr\/en\/product\/greet-hotel-colmar\/","title":{"rendered":"Greet Hotel Colmar"},"content":{"rendered":"<p><strong>greet Hotel Colmar<\/strong><\/p>\n<p>Enti\u00e9rement r\u00e9nov\u00e9, \u00e9co citoyen et engag\u00e9 localement, le greet hotel Colmar deviendra votre pied \u00e0 terre.<br \/>\nA 5min du centre historique et de la Petite Venise, que vous soyez de passage pour affaire, en duo, en famille ou entre amis, optez pour le confort de nos 62 chambres toutes d\u00e9cor\u00e9es d&rsquo;objets insolites, chin\u00e9s et d\u00e9tourn\u00e9s.<br \/>\nPlus qu&rsquo;un h\u00f4tel, un lieu de convivialit\u00e9 pour un moment de partage et de d\u00e9tente, au bar ou au restaurant, autour de produits frais et locaux.<br \/>\nHave a great stay !<\/p>\n<p>A 15 minutes \u00e0 pieds de la Petite Venise et du coeur historique de Colmar, nouvelle adresse eco engag\u00e9e \u00e0 la d\u00e9coration raffin\u00e9e Entrez, s\u00e9journez au greet hotel Colmar et d\u00e9couvrez une nouvelle exp\u00e9rience locale et inoubliable. D\u00e9coration chin\u00e9e et \u00e9co responsable o\u00f9 chacun a apport\u00e9 une touche personnelle pour davantage de convivialit\u00e9.<\/p>\n<p>Hop la ! Bienvenue en Alsace ! Depuis l&rsquo;h\u00f4tel , d\u00e9couvrez la route des Vins et les ruelles de la vielle ville. Au programme : Culture &amp; Gastronomie, Petite Venise, Winstub et pour les amateurs de sensations, EuropaPark n&rsquo;est qu&rsquo;\u00e0 45min<\/p>\n<p>Bienvenue au greet hotel Colmar ! Greeeet to see you !Nouvelle adresse \u00e0 Colmar pour vous faire vivre un moment de partage et de convivialit\u00e9. D\u00e9couvrez nos sp\u00e9cialit\u00e9s locales et gourmandes dans notre restaurant ouvert les soirs du lundi au samedi.<br \/>\nAnne EBELIN, Direction de l&rsquo;h\u00f4tel<\/p>","protected":false},"excerpt":{"rendered":"<p>greet Hotel Colmar Enti\u00e9rement r\u00e9nov\u00e9, \u00e9co citoyen et engag\u00e9 localement, le greet hotel Colmar deviendra votre pied \u00e0 terre. A 5min du centre historique et de la Petite Venise, que vous soyez de passage pour affaire, en duo, en famille ou entre amis, optez pour le confort de nos 62 chambres toutes d\u00e9cor\u00e9es d&rsquo;objets insolites, [&hellip;]<\/p>","protected":false},"featured_media":0,"template":"","meta":[],"product_cat":[21],"product_tag":[],"_links":{"self":[{"href":"https:\/\/www.grintoura.fr\/en\/wp-json\/wp\/v2\/product\/18847"}],"collection":[{"href":"https:\/\/www.grintoura.fr\/en\/wp-json\/wp\/v2\/product"}],"about":[{"href":"https:\/\/www.grintoura.fr\/en\/wp-json\/wp\/v2\/types\/product"}],"wp:attachment":[{"href":"https:\/\/www.grintoura.fr\/en\/wp-json\/wp\/v2\/media?parent=18847"}],"wp:term":[{"taxonomy":"product_cat","embeddable":true,"href":"https:\/\/www.grintoura.fr\/en\/wp-json\/wp\/v2\/product_cat?post=18847"},{"taxonomy":"product_tag","embeddable":true,"href":"https:\/\/www.grintoura.fr\/en\/wp-json\/wp\/v2\/product_tag?post=18847"}],"curies":[{"name":"wp","href":"https:\/\/api.w.org\/{rel}","templated":true}]}}