	
	
	
	
{"id":18767,"date":"2025-10-28T22:17:26","date_gmt":"2025-10-28T21:17:26","guid":{"rendered":"https:\/\/www.grintoura.fr\/product\/mines-de-bruoux\/"},"modified":"2025-10-28T22:20:07","modified_gmt":"2025-10-28T21:20:07","slug":"mines-de-bruoux","status":"publish","type":"product","link":"https:\/\/www.grintoura.fr\/en\/product\/mines-de-bruoux\/","title":{"rendered":"Mines de Bruoux"},"content":{"rendered":"<p>A UNIQUE SITE IN EUROPE<br \/>\nCome and discover the Mines de Bruoux in Gargas and go on a trip to the heart of the ochre of the Luberon! Dizzying cliffs with flamboyant colours and a gigantic labyrinth of underground galleries make up a unique and mysterious setting where the work of man mixes with the natural beauty of the Provencal landscape. Visit these ancient quarries, monumental vestiges of the glory years of the ochre industry, and enter a maze of galleries more than 40 km long and 15 m high!<\/p>\n<p>The guides of the Mines de Bruoux will accompany you on an underground route of 650 m where you will approach the geological, historical and industrial riches of this preserved place. Wonder and good humour guaranteed!<\/p>\n<p>THE INDUSTRIAL ADVENTURE<\/p>\n<p>The use of ochre dates back to the Palaeolithic but it was in 1785, in Roussillon, that its exploitation began with Jean-Etienne Astier, who discovered the way to extract the precious ore. However, it was only in 1848 that the exploitation of ochre began in Gargas.<\/p>\n<p>The Mines de Bruoux are a testimony to the industrial epic that will last more than a century and during which the ochreers, with the sweat of their brow, dug galleries with pickaxes, manipulated waggons and extracted the ocher sands...<\/p>\n<p>The landscapes of this corner of Provence were shaped by the hand of man. Without him, the ochre would have remained secret, hidden under the vegetation.<\/p>\n<p>Today, the Soci\u00e9t\u00e9 des Ocres de France, based in Apt, operates the last open-air ochre quarry in Europe in Gargas.<\/p>\n<p>&nbsp;<\/p>\n<p>RESERVATION REQUIRED ONLY AT +33 4 90 06 22 59<\/p>\n<p>SITE OUVERT<br \/>\ndu 1er Mars au 31 Octobre 2025<br \/>\nHORAIRES<br \/>\nde 10h00 \u00e0 18h00<\/p>\n<p>VISITES GUID\u00c9ES EXCLUSIVEMENT<br \/>\nde 60 minutes, \u00e0 heures fixes et limit\u00e9es \u00e0 30 personnes<br \/>\n\u00c0 L&rsquo;ACCUEIL<br \/>\nSe pr\u00e9senter au plus tard 20 minutes avant la visite<br \/>\nVISITES GUID\u00c9ES<\/p>\n<p>1er Mars &#8211; 9 Juillet<br \/>\n23 Ao\u00fbt &#8211; 31 Octobre 2025<\/p>\n<p>10:30 \/ 11:30 \/ 14:30 \/ 15:30 \/ 16:30<\/p>\n<p>&nbsp;<\/p>\n<p>10 Juillet &#8211; 22 Ao\u00fbt 2025<\/p>\n<p>10:30 \/ 11:00 \/ 11:30 \/ 12:00 Anglais *\/14:00 \/ 14:30 \/ 15:00 \/ 15:30 \/ 16:00 \/ 16:30\/ 17:00<\/p>\n<p>&nbsp;<\/p>","protected":false},"excerpt":{"rendered":"<p>UN SITE UNIQUE EN EUROPE Venez d\u00e9couvrir les Mines de Bruoux \u00e0 Gargas et partez pour un voyage au c\u0153ur de l\u2019ocre du Luberon ! Falaises vertigineuses aux couleurs flamboyantes et gigantesque labyrinthe de galeries souterraines composent un d\u00e9cor unique et myst\u00e9rieux o\u00f9 le labeur de l\u2019homme se m\u00eale \u00e0 la beaut\u00e9 naturelle du paysage [&hellip;]<\/p>","protected":false},"featured_media":0,"template":"","meta":[],"product_cat":[21],"product_tag":[],"_links":{"self":[{"href":"https:\/\/www.grintoura.fr\/en\/wp-json\/wp\/v2\/product\/18767"}],"collection":[{"href":"https:\/\/www.grintoura.fr\/en\/wp-json\/wp\/v2\/product"}],"about":[{"href":"https:\/\/www.grintoura.fr\/en\/wp-json\/wp\/v2\/types\/product"}],"wp:attachment":[{"href":"https:\/\/www.grintoura.fr\/en\/wp-json\/wp\/v2\/media?parent=18767"}],"wp:term":[{"taxonomy":"product_cat","embeddable":true,"href":"https:\/\/www.grintoura.fr\/en\/wp-json\/wp\/v2\/product_cat?post=18767"},{"taxonomy":"product_tag","embeddable":true,"href":"https:\/\/www.grintoura.fr\/en\/wp-json\/wp\/v2\/product_tag?post=18767"}],"curies":[{"name":"wp","href":"https:\/\/api.w.org\/{rel}","templated":true}]}}