	
	
	
	
{"id":18750,"date":"2025-10-28T16:12:45","date_gmt":"2025-10-28T15:12:45","guid":{"rendered":"https:\/\/www.grintoura.fr\/product\/domaine-roustan\/"},"modified":"2025-10-28T16:12:45","modified_gmt":"2025-10-28T15:12:45","slug":"domaine-roustan","status":"publish","type":"product","link":"https:\/\/www.grintoura.fr\/en\/product\/domaine-roustan\/","title":{"rendered":"Domaine Roustan"},"content":{"rendered":"<p><strong>\ud83c\udf3f Domaine Roustan<\/strong><br \/>\n\u00ab On n\u2019h\u00e9rite pas la terre de nos anc\u00eatres, on l\u2019emprunte \u00e0 nos enfants. \u00bb<br \/>\n\u2014 Antoine de Saint-Exup\u00e9ry<\/p>\n<p>Situ\u00e9 au c\u0153ur du charmant village proven\u00e7al de La Fare-les-Oliviers, le Domaine Roustan est une propri\u00e9t\u00e9 familiale d\u2019environ vingt hectares, o\u00f9 passion et respect de la nature se rencontrent. Nous y produisons avec soin du vin, du jus de raisin et de l\u2019huile d\u2019olive, issus d\u2019une agriculture biologique respectueuse de la biodiversit\u00e9.<\/p>\n<p>Venir au Domaine, c\u2019est vivre une exp\u00e9rience authentique, en parfaite harmonie avec la nature. Entour\u00e9 de vignes et d\u2019oliviers, vous d\u00e9couvrirez un v\u00e9ritable havre de paix, id\u00e9al pour se ressourcer, apprendre ou c\u00e9l\u00e9brer.<\/p>\n<p>Nous proposons <strong>un accueil sur mesure,<\/strong> adapt\u00e9 \u00e0 vos envies :<\/p>\n<ul>\n<li>\u00c9v\u00e9nements festifs : mariages, anniversaires, r\u00e9ceptions priv\u00e9es\u2026<\/li>\n<li>S\u00e9minaires et rencontres professionnelles : entreprises, associations\u2026<\/li>\n<li>Ateliers et parcours p\u00e9dagogiques : \u00e9coles, centres de loisirs\u2026<\/li>\n<li>Rencontres th\u00e9matiques : bien-\u00eatre, loisirs cr\u00e9atifs, d\u00e9couvertes nature\u2026\n<p>\u00c0 travers des parcours de d\u00e9couverte, nous invitons petits et grands \u00e0 explorer nos m\u00e9tiers, \u00e0 comprendre le cycle de vie de la vigne et de l\u2019olivier, \u00e0 observer le paysage proven\u00e7al et \u00e0 r\u00e9fl\u00e9chir ensemble sur des enjeux essentiels tels que l\u2019eau, le climat et l\u2019agroforesterie.<\/li>\n<\/ul>\n<p>Chaque visite est une invitation \u00e0 partager, apprendre et s\u2019\u00e9merveiller dans un lieu o\u00f9 la nature guide nos gestes et nos valeurs.<\/p>\n<p>\ud83d\udccd 30, avenue Louis Pasteur \u2013 13580 La Fare-les-Oliviers<br \/>\n\ud83d\udcde 06 63 61 11 86<br \/>\n\ud83d\udce7 contact@domaineroustan.fr<br \/>\n\ud83d\udc49 Retrouvez-nous sur Facebook : <strong>Domaine Roustan<\/strong><\/p>","protected":false},"excerpt":{"rendered":"<p>\ud83c\udf3f Domaine Roustan \u00ab On n\u2019h\u00e9rite pas la terre de nos anc\u00eatres, on l\u2019emprunte \u00e0 nos enfants. \u00bb \u2014 Antoine de Saint-Exup\u00e9ry Situ\u00e9 au c\u0153ur du charmant village proven\u00e7al de La Fare-les-Oliviers, le Domaine Roustan est une propri\u00e9t\u00e9 familiale d\u2019environ vingt hectares, o\u00f9 passion et respect de la nature se rencontrent. Nous y produisons avec [&hellip;]<\/p>","protected":false},"featured_media":0,"template":"","meta":[],"product_cat":[21],"product_tag":[],"_links":{"self":[{"href":"https:\/\/www.grintoura.fr\/en\/wp-json\/wp\/v2\/product\/18750"}],"collection":[{"href":"https:\/\/www.grintoura.fr\/en\/wp-json\/wp\/v2\/product"}],"about":[{"href":"https:\/\/www.grintoura.fr\/en\/wp-json\/wp\/v2\/types\/product"}],"wp:attachment":[{"href":"https:\/\/www.grintoura.fr\/en\/wp-json\/wp\/v2\/media?parent=18750"}],"wp:term":[{"taxonomy":"product_cat","embeddable":true,"href":"https:\/\/www.grintoura.fr\/en\/wp-json\/wp\/v2\/product_cat?post=18750"},{"taxonomy":"product_tag","embeddable":true,"href":"https:\/\/www.grintoura.fr\/en\/wp-json\/wp\/v2\/product_tag?post=18750"}],"curies":[{"name":"wp","href":"https:\/\/api.w.org\/{rel}","templated":true}]}}