	
	
	
	
{"id":18232,"date":"2025-09-09T23:05:58","date_gmt":"2025-09-09T21:05:58","guid":{"rendered":"https:\/\/www.grintoura.fr\/product\/la-fee-toquee\/"},"modified":"2025-09-10T07:12:02","modified_gmt":"2025-09-10T05:12:02","slug":"la-fee-toquee","status":"publish","type":"product","link":"https:\/\/www.grintoura.fr\/en\/product\/la-fee-toquee\/","title":{"rendered":"La F\u00e9e Toqu\u00e9e"},"content":{"rendered":"<p><strong>La F\u00e9e Toqu\u00e9e<\/strong><br \/>\nFabrication et vente de sirops, vinaigres, melange de plantes \u00e0 infusion, sels aux plantes, gel\u00e9es florales, a base de plantes sauvages et m\u00e9dicinales cueillies en Alsace.<br \/>\nMarch\u00e9s dans la r\u00e9gion Colmarienne<br \/>\nDes plantes sauvages et m\u00e9dicinales, des produits fait maison, et du partage.<br \/>\nJe propose aussi des balades botaniques et des ateliers cuisine pour apprendre \u00e0 les utiliser au quotidien.<br \/>\nNaturel, local, artisanal.<\/p>\n<p>D\u00e9gustation Gratuite sur les march\u00e9s hebdomadaires (voir compte instagram)<\/p>\n<p>La nature nous offre des Tr\u00e9sors naturels, alors pourquoi ne pas en profiter ?!<\/p>","protected":false},"excerpt":{"rendered":"<p>La F\u00e9e Toqu\u00e9e Fabrication et vente de sirops, vinaigres, melange de plantes \u00e0 infusion, sels aux plantes, gel\u00e9es florales, a base de plantes sauvages et m\u00e9dicinales cueillies en Alsace. March\u00e9s dans la r\u00e9gion Colmarienne Des plantes sauvages et m\u00e9dicinales, des produits fait maison, et du partage. Je propose aussi des balades botaniques et des ateliers [&hellip;]<\/p>","protected":false},"featured_media":0,"template":"","meta":[],"product_cat":[21],"product_tag":[],"_links":{"self":[{"href":"https:\/\/www.grintoura.fr\/en\/wp-json\/wp\/v2\/product\/18232"}],"collection":[{"href":"https:\/\/www.grintoura.fr\/en\/wp-json\/wp\/v2\/product"}],"about":[{"href":"https:\/\/www.grintoura.fr\/en\/wp-json\/wp\/v2\/types\/product"}],"wp:attachment":[{"href":"https:\/\/www.grintoura.fr\/en\/wp-json\/wp\/v2\/media?parent=18232"}],"wp:term":[{"taxonomy":"product_cat","embeddable":true,"href":"https:\/\/www.grintoura.fr\/en\/wp-json\/wp\/v2\/product_cat?post=18232"},{"taxonomy":"product_tag","embeddable":true,"href":"https:\/\/www.grintoura.fr\/en\/wp-json\/wp\/v2\/product_tag?post=18232"}],"curies":[{"name":"wp","href":"https:\/\/api.w.org\/{rel}","templated":true}]}}