	
	
	
	
{"id":18003,"date":"2025-08-11T16:28:55","date_gmt":"2025-08-11T14:28:55","guid":{"rendered":"https:\/\/www.grintoura.fr\/product\/tignes-equitation\/"},"modified":"2025-08-11T16:33:50","modified_gmt":"2025-08-11T14:33:50","slug":"tignes-equitation","status":"publish","type":"product","link":"https:\/\/www.grintoura.fr\/en\/product\/tignes-equitation\/","title":{"rendered":"Tignes \u00e9quitation"},"content":{"rendered":"<p><strong>Centre \u00e9questre de tignes<\/strong><br \/>\nBalades \u00e0 cheval,<br \/>\nEnseignement,<br \/>\nAnimation poneys,<br \/>\n3 ans \u00e0 99 ans,<br \/>\nSur r\u00e9servation<\/p>\n<p>+33 6 07 90 89 69<\/p>\n<p>tignesequitation@gmail.com<\/p>\n<p>&nbsp;<\/p>","protected":false},"excerpt":{"rendered":"<p>Centre \u00e9questre de tignes Balades \u00e0 cheval, Enseignement, Animation poneys, 3 ans \u00e0 99 ans, Sur r\u00e9servation +33 6 07 90 89 69 tignesequitation@gmail.com &nbsp;<\/p>","protected":false},"featured_media":0,"template":"","meta":[],"product_cat":[21],"product_tag":[],"_links":{"self":[{"href":"https:\/\/www.grintoura.fr\/en\/wp-json\/wp\/v2\/product\/18003"}],"collection":[{"href":"https:\/\/www.grintoura.fr\/en\/wp-json\/wp\/v2\/product"}],"about":[{"href":"https:\/\/www.grintoura.fr\/en\/wp-json\/wp\/v2\/types\/product"}],"wp:attachment":[{"href":"https:\/\/www.grintoura.fr\/en\/wp-json\/wp\/v2\/media?parent=18003"}],"wp:term":[{"taxonomy":"product_cat","embeddable":true,"href":"https:\/\/www.grintoura.fr\/en\/wp-json\/wp\/v2\/product_cat?post=18003"},{"taxonomy":"product_tag","embeddable":true,"href":"https:\/\/www.grintoura.fr\/en\/wp-json\/wp\/v2\/product_tag?post=18003"}],"curies":[{"name":"wp","href":"https:\/\/api.w.org\/{rel}","templated":true}]}}