	
	
	
	
{"id":17977,"date":"2025-08-09T17:01:18","date_gmt":"2025-08-09T15:01:18","guid":{"rendered":"https:\/\/www.grintoura.fr\/product\/pizzissime\/"},"modified":"2025-08-09T17:03:21","modified_gmt":"2025-08-09T15:03:21","slug":"pizzissime","status":"publish","type":"product","link":"https:\/\/www.grintoura.fr\/en\/product\/pizzissime\/","title":{"rendered":"Pizzissime !"},"content":{"rendered":"<p><em><strong>Pizzissime!<\/strong><\/em><\/p>\n<p>Pizza place. La remorque pizzeria de Val de Chaise<\/p>\n<p>OPEN du mardi soir au dimanche soir !<\/p>\n<p>Pour commander, c&rsquo;est au t\u00e9l\u00e9phone : 0628184748\u00a0&#8230;\u260e\ufe0f<\/p>\n<p>&nbsp;<\/p>\n<p>Une farine bio du Moulin Marion, les fromages de Gaec Les D\u00e9lices Savoyards, les salaisons et charcuteries de la Maison Baud&#8230;<\/p>\n<p>Des bi\u00e8res bio de la Brasserie L&rsquo;Alchimie, des vins bio de diff\u00e9rentes r\u00e9gions.<\/p>\n<p>&nbsp;<\/p>\n<p>&nbsp;<\/p>","protected":false},"excerpt":{"rendered":"<p>Pizzissime! Pizza place. La remorque pizzeria de Val de Chaise OPEN du mardi soir au dimanche soir ! Pour commander, c&rsquo;est au t\u00e9l\u00e9phone : 0628184748\u00a0&#8230;\u260e\ufe0f &nbsp; Une farine bio du Moulin Marion, les fromages de Gaec Les D\u00e9lices Savoyards, les salaisons et charcuteries de la Maison Baud&#8230; Des bi\u00e8res bio de la Brasserie L&rsquo;Alchimie, des [&hellip;]<\/p>","protected":false},"featured_media":0,"template":"","meta":[],"product_cat":[21],"product_tag":[],"_links":{"self":[{"href":"https:\/\/www.grintoura.fr\/en\/wp-json\/wp\/v2\/product\/17977"}],"collection":[{"href":"https:\/\/www.grintoura.fr\/en\/wp-json\/wp\/v2\/product"}],"about":[{"href":"https:\/\/www.grintoura.fr\/en\/wp-json\/wp\/v2\/types\/product"}],"wp:attachment":[{"href":"https:\/\/www.grintoura.fr\/en\/wp-json\/wp\/v2\/media?parent=17977"}],"wp:term":[{"taxonomy":"product_cat","embeddable":true,"href":"https:\/\/www.grintoura.fr\/en\/wp-json\/wp\/v2\/product_cat?post=17977"},{"taxonomy":"product_tag","embeddable":true,"href":"https:\/\/www.grintoura.fr\/en\/wp-json\/wp\/v2\/product_tag?post=17977"}],"curies":[{"name":"wp","href":"https:\/\/api.w.org\/{rel}","templated":true}]}}