	
	
	
	
{"id":17583,"date":"2025-06-26T23:18:06","date_gmt":"2025-06-26T21:18:06","guid":{"rendered":"https:\/\/www.grintoura.fr\/product\/lou-cabistou-brasserie-distillerie\/"},"modified":"2025-06-26T23:18:06","modified_gmt":"2025-06-26T21:18:06","slug":"lou-cabistou-brasserie-distillerie","status":"publish","type":"product","link":"https:\/\/www.grintoura.fr\/en\/product\/lou-cabistou-brasserie-distillerie\/","title":{"rendered":"Lou Cabistou \u2013 Brasserie Distillerie"},"content":{"rendered":"<p>Amoureux du terroir Ard\u00e9chois, c&rsquo;est avec passions que je brasse des bi\u00e8res artisanales plein de saveurs et de caract\u00e8res.<br \/>\nJe r\u00e9alise \u00e9galement des distillations dans un petit alambic en cuivre type charentais, et vous propose donc du rhum et du gin distill\u00e9 par mes soins<\/p>","protected":false},"excerpt":{"rendered":"<p>Amoureux du terroir Ard\u00e9chois, c&rsquo;est avec passions que je brasse des bi\u00e8res artisanales plein de saveurs et de caract\u00e8res. Je r\u00e9alise \u00e9galement des distillations dans un petit alambic en cuivre type charentais, et vous propose donc du rhum et du gin distill\u00e9 par mes soins<\/p>","protected":false},"featured_media":0,"template":"","meta":[],"product_cat":[21],"product_tag":[],"_links":{"self":[{"href":"https:\/\/www.grintoura.fr\/en\/wp-json\/wp\/v2\/product\/17583"}],"collection":[{"href":"https:\/\/www.grintoura.fr\/en\/wp-json\/wp\/v2\/product"}],"about":[{"href":"https:\/\/www.grintoura.fr\/en\/wp-json\/wp\/v2\/types\/product"}],"wp:attachment":[{"href":"https:\/\/www.grintoura.fr\/en\/wp-json\/wp\/v2\/media?parent=17583"}],"wp:term":[{"taxonomy":"product_cat","embeddable":true,"href":"https:\/\/www.grintoura.fr\/en\/wp-json\/wp\/v2\/product_cat?post=17583"},{"taxonomy":"product_tag","embeddable":true,"href":"https:\/\/www.grintoura.fr\/en\/wp-json\/wp\/v2\/product_tag?post=17583"}],"curies":[{"name":"wp","href":"https:\/\/api.w.org\/{rel}","templated":true}]}}