	
	
	
	
{"id":17469,"date":"2025-06-12T22:18:32","date_gmt":"2025-06-12T20:18:32","guid":{"rendered":"https:\/\/www.grintoura.fr\/product\/domaine-de-la-perinne\/"},"modified":"2025-06-12T22:18:32","modified_gmt":"2025-06-12T20:18:32","slug":"domaine-de-la-perinne","status":"publish","type":"product","link":"https:\/\/www.grintoura.fr\/en\/product\/domaine-de-la-perinne\/","title":{"rendered":"Domaine de la Perinne"},"content":{"rendered":"<p>Situ\u00e9 entre la Loire et l&rsquo;Allier, le domaine de la Perrine s&rsquo;\u00e9tend sur la commune de Livry, au sud de la Ni\u00e8vre. Occupant une superficie de 3 hectares, ce vignoble est implant\u00e9 sur des sols argilo-calcaires, id\u00e9aux pour une viticulture biologique, et surplombe le Val d&rsquo;Allier. Les vignes sont compos\u00e9es de c\u00e9pages chardonnay et pinot noir, produisant des vins nivernais disponibles en trois vari\u00e9t\u00e9s : le \u00ab\u00a0Domaine La Perrine\u00a0\u00bb en rouge, blanc et ros\u00e9. Bien que modeste en taille, ce vignoble offre des ar\u00f4mes d&rsquo;une grande richesse.<\/p>\n<p>Des visites du domaine sont organis\u00e9es par l&rsquo;office de tourisme de Saint-Pierre-le-Mo\u00fbtier.<\/p>\n<p>&nbsp;<\/p>\n<p>06 18 91 20 52<\/p>\n<p>&nbsp;<\/p>","protected":false},"excerpt":{"rendered":"<p>Situ\u00e9 entre la Loire et l&rsquo;Allier, le domaine de la Perrine s&rsquo;\u00e9tend sur la commune de Livry, au sud de la Ni\u00e8vre. Occupant une superficie de 3 hectares, ce vignoble est implant\u00e9 sur des sols argilo-calcaires, id\u00e9aux pour une viticulture biologique, et surplombe le Val d&rsquo;Allier. Les vignes sont compos\u00e9es de c\u00e9pages chardonnay et pinot [&hellip;]<\/p>","protected":false},"featured_media":0,"template":"","meta":[],"product_cat":[21],"product_tag":[],"_links":{"self":[{"href":"https:\/\/www.grintoura.fr\/en\/wp-json\/wp\/v2\/product\/17469"}],"collection":[{"href":"https:\/\/www.grintoura.fr\/en\/wp-json\/wp\/v2\/product"}],"about":[{"href":"https:\/\/www.grintoura.fr\/en\/wp-json\/wp\/v2\/types\/product"}],"wp:attachment":[{"href":"https:\/\/www.grintoura.fr\/en\/wp-json\/wp\/v2\/media?parent=17469"}],"wp:term":[{"taxonomy":"product_cat","embeddable":true,"href":"https:\/\/www.grintoura.fr\/en\/wp-json\/wp\/v2\/product_cat?post=17469"},{"taxonomy":"product_tag","embeddable":true,"href":"https:\/\/www.grintoura.fr\/en\/wp-json\/wp\/v2\/product_tag?post=17469"}],"curies":[{"name":"wp","href":"https:\/\/api.w.org\/{rel}","templated":true}]}}